{"id":45,"date":"2015-01-14T14:40:45","date_gmt":"2015-01-14T13:40:45","guid":{"rendered":"https:\/\/d.th-nuernberg.de\/vk\/?page_id=45"},"modified":"2015-03-31T23:30:18","modified_gmt":"2015-03-31T22:30:18","slug":"kontakt","status":"publish","type":"page","link":"https:\/\/d.th-nuernberg.de\/vk\/kontakt\/","title":{"rendered":"Kontakt &amp; Impressum"},"content":{"rendered":"<h4 class=\"Body\">Kontakt<\/h4>\n<p class=\"Body\" style=\"padding-left: 60px\">Prof. Dr. Max Ackermann<\/p>\n<p class=\"Body\" style=\"padding-left: 60px\">Fakult\u00e4t Design<\/p>\n<p class=\"Body\" style=\"padding-left: 60px\">Technische Hochschule N\u00fcrnberg &#8211; Georg Simon Ohm<\/p>\n<p class=\"Body\" style=\"padding-left: 60px\">Nuremberg Institute of Technology<\/p>\n<p class=\"Body\" style=\"padding-left: 60px\">Wassertorstra\u00dfe 10\/ WG 215<\/p>\n<p class=\"Body\" style=\"padding-left: 60px\">D-90489 N\u00fcrnberg<\/p>\n<p class=\"Body\" style=\"padding-left: 60px\">E-Mail:\u00a0\u00a0max.ackermann [bei] th-nuernberg.de<\/p>\n<p class=\"Body\" style=\"padding-left: 60px\"><em>&#8230; oder &#8230;<\/em><\/p>\n<p class=\"Body\" style=\"padding-left: 60px\">via Sekretariat:<\/p>\n<p class=\"Body\" style=\"padding-left: 60px\">E-Mail: d-sekretariat\u00a0[bei]\u00a0th-nuernberg.de<\/p>\n<p class=\"Body\" style=\"padding-left: 60px\">Tel. ++49 (0)911 5880 &#8211; 2690<\/p>\n<p class=\"Body\" style=\"padding-left: 60px\">FAX\u00a0++49-(0)911- 5880 &#8211; 6696<\/p>\n<hr \/>\n<h4 class=\"paragraph_style\">Dank<\/h4>\n<p class=\"Body\" style=\"padding-left: 60px\"><em>Ich danke &#8230;<\/em><\/p>\n<p class=\"Body\" style=\"padding-left: 60px\"><em>&#8230; <strong>meinen Kollegen an der Fakult\u00e4t Design<\/strong> f\u00fcr Professionalit\u00e4t und Freundlichkeit, Wissen, Inspiration, Hilfe und Zusammenarbeit. Und daf\u00fcr, dass die Summe mehr ist als die Teile.<\/em><\/p>\n<p class=\"Body\" style=\"padding-left: 60px\"><em>Dank geht auch an <strong>meine Studierenden<\/strong>, die das, was es hier darzustellen gilt, durch ihre Arbeit und ihre Arbeiten erst erm\u00f6glicht haben.<\/em><\/p>\n<p class=\"Body\" style=\"padding-left: 60px\"><em>Und dann sind da noch die <strong>Fotografen<\/strong>\u00a0<a title=\"http:\/\/www.marcodirr.de\/\" href=\"http:\/\/www.marcodirr.de\/\">Marco Dirr<\/a>\u00a0und\u00a0<a title=\"http:\/\/www.nuermberger.com\/\" href=\"http:\/\/www.nuermberger.com\/\">Felix N\u00fcrmberger<\/a>, die einige Bilder beisteuerten. <strong>Weiteres Bildmaterial<\/strong> stammt von\u00a0<a title=\"http:\/\/www.reinhard-thomas.de\/\" href=\"http:\/\/www.reinhard-thomas.de\/\">Reinhard Thomas<\/a>\u00a0und\u00a0Prof. Peter Kr\u00fcll und Prof. Christine Albert, von\u00a0<a title=\"http:\/\/nanuknanuk.blogspot.de\/p\/kontakt.html\" href=\"http:\/\/nanuknanuk.blogspot.de\/p\/kontakt.html\">Philipp Dittmar<\/a>,\u00a0<a title=\"http:\/\/www.spielhof.com\/\" href=\"http:\/\/www.spielhof.com\/\">Asuka Gr\u00fcn und Marina Friedrich<\/a>. Auch sie seien bedankt.<\/em><\/p>\n","protected":false},"excerpt":{"rendered":"<p>Kontakt Prof. Dr. Max Ackermann Fakult\u00e4t Design Technische Hochschule N\u00fcrnberg &#8211; Georg Simon Ohm Nuremberg Institute of Technology Wassertorstra\u00dfe 10\/ WG 215 D-90489 N\u00fcrnberg E-Mail:\u00a0\u00a0max.ackermann [bei] th-nuernberg.de &#8230; oder &#8230; via Sekretariat: E-Mail: d-sekretariat\u00a0[bei]\u00a0th-nuernberg.de Tel. ++49 (0)911 5880 &#8211; 2690 FAX\u00a0++49-(0)911- 5880 &#8211; 6696 Dank Ich danke &#8230; &#8230; meinen Kollegen an der Fakult\u00e4t Design&hellip;<\/p>\n","protected":false},"author":2,"featured_media":0,"parent":0,"menu_order":0,"comment_status":"closed","ping_status":"closed","template":"","meta":{"jetpack_post_was_ever_published":false,"footnotes":""},"class_list":["post-45","page","type-page","status-publish","hentry","empty-entry-meta"],"jetpack_sharing_enabled":true,"jetpack_shortlink":"https:\/\/wp.me\/P5BUGZ-J","_links":{"self":[{"href":"https:\/\/d.th-nuernberg.de\/vk\/wp-json\/wp\/v2\/pages\/45","targetHints":{"allow":["GET"]}}],"collection":[{"href":"https:\/\/d.th-nuernberg.de\/vk\/wp-json\/wp\/v2\/pages"}],"about":[{"href":"https:\/\/d.th-nuernberg.de\/vk\/wp-json\/wp\/v2\/types\/page"}],"author":[{"embeddable":true,"href":"https:\/\/d.th-nuernberg.de\/vk\/wp-json\/wp\/v2\/users\/2"}],"replies":[{"embeddable":true,"href":"https:\/\/d.th-nuernberg.de\/vk\/wp-json\/wp\/v2\/comments?post=45"}],"version-history":[{"count":23,"href":"https:\/\/d.th-nuernberg.de\/vk\/wp-json\/wp\/v2\/pages\/45\/revisions"}],"predecessor-version":[{"id":611,"href":"https:\/\/d.th-nuernberg.de\/vk\/wp-json\/wp\/v2\/pages\/45\/revisions\/611"}],"wp:attachment":[{"href":"https:\/\/d.th-nuernberg.de\/vk\/wp-json\/wp\/v2\/media?parent=45"}],"curies":[{"name":"wp","href":"https:\/\/api.w.org\/{rel}","templated":true}]}}