{"id":43,"date":"2015-01-14T14:40:15","date_gmt":"2015-01-14T13:40:15","guid":{"rendered":"https:\/\/d.th-nuernberg.de\/vk\/?page_id=43"},"modified":"2015-05-29T14:19:29","modified_gmt":"2015-05-29T13:19:29","slug":"referenzen-statements","status":"publish","type":"page","link":"https:\/\/d.th-nuernberg.de\/vk\/referenzen-statements\/","title":{"rendered":"Referenzen &amp; Statements zu Verbaler Kommunikation"},"content":{"rendered":"<blockquote>\n<p class=\"Body\" style=\"padding-left: 30px\">\u201eDas ist das Vernuenftigste und Aufregendste, das ich seit langem uebers Design gelesen habe. Vielen Dank.\u201c<\/p>\n<\/blockquote>\n<p class=\"Body\" style=\"padding-left: 90px\"><a title=\"http:\/\/www.sagmeisterwalsh.com\/\" href=\"http:\/\/www.sagmeisterwalsh.com\/\">Stefan Sagmeister<\/a>, <em>Designer, New York, \u00fcber: WHO &#8211; das Magazin der Fakult\u00e4t Design, konkret: zum Themenheft\u00a0\u201ebut\u201c<\/em><\/p>\n<hr \/>\n<blockquote>\n<p class=\"Body\" style=\"padding-left: 30px\">\u201eIhr Fach klingt sehr interessant und ist f\u00fcr die Praxis\u00a0extrem sinnvoll! Sehr schade, dass es zu meiner Studienzeit kein vergleichbares Fach gab. Da m\u00f6chte man glatt noch mal studieren &#8230;\u201c<\/p>\n<\/blockquote>\n<p class=\"Body\" style=\"padding-left: 90px\">J\u00f6rg Liebeskind &#8211;\u00a0<em><a title=\"http:\/\/www.stilbezirk.de\/\" href=\"http:\/\/www.stilbezirk.de\/\">stilbezirk &#8211;\u00a0 Kreativagentur f\u00fcr Markenkommunikation<\/a><\/em><\/p>\n<hr style=\"padding-left: 30px\" \/>\n<blockquote>\n<p class=\"Body\" style=\"padding-left: 30px\">\u201e&#8230;. herzlichen Dank f\u00fcr die Einbeziehung meiner Person in den Mailverteiler und die Zusendung dieser reichhaltigen Zitat- und Quellensammlung. Ich bin ganz Ihrer Meinung, dass man das Erz\u00e4hlen auf gar keinen Fall den M\u00e4rchenonkeln \u00fcberlassen darf &#8230;\u201c<\/p>\n<\/blockquote>\n<p class=\"Body\" style=\"padding-left: 90px\">Martin Ellrodt &#8211; <em>\u201eWorld Storytelling Day. A global celebration of storytelling\u201c<\/em><\/p>\n<hr \/>\n<blockquote>\n<p class=\"Body\" style=\"padding-left: 30px\">\u201eDas Modul Verbale Kommunikation schl\u00e4gt eine echte Br\u00fccke zwischen Lehre und Praxis. &#8211; Die Studierenden recherchieren unter Anleitung von Prof. Ackermann zu aktuellen gesellschaftlichen, kulturellen oder wirtschaftlichen Themen und haben dabei alle Freiheiten, um motiviert und eigenst\u00e4ndig zu arbeiten. Die Imagetexte, aber auch die Artikel und Interviews, die mit der und f\u00fcr die Zentrifuge entstanden sind, k\u00f6nnen sich durchweg sehen bzw. lesen lassen. Und: Wir freuen uns auf hoffentlich noch viele gemeinsame Projekte.&#8220;<\/p>\n<\/blockquote>\n<p class=\"Body\" style=\"padding-left: 90px\">Michael Schels, <em>Vorstand von Zentrifuge e.V., Chefredakteur des Zentrifuge Magazins PILOT und des Kreativblogs\u00a0<a title=\"http:\/\/on-index.de\/\" href=\"http:\/\/on-index.de\/\">ON-Index<\/a><\/em><\/p>\n","protected":false},"excerpt":{"rendered":"<p>\u201eDas ist das Vernuenftigste und Aufregendste, das ich seit langem uebers Design gelesen habe. Vielen Dank.\u201c Stefan Sagmeister, Designer, New York, \u00fcber: WHO &#8211; das Magazin der Fakult\u00e4t Design, konkret: zum Themenheft\u00a0\u201ebut\u201c \u201eIhr Fach klingt sehr interessant und ist f\u00fcr die Praxis\u00a0extrem sinnvoll! Sehr schade, dass es zu meiner Studienzeit kein vergleichbares Fach gab. Da&hellip;<\/p>\n","protected":false},"author":2,"featured_media":0,"parent":0,"menu_order":0,"comment_status":"closed","ping_status":"closed","template":"","meta":{"jetpack_post_was_ever_published":false,"footnotes":""},"class_list":["post-43","page","type-page","status-publish","hentry","empty-entry-meta"],"jetpack_sharing_enabled":true,"jetpack_shortlink":"https:\/\/wp.me\/P5BUGZ-H","_links":{"self":[{"href":"https:\/\/d.th-nuernberg.de\/vk\/wp-json\/wp\/v2\/pages\/43","targetHints":{"allow":["GET"]}}],"collection":[{"href":"https:\/\/d.th-nuernberg.de\/vk\/wp-json\/wp\/v2\/pages"}],"about":[{"href":"https:\/\/d.th-nuernberg.de\/vk\/wp-json\/wp\/v2\/types\/page"}],"author":[{"embeddable":true,"href":"https:\/\/d.th-nuernberg.de\/vk\/wp-json\/wp\/v2\/users\/2"}],"replies":[{"embeddable":true,"href":"https:\/\/d.th-nuernberg.de\/vk\/wp-json\/wp\/v2\/comments?post=43"}],"version-history":[{"count":12,"href":"https:\/\/d.th-nuernberg.de\/vk\/wp-json\/wp\/v2\/pages\/43\/revisions"}],"predecessor-version":[{"id":690,"href":"https:\/\/d.th-nuernberg.de\/vk\/wp-json\/wp\/v2\/pages\/43\/revisions\/690"}],"wp:attachment":[{"href":"https:\/\/d.th-nuernberg.de\/vk\/wp-json\/wp\/v2\/media?parent=43"}],"curies":[{"name":"wp","href":"https:\/\/api.w.org\/{rel}","templated":true}]}}