{"id":20,"date":"2015-01-14T14:08:24","date_gmt":"2015-01-14T13:08:24","guid":{"rendered":"https:\/\/d.th-nuernberg.de\/vk\/?page_id=20"},"modified":"2021-10-16T23:45:10","modified_gmt":"2021-10-16T22:45:10","slug":"spaetere-praxis","status":"publish","type":"page","link":"https:\/\/d.th-nuernberg.de\/vk\/spaetere-praxis\/","title":{"rendered":"Tell me about that &#8211; Verbale Kommunikation in der Praxis"},"content":{"rendered":"<div class=\"style_SkipStroke shape-with-text flowDefining\">\n<div class=\"text-content style_External_320_3169\">\n<div class=\"style\">\n<h4 class=\"paragraph_style\">Ein paar einfache Fragen, aber nicht ganz so leicht zu beantworten &#8230;<\/h4>\n<div class=\"mce_boxed\">\n<p class=\"Body\" style=\"padding-left: 30px;text-align: center\"><strong>&#8222;Was ist das: <a title=\"Verbale Kommunikation\" href=\"https:\/\/d.th-nuernberg.de\/vk\/verbale-kommunikation\/\">Verbale Kommunikation<\/a>?\u201c<\/strong><\/p>\n<p class=\"Body\" style=\"padding-left: 30px;text-align: center\">&#8222;<strong>Was l\u00e4sst sich damit anstellen?\u201c<\/strong><\/p>\n<p class=\"Body\" style=\"padding-left: 30px;text-align: center\"><strong>&#8222;Und was macht man sp\u00e4ter damit?\u201c<\/strong><\/p>\n<\/div>\n<p>&nbsp;<\/p>\n<p class=\"Body\" style=\"padding-left: 30px\">Diese Fragen sind simpel, aber berechtigt.<\/p>\n<p class=\"Body\" style=\"padding-left: 30px\">Derlei Grundfragen sind einfach, die Antworten aber sind es &#8230; ganz und gar nicht.<\/p>\n<p class=\"Body\" style=\"padding-left: 30px\">Allerdings versprechen sie &#8211; hat man sie erst einmal bekommen &#8211; ein enormes Potenzial.<\/p>\n<p class=\"Body\" style=\"padding-left: 30px\">Um sich diesem Potenzial zu n\u00e4hern, dazu dient &#8230;<\/p>\n<h3 class=\"paragraph_style\" style=\"text-align: center\"><span class=\"mce_big\">Tell me about that &#8211;<br \/>\nVerbale Kommunikation<br \/>\nin der Praxis<\/span><\/h3>\n<p>&nbsp;<\/p>\n<p class=\"Body\" style=\"padding-left: 30px\">&#8230; ist ein auf mehrere Jahre hin angelegtes <strong>Forschungs-Projekt<\/strong> zu Gegenwart und <strong>Zukunft des gesamten Berufs- und Arbeitsfeldes \u201eVerbale Kommunikation\u201c<\/strong> &#8211; und das innerhalb wie au\u00dferhalb des Design-Kontextes, ganz nah an der Design-Praxis oder ein wenig ferner, aber doch in Auseinandersetzung damit, etwa im Hinblick auf die Bereiche Medien, Literatur und Journalismus, \u00d6ffentlichkeitsarbeit und Werbung.<\/p>\n<p class=\"Body\" style=\"padding-left: 30px\">Insofern ist dieses Projekt Forschung. Es ist aber auch ein Teil der Designlehre.<\/p>\n<p class=\"Body\" style=\"padding-left: 30px\">Das hei\u00dft, es ist <strong>Angewandte Forschung<\/strong> und <strong>Angewandte Lehre<\/strong>.<\/p>\n<h4 class=\"paragraph_style\">Ausf\u00fchrliche Interviews mit Praktikern<\/h4>\n<p class=\"Body\" style=\"padding-left: 30px\">In ausf\u00fchrlichen, <em>qualitativen Interviews<\/em> kl\u00e4ren Studierende viele Teil-Fragen:<\/p>\n<div class=\"mce_boxed\" style=\"padding-left: 30px\">\n<p class=\"Body\" style=\"padding-left: 30px\">Was wird gearbeitet? Und wie?<\/p>\n<p class=\"Body\" style=\"padding-left: 30px\">Wie lebt man damit? Und davon?<\/p>\n<p class=\"Body\" style=\"padding-left: 30px\">Wie kommt man dorthin? Und: Was braucht es daf\u00fcr?<\/p>\n<p class=\"Body\" style=\"padding-left: 30px\">Was hat das mit Design zu tun?<\/p>\n<p class=\"Body\" style=\"padding-left: 30px\">Was auch mit verschiedenen Darstellungsmedien: etwa Illustration und Interaktionsdesign, Fotografie, CAST, Film und vielen anderen?<\/p>\n<p class=\"Body\" style=\"padding-left: 30px\">Welche Verbindungen und Erg\u00e4nzungen gibt es da?<\/p>\n<p class=\"Body\" style=\"padding-left: 30px\">Was hat sich ver\u00e4ndert?<\/p>\n<p class=\"Body\" style=\"padding-left: 30px\">Und was wird sich &#8211; wahrscheinlich &#8211; noch weiter ver\u00e4ndern?<\/p>\n<p class=\"Body\" style=\"padding-left: 30px\">Denn: Wie sieht das wohl in der n\u00e4heren und ferneren Zukunft aus?<\/p>\n<p class=\"Body\" style=\"padding-left: 30px\">Was sind Einfluss-Faktoren?<\/p>\n<p class=\"Body\" style=\"padding-left: 30px\">Und was bedeutet das f\u00fcr Arbeitsweisen und Workflow, Gattungen und Genres, Medien und Techniken?<\/p>\n<p class=\"Body\" style=\"padding-left: 30px\">Oder: &#8230; f\u00fcr das Denken, f\u00fcr Wissen und Erfahrungen, die n\u00f6tig sind, oder einmal wichtig sein werden?<\/p>\n<\/div>\n<h4 class=\"paragraph_style\">Erfahrungsberichte und Statements<\/h4>\n<p class=\"Body\" style=\"padding-left: 30px\">Das Projekt \u201eTell me about that &#8211; Verbale Kommunikation in der Praxis\u201c sammelt Aussagen von Textern, Journalisten und Autoren &#8230; und vielen anderen mehr, in deren Arbeitsalltag Sprache und Sprechen eine wichtige Rolle spielen.<\/p>\n<p class=\"Body\" style=\"padding-left: 30px\">Also &#8230;<\/p>\n<p class=\"Body\" style=\"padding-left: 30px\"><strong>Erfahrungsberichte und Statements<\/strong> von Werbetextern, Creative und Art Direktoren, von Konzept-Entwicklern, Marken-Kommunikatoren, Namens-Erfindern und Agenturchefs, von \u00d6ffentlichkeitsarbeitern und Ghostwritern, von Rechercheuren, Reportern und Redakteuren, aber auch von Schriftstellern und Dichtern, Poetry Slammern und Songwritern, von Literaturagenten, Lektoren und Verlagsleitern, von Buch- und Magazin-Gestaltern, von sprach-sensiblen Grafik Designern und Typografen, von schreibenden Fotografen und Illustratoren, von Comic-Szenaristen, Gag-Schreibern, Comedians und Kabarettisten, von Dramaturgen und anderen Theaterleuten, Radio-, Film- und Fernsehmachern, Drehbuchautoren, Regisseuren und Produzenten, von Game-Enwicklern, von Transmedia-Erz\u00e4hlern und World Building-Experten, von \u00dcbersetzern und Spezialisten der interkulturellen Kommunikation, von Psychologen, Kommunikations-, Sprach- und Medienwissenschaftlern und vielen vielen mehr.<\/p>\n<h4 class=\"paragraph_style\">Das Projekt &#8211; und seine drei Aufgaben<\/h4>\n<p class=\"Body\" style=\"padding-left: 30px\">Erstens &#8230;<\/p>\n<p class=\"Body\" style=\"padding-left: 30px\">&#8230; zeigt das Projekt, <strong>wie viel und wie viel Verschiedenes Verbale Kommunikation leisten kann<\/strong> und &#8211; oft unerkannt &#8211; schon leistet. In diesem Falle zeigt es aber auch <strong>Nischen, Kombinationen und Variationen des Berufsfeldes und seiner Zug\u00e4nge<\/strong>.<\/p>\n<p class=\"Body\" style=\"padding-left: 30px\">Zweitens &#8230;<\/p>\n<p class=\"Body\" style=\"padding-left: 30px\">&#8230; &#8211; und das ist durchaus erheblich &#8211; dient das Projekt der <strong>Forschung<\/strong> und der <strong>andauernden Aktualisierung des Faches<\/strong>, ist also im besten Sinne: Angewandte Wissenschaft.<\/p>\n<p class=\"Body\" style=\"padding-left: 30px\">Und Drittens &#8230;<\/p>\n<p class=\"Body\" style=\"padding-left: 30px\">&#8230; entstehen &#8211; neben geplanten wissenschaftlichen Arbeiten zum Themenfeld &#8211; auch <strong>studentische Arbeiten<\/strong> dazu, genauer: <strong>eigene H\u00f6r-Dokumentationen<\/strong>, Dokumentationen des Zuh\u00f6rens, jeweils 15 Minuten lang. Die anschaulich, besser noch:\u00a0<span class=\"style_1\">anh\u00f6rbar<\/span>\u00a0machen, worum es geht.<\/p>\n<h4 class=\"paragraph_style\">Audio-Features &#8211; als Form der Pr\u00e4sentation und Teil der Lehre<\/h4>\n<p class=\"Body\" style=\"padding-left: 30px\">Solche Audio-Features k\u00f6nnen Sachverhalte anders vermitteln als das eine wissenschaftliche Analyse k\u00f6nnte.<\/p>\n<p class=\"Body\" style=\"padding-left: 30px\">In diesem Sinne sind sie: <strong>aufbereitete <\/strong>und<strong> gestaltete Information, kondensierte Erfahrung <\/strong>und<strong> eing\u00e4ngige Wissensvermittlung <\/strong>im Sinne des<strong> Storytelling<\/strong>.<\/p>\n<p class=\"Body\" style=\"padding-left: 30px\">Und:<\/p>\n<p class=\"Body\" style=\"padding-left: 30px\">W\u00e4hrend die Studierenden an ihren Audio-Features arbeiten, lernen sie <strong>journalistische und narrative Techniken<\/strong>, Themen zu interpretieren, besser zu recherchieren, Kontakte zu kn\u00fcpfen, Interviews zu f\u00fchren, <strong>f\u00fcrs H\u00f6ren zu schreiben<\/strong>, <strong>mit gesprochenem Wort, fremden Meinungen und fremder Sprache umzugehen<\/strong>, <strong>Wissen spannend zu gestalten<\/strong> und vieles mehr vom <strong>Projektmanagement<\/strong> \u00fcber <strong>Pr\u00e4sentation<\/strong> und <strong>Rhetorik<\/strong> bis hin zum <strong>Sound Design<\/strong>.<\/p>\n<p class=\"Body\" style=\"padding-left: 30px\">Unter &#8222;Features&#8220; finden sich Beispiele, jeweils aus dem dritten Semester Verbale Kommunikation &#8230;<\/p>\n<\/div>\n<\/div>\n<\/div>\n<div id=\"id2\" class=\"style_SkipStroke_2 shape-with-text\"><\/div>\n","protected":false},"excerpt":{"rendered":"<p>Ein paar einfache Fragen, aber nicht ganz so leicht zu beantworten &#8230; &#8222;Was ist das: Verbale Kommunikation?\u201c &#8222;Was l\u00e4sst sich damit anstellen?\u201c &#8222;Und was macht man sp\u00e4ter damit?\u201c &nbsp; Diese Fragen sind simpel, aber berechtigt. Derlei Grundfragen sind einfach, die Antworten aber sind es &#8230; ganz und gar nicht. Allerdings versprechen sie &#8211; hat man&hellip;<\/p>\n","protected":false},"author":2,"featured_media":0,"parent":0,"menu_order":0,"comment_status":"closed","ping_status":"open","template":"","meta":{"jetpack_post_was_ever_published":false,"footnotes":""},"class_list":["post-20","page","type-page","status-publish","hentry","empty-entry-meta"],"jetpack_sharing_enabled":true,"jetpack_shortlink":"https:\/\/wp.me\/P5BUGZ-k","_links":{"self":[{"href":"https:\/\/d.th-nuernberg.de\/vk\/wp-json\/wp\/v2\/pages\/20","targetHints":{"allow":["GET"]}}],"collection":[{"href":"https:\/\/d.th-nuernberg.de\/vk\/wp-json\/wp\/v2\/pages"}],"about":[{"href":"https:\/\/d.th-nuernberg.de\/vk\/wp-json\/wp\/v2\/types\/page"}],"author":[{"embeddable":true,"href":"https:\/\/d.th-nuernberg.de\/vk\/wp-json\/wp\/v2\/users\/2"}],"replies":[{"embeddable":true,"href":"https:\/\/d.th-nuernberg.de\/vk\/wp-json\/wp\/v2\/comments?post=20"}],"version-history":[{"count":52,"href":"https:\/\/d.th-nuernberg.de\/vk\/wp-json\/wp\/v2\/pages\/20\/revisions"}],"predecessor-version":[{"id":2096,"href":"https:\/\/d.th-nuernberg.de\/vk\/wp-json\/wp\/v2\/pages\/20\/revisions\/2096"}],"wp:attachment":[{"href":"https:\/\/d.th-nuernberg.de\/vk\/wp-json\/wp\/v2\/media?parent=20"}],"curies":[{"name":"wp","href":"https:\/\/api.w.org\/{rel}","templated":true}]}}