{"id":160,"date":"2015-02-11T10:08:18","date_gmt":"2015-02-11T09:08:18","guid":{"rendered":"https:\/\/d.th-nuernberg.de\/vk\/?page_id=160"},"modified":"2018-02-24T23:41:29","modified_gmt":"2018-02-24T22:41:29","slug":"material-und-inspiration","status":"publish","type":"page","link":"https:\/\/d.th-nuernberg.de\/vk\/material-und-inspiration\/","title":{"rendered":"Material und Inspiration"},"content":{"rendered":"<div id=\"id3\" class=\"style_SkipStroke_1 shape-with-text\">\n<div class=\"text-content style_External_247_32\">\n<div class=\"style_1\">\n<div class=\"mce_boxed\">\n<h4 class=\"Body\"><strong><img fetchpriority=\"high\" decoding=\"async\" class=\"wp-image-761 aligncenter\" src=\"https:\/\/d.th-nuernberg.de\/vk\/wp-content\/uploads\/sites\/2\/2016\/04\/BW-IMG_0982-e1460312120653.jpg\" alt=\"BW-IMG_0982\" width=\"863\" height=\"647\" \/><\/strong><\/h4>\n<p class=\"Body\" style=\"padding-left: 60px\"><strong>Es gibt &#8230;<\/strong><\/p>\n<p class=\"Body\" style=\"padding-left: 60px\"><strong>viel zu lesen, <\/strong><\/p>\n<p class=\"Body\" style=\"padding-left: 60px\"><strong>viel zu entdecken, <\/strong><\/p>\n<p class=\"Body\" style=\"padding-left: 60px\"><strong>viel zu erfahren, <\/strong><\/p>\n<p class=\"Body\" style=\"padding-left: 60px\"><strong>viel zu wissen, <\/strong><\/p>\n<p class=\"Body\" style=\"padding-left: 60px\"><strong>viel zu \u00fcberdenken &#8230;<\/strong><\/p>\n<\/div>\n<p>In einer umfangreichen Datei, die ich Ihnen zur Verf\u00fcgung stelle, Ihnen w\u00e4rmstens empfehle und h\u00e4ufig voraussetze, finden sich &#8230;<\/p>\n<ul>\n<li class=\"Body\"><strong>Thesen<\/strong>,<\/li>\n<li class=\"Body\"><strong>Ideen<\/strong>,<\/li>\n<li class=\"Body\">kurze <strong>Zitate<\/strong>,<\/li>\n<li class=\"Body\"><strong>Links<\/strong> und <strong>Literatur<\/strong> &#8230;<\/li>\n<li class=\"Body\"><strong>Hinweise<\/strong> auf Schriftsteller, Dichter, Drehbuchautoren, Journalisten und Werber, auf Texte, Filme, Comics, Bilderb\u00fccher, Games etc. etc. etc. &#8230;<\/li>\n<li class=\"Body\">vielf\u00e4ltige <strong>Verweise<\/strong> auf Audio- und Video-Material &#8230;<\/li>\n<li class=\"Body\"><strong>Anregungen<\/strong> f\u00fcr das eigene Schreiben<\/li>\n<li class=\"Body\"><strong>Hintergr\u00fcnde<\/strong> und <strong>Kontexte<\/strong> zu Aufgaben<br \/>\n<h4 class=\"Body\"><\/h4>\n<\/li>\n<\/ul>\n<ul>\n<li class=\"Body\">auch &#8230;<strong> Kontakte<\/strong> und <strong>Tipps<\/strong>\u00a0 &#8230;<\/li>\n<\/ul>\n<p>&nbsp;<\/p>\n<div class=\"mce_boxed\">\n<p class=\"Body\" style=\"padding-left: 60px\">Und hier nun &#8230;<\/p>\n<p class=\"Body\" style=\"padding-left: 60px\">&#8230; der <strong>Passwort-gesch\u00fctzte Download eines entsprechenden pdf-Files<\/strong> &#8211; und zwar der jeweils aktuellsten Version &#8230;<\/p>\n<\/div>\n<div class=\"mce_button\">\n<div class=\"mce_boxed\">\n<p class=\"Body\" style=\"padding-left: 60px\"><a title=\"Material und Inspiration \u2013 PDF Download\" href=\"https:\/\/d.th-nuernberg.de\/vk\/studium\/material-und-inspiration\/material-und-inspiration-pdf-download\/\">Zum Download<\/a><\/p>\n<\/div>\n<\/div>\n<h4 class=\"Body\"><strong>Doch Achtung &#8230;<br \/>\n<\/strong><\/h4>\n<p class=\"Body\">Die Datei ist mit der Zeit gewachsen,<br \/>\numfasst mittlerweile schon mehrere hundert Seiten,<br \/>\nund w\u00e4chst noch weiter.<\/p>\n<p class=\"Body\">Und:<\/p>\n<p class=\"Body\"><strong>As always, &#8230; <\/strong><\/p>\n<p class=\"Body\"><strong><em>this is for educational purposes <\/em><\/strong><\/p>\n<p class=\"Body\"><strong><em>only.<\/em><\/strong><\/p>\n<p class=\"Body\">Viel Freude bei der Lekt\u00fcre!<\/p>\n<h4 class=\"Title\">11 Punkte<\/h4>\n<\/div>\n<\/div>\n<\/div>\n<div id=\"id4\" class=\"style_SkipStroke_2 shape-with-text\">\n<div class=\"text-content style_External_387_3169\">\n<div class=\"style\">\n<p class=\"paragraph_style\"><strong>&#8230; wie man mit diesem Material umgehen soll &#8230;<\/strong><\/p>\n<ol>\n<li class=\"Body\">Nun, man muss sich mit diesem Material besch\u00e4ftigen. &#8211; Wenn man \u201eVerbale Kommunikation\u201c studiert, f\u00fchrt kein Weg daran vorbei. Andererseits wird man daf\u00fcr belohnt, &#8230; auf viele Arten belohnt.<\/li>\n<li class=\"Body\">Nun, es dient der Lehre und Ihrem Lernen. Es ist f\u00fcr Sie \u2013 und Ihre Mit-Studierenden. Nicht f\u00fcr die Welt. Insofern ist es exklusiv. Und soll es bleiben.<\/li>\n<li class=\"Body\">Das Material liegt digital vor, ist aber <em>nicht<\/em> (!) f\u00fcr eine weitere Verbreitung ausgelegt. Das hei\u00dft: Es soll <em>nicht<\/em> (!) kopiert und weitergegeben werden, auch und gerade nicht von Ihnen. Das hat vor allem rechtliche Gr\u00fcnde, aber nicht nur, denn es ist meine Arbeit, die Sie da in H\u00e4nden halten. Sie dient ausschlie\u00dflich der Lehre an dieser Fakult\u00e4t. Sie dient Ihrem Fortkommen. Ich bitte also darum, immer und ausnahmslos so zu verfahren und das unbedingt zu ber\u00fccksichtigen.<\/li>\n<li class=\"Body\">Besagte Listen vermitteln unverzichtbare Lernerfahrungen f\u00fcr dieses Modul und sie sind Teil des Unterrichts. Sie weisen den Weg zu Beispielen, Wissen, Formen, Regeln, M\u00f6glichkeiten. Sie f\u00fchren zu einem professionellen Verst\u00e4ndnis und erm\u00f6glichen schon bald ein besseres und bewussteres Schreiben und Formulieren (f\u00fcr verschiedene Arbeitsfelder, verschiedene Zusammenh\u00e4nge, Medien, Gattungen und Genres).<\/li>\n<li class=\"Body\">&#8230; sollte man nie versuchen, all das auf einmal und zur G\u00e4nze lesen zu wollen. All das er\u00f6ffnet einen weiten Horizont und ist nichts, das man \u201emal eben schnell\u201c abarbeiten k\u00f6nnte. Daf\u00fcr ist es &#8230;<br \/>\na) gar nicht gedacht und &#8230;<br \/>\nb) ohnehin viel zu viel.<br \/>\nAlso:<br \/>\nJe nach Aufgabe, Thema, Interesse, Neigung oder Ziel &#8230; hier \u2013 sagen wir mal &#8211; zehn Artikel, dort vier B\u00fccher, noch zwei Aufs\u00e4tze, dann eine Website etc. und man kommt letztlich schneller voran.<\/li>\n<li class=\"Body\">Diese Listen zeigen Hintergr\u00fcnde, aber auch Schwierigkeiten. Und so verschaffen sie einem neben einem tieferen Verst\u00e4ndnis auch ein Bewusstsein f\u00fcr Probleme.<\/li>\n<li class=\"Body\">Sie zeigen, wie Aufgaben angegangen werden k\u00f6nnen.<\/li>\n<li class=\"Body\">Sie f\u00fchren Beispiele aus dem Arbeitsleben an und bieten viel: \u201eBest of Practice\u201c.<\/li>\n<li class=\"Body\">Sie sind wie eine Landschaft, in der man auf Entdeckungsreise gehen und Sch\u00e4tze finden kann, \u2013 wenn man nur ausreichend Geduld und Willen dazu hat und \u00fcberdies versteht, auch wahrzunehmen, was da f\u00fcr einen bereit liegt. Doch: Wer\u2019s nicht liest, wird\u2019s nicht finden. Und: Sich einmal zu verlaufen, ist ein geringeres Problem, als gar nicht erst loszugehen.<\/li>\n<li class=\"Body\">Das eigene Interesse ist ein guter Wegweiser. \u2013 Sie verfolgen ein eigenes Ziel? Dann suchen Sie sich m\u00f6glichst alles, also: so viel wie irgend m\u00f6glich (an Einblicken, Ermutigung, Erfahrungen, Kontakten, Helfern, Begriffen, Software, Mustern, Vorbildern und Moods) zusammen, um es zu erreichen. Vieles davon findet sich in diesen Listen. Eben das ist ihre St\u00e4rke.<\/li>\n<li class=\"Body\">Und:<br \/>\nIm Idealfall helfen Ihnen diese Listen auch noch lange nach Abschluss Ihres Studiums, etwa dabei, sich mit neuen Formen zu besch\u00e4ftigen, auf neue Ideen zu kommen, sich Unbekanntes zu erschlie\u00dfen oder auch mal gr\u00f6\u00dfere und schwierigere Projekte anzugehen &#8230; Denn: Man lernt nie aus.<\/li>\n<\/ol>\n<h4 class=\"paragraph_style\">6 Bemerkungen<\/h4>\n<p><strong>&#8230; wie dieses Material\u00a0gegliedert ist<\/strong><\/p>\n<ol>\n<li class=\"Body\">F\u00fcr jedes Semester des Moduls \u201eVerbale Kommunikation\u201c gibt es eine Einheit &#8211; z.B. jene f\u00fcr das zweite Semester, das ist w\u00f6rtlich &#8230;<br \/>\n\u201eVK \u2013 BA 2 \u2013<br \/>\nWahrnehmen, Analysieren, Gestalten<br \/>\n(Varianten und M\u00f6glichkeiten der Sprache, die wichtigsten Elemente der Sprachgestaltung in Relation zu Schrift, Bild und Raum &#8211; Sprache in Non Fiction und Fiction)\u201c<br \/>\nDort findet sich auch allerlei, das \u2013 aus Zeitgr\u00fcnden &#8211; im Unterricht leider nicht vertieft oder vielleicht sogar \u00fcberhaupt nicht aufgegriffen werden kann.<\/li>\n<li class=\"Body\">In diese Semester-Struktur gruppieren sich dann gr\u00f6\u00dfere Einheiten &#8230;<br \/>\nz.B. der Bereich<br \/>\n\u201eLiterarisches Schreiben &#8211; Fiction\u201c.<\/li>\n<li class=\"Body\">&#8230; darin sind dann Themenbl\u00f6cke platziert &#8230;<br \/>\nz.B. der<br \/>\n\u201eTHEMENBLOCK \u2014 Literarisches Schreiben &#8211; verschiedene Formen &#8211; von kurz bis lang\u201c.<\/li>\n<li class=\"Body\">Und diese Themenbl\u00f6cke wiederum sind in einzelne Kapitel unterteilt &#8230;<br \/>\nz.B. in das<br \/>\n\u201eKAPITEL &#8211; AUFGABE (THEMA) \u2013 AUFGABE (FORM) &#8211; Postcard Stories\u201c<\/li>\n<li class=\"Body\">Aber merke:<br \/>\nSolche Kapitel erf\u00fcllen jeweils verschiedene Zwecke. \u2013<br \/>\nEinige taugen &#8230;<br \/>\na) zur Wissensvermittlung, andere deuten hin auf &#8230;<br \/>\nb) Beispiele (z.B. f\u00fcr Werbespr\u00fcche, Comics, Reportagen, Interviews, Kindergeschichten, Audio-Features, Drehb\u00fccher etc. etc. etc.) und wieder andere erl\u00e4utern und unterst\u00fctzen &#8230;<br \/>\nc) bestimmte Aufgaben im Unterricht.<\/li>\n<li class=\"Body\">Die Kapitel sind immer auf die gleiche Weise gestaltet:<br \/>\nUnd zwar finden sich darin nacheinander &#8230;<br \/>\n\u201eZITATE UND IDEEN ZUR EINF\u00dcHRUNG\u201c,<br \/>\n\u201eLINKS\u201c und &#8230;<br \/>\n\u201eLITERATUR u. MEDIEN\u201c.<br \/>\nDie kurzen \u201eZITATE\u201c am Anfang jedes Kapitels zeigen verschiedene Aspekte, beg\u00fcnstigen das eigene Nachdenken, er\u00f6ffnen tiefere Einblicke und begr\u00fcnden Diskussionen. Auf die \u201eZITATE\u201c folgen dann die \u201eLINKS\u201c, die auf &#8211; schnell und leicht verf\u00fcgbare -Texte, Bilder und Filme im Netz aufmerksam machen. \u201e LITERATUR u. MEDIEN\u201c listet zuweilen auch im Netz verf\u00fcgbares Material auf, aber hier geht es vor allem um Essays, B\u00fccher, Filme, Audio-Features, Dokumentationen etc., die u.a. in Bibliotheken rezipiert werden k\u00f6nnen.<\/li>\n<\/ol>\n<\/div>\n<\/div>\n<\/div>\n","protected":false},"excerpt":{"rendered":"<p>Es gibt &#8230; viel zu lesen, viel zu entdecken, viel zu erfahren, viel zu wissen, viel zu \u00fcberdenken &#8230; In einer umfangreichen Datei, die ich Ihnen zur Verf\u00fcgung stelle, Ihnen w\u00e4rmstens empfehle und h\u00e4ufig voraussetze, finden sich &#8230; Thesen, Ideen, kurze Zitate, Links und Literatur &#8230; Hinweise auf Schriftsteller, Dichter, Drehbuchautoren, Journalisten und Werber, auf&hellip;<\/p>\n","protected":false},"author":1,"featured_media":0,"parent":0,"menu_order":0,"comment_status":"closed","ping_status":"closed","template":"","meta":{"jetpack_post_was_ever_published":false,"footnotes":""},"class_list":["post-160","page","type-page","status-publish","hentry","empty-entry-meta"],"jetpack_sharing_enabled":true,"jetpack_shortlink":"https:\/\/wp.me\/P5BUGZ-2A","_links":{"self":[{"href":"https:\/\/d.th-nuernberg.de\/vk\/wp-json\/wp\/v2\/pages\/160","targetHints":{"allow":["GET"]}}],"collection":[{"href":"https:\/\/d.th-nuernberg.de\/vk\/wp-json\/wp\/v2\/pages"}],"about":[{"href":"https:\/\/d.th-nuernberg.de\/vk\/wp-json\/wp\/v2\/types\/page"}],"author":[{"embeddable":true,"href":"https:\/\/d.th-nuernberg.de\/vk\/wp-json\/wp\/v2\/users\/1"}],"replies":[{"embeddable":true,"href":"https:\/\/d.th-nuernberg.de\/vk\/wp-json\/wp\/v2\/comments?post=160"}],"version-history":[{"count":24,"href":"https:\/\/d.th-nuernberg.de\/vk\/wp-json\/wp\/v2\/pages\/160\/revisions"}],"predecessor-version":[{"id":1116,"href":"https:\/\/d.th-nuernberg.de\/vk\/wp-json\/wp\/v2\/pages\/160\/revisions\/1116"}],"wp:attachment":[{"href":"https:\/\/d.th-nuernberg.de\/vk\/wp-json\/wp\/v2\/media?parent=160"}],"curies":[{"name":"wp","href":"https:\/\/api.w.org\/{rel}","templated":true}]}}