{"id":16,"date":"2015-01-14T14:06:16","date_gmt":"2015-01-14T13:06:16","guid":{"rendered":"https:\/\/d.th-nuernberg.de\/vk\/?page_id=16"},"modified":"2016-07-12T21:10:07","modified_gmt":"2016-07-12T20:10:07","slug":"lehrkonzept-verbale-kommunikation","status":"publish","type":"page","link":"https:\/\/d.th-nuernberg.de\/vk\/lehrkonzept-verbale-kommunikation\/","title":{"rendered":"Lehrkonzept"},"content":{"rendered":"<div id=\"id1\" class=\"style_SkipStroke shape-with-text\">\n<div class=\"text-content style_External_390_2720\">\n<div class=\"style\">\n<h3 class=\"paragraph_style\" style=\"text-align: left\">Was das so ist und sein kann,<br \/>\ndiese &#8222;Verbale Kommunikation&#8220;<em> \u2013<br \/>\nWarning: &#8222;Contains Language!&#8220;<\/em><\/h3>\n<div class=\"mce_motto\">\n<p><small><em>\u201eWriting is design\u201c\u00a0<\/em><\/small><\/p>\n<p style=\"padding-left: 30px\"><small><em>(<\/em>Steven Heller)<\/small><\/p>\n<p>&nbsp;<\/p>\n<p><small><em>\u201eDesigners must write.\u201c<\/em>\u00a0<\/small><\/p>\n<p style=\"padding-left: 30px\"><small>(Eric Karjaluoto, Creative Director)<\/small><\/p>\n<\/div>\n<h4 class=\"paragraph_style_1\">Was jetzt, wie jetzt &#8230; &#8222;Verbale Kommunikation&#8220;?<\/h4>\n<p class=\"Body\" style=\"padding-left: 30px\">Einerseits ist Verbale Kommunikation etwas ganz Selbstverst\u00e4ndliches; hat man Lesen und Schreiben doch l\u00e4ngst schon gelernt, Sprechen sowieso, vielleicht sogar die eine oder andere Sprache au\u00dfer der eigenen.<\/p>\n<p class=\"Body\" style=\"padding-left: 30px\">Auf der anderen Seite aber erahnt man einige R\u00e4tsel, h\u00f6here und andere Anforderungen, wenn es um den professionellen Einsatz von Sprache geht.<\/p>\n<p class=\"Body\" style=\"padding-left: 30px\">Und es k\u00f6nnte einen \u00fcberraschen, was das umfasst und bedeutet.<\/p>\n<hr \/>\n<h4 class=\"paragraph_style_1\">Sprache und Gestaltung<\/h4>\n<p class=\"Body\" style=\"padding-left: 30px\">Im Rahmen dieses Lehr- und Forschungsmoduls bedeutet <strong>Verbale Kommunikation<\/strong>:<\/p>\n<div class=\"mce_boxed\" style=\"padding-left: 30px\">\n<p class=\"Body\" style=\"padding-left: 90px\">Die <strong>Gestaltung\u00a0<span class=\"style_1\">mit<\/span>\u00a0Sprache<\/strong>,<br \/>\n<strong><span class=\"style_1\">durch<\/span>\u00a0sie<\/strong>,<br \/>\nja sogar\u00a0<strong><span class=\"style_1\">von\u00a0<\/span>Sprache selbst<\/strong>.<\/p>\n<\/div>\n<p class=\"Body\" style=\"padding-left: 30px\">&#8230; in allen Medien<\/p>\n<p class=\"Body\" style=\"padding-left: 30px\">&#8230; und &#8230;<\/p>\n<p class=\"Body\" style=\"padding-left: 30px\">f\u00fcr alle Medien.<\/p>\n<p class=\"Body\" style=\"padding-left: 30px\">Dabei ist es relevant, was das mit<strong> Denken, Wissen <\/strong>und<strong> Gef\u00fchlen<\/strong> zu tun hat, mit dem Verh\u00e4ltnis von<strong> Medien<\/strong> und<strong> Sinnen<\/strong>, mit<strong> Erwartungen<\/strong> und <strong>Haltungen<\/strong>, mit <strong>Ethik<\/strong> und immer wieder mit<strong> Design<\/strong>.<\/p>\n<hr \/>\n<h4 class=\"paragraph_style_1\">Sprache denken &#8211; zwischen Wissen und F\u00fchlen<\/h4>\n<p class=\"Body\" style=\"padding-left: 30px\">Oft spielt <strong>Sprache im Design<\/strong> eine entscheidende Rolle, sicher aber h\u00e4ufiger als f\u00fcr gemeinhin angenommen.<\/p>\n<p class=\"Body\" style=\"padding-left: 30px\">Meist hat sie mit <strong>Denken<\/strong> und <strong>Wissen<\/strong> zu tun.<\/p>\n<p class=\"Body\" style=\"padding-left: 30px\">Denn Briefing, Recherche und Informationsvermittlung sind vorrangig sprachlich. Teams kommunizieren so. Und Konzepte brauchen Begriffe.<\/p>\n<p class=\"Body\" style=\"padding-left: 30px\">Was einmal geschehen soll, wird vorerst nur beschrieben &#8211; und auf dieser Basis auch verhandelt, beurteilt, angenommen, abgelehnt oder ver\u00e4ndert &#8230; in Anschreiben, Pl\u00e4nen und Angeboten, in Pflichtenheften, Ideenskizzen und Anmerkungen, Loglines, Expos\u00e9s, Treatments, Storyboards, Regieanweisungen, Dreh- und Produktionsb\u00fcchern usw. usw.<\/p>\n<p class=\"Body\" style=\"padding-left: 30px\">In Sprache kann sich das eigene Selbstverst\u00e4ndnis ausdr\u00fccken, Professionalit\u00e4t und Kompetenz, Souver\u00e4nit\u00e4t im Umgang mit Kritik, Erfahrung und Wissen, Weitblick und Transferdenken, Gedankentiefe und Verst\u00e4ndnis.<\/p>\n<p class=\"Body\" style=\"padding-left: 30px\">Und <strong>Gef\u00fchle<\/strong>?<\/p>\n<p class=\"Body\" style=\"padding-left: 30px\">Kommunikation hat mit Psychologie zu tun und Sprache mit Emotion &#8230;<\/p>\n<p class=\"Body\" style=\"padding-left: 30px\">Gespr\u00e4che und Nachfragen, Interviews und Verhandlungen verlangen Sensibilit\u00e4t und Vertrauen, ein Gesp\u00fcr f\u00fcr Zwischent\u00f6ne und das Gegen\u00fcber, f\u00fcr Partner oder Gegner, Empathie und Konfliktbew\u00e4ltigung.<\/p>\n<p class=\"Body\" style=\"padding-left: 30px\">Und Pr\u00e4sentationen bed\u00fcrfen der Pr\u00e4senz wie der Rhetorik, zeigen Eloquenz und Leidenschaft.<\/p>\n<p class=\"Body\" style=\"padding-left: 30px\">Mit Sprache l\u00e4sst sich motivieren und demotivieren. Wir k\u00f6nnen mit ihr zu Tode langweilen, provozieren und beruhigen, erz\u00fcrnen, beleidigen, erfreuen oder \u00e4ngstigen, wecken und erwecken.<\/p>\n<p class=\"Body\" style=\"padding-left: 30px\">Schon W\u00f6rter, ja einzelne Laute und Silben k\u00f6nnen ganze Welten er\u00f6ffnen, auch Gef\u00fchlswelten evozieren. Denn Sprache hat immer auch mit Anspielungen und Assoziationen zu tun.<\/p>\n<p class=\"Body\" style=\"padding-left: 30px\">Und: Titel und Namen k\u00f6nnen Projekte pr\u00e4gen und \u00fcber ihren Erfolg entscheiden. So\u00a0 triggern Naming und Wording. Nachweislich beeinflussen sie das Image, die Au\u00dfenwirkung und die Akzeptanz von Produkten und Unternehmen, aber ebenso die Beziehung, die wir zu Figuren in Geschichten, Filmen oder Spielen aufbauen.<\/p>\n<h4 class=\"paragraph_style_1\">Sprache und Medien<\/h4>\n<p class=\"Body\" style=\"padding-left: 30px\">Zu <strong>Medien<\/strong> verh\u00e4lt sich Sprache auf ihre besondere Weise &#8230;<\/p>\n<div class=\"mce_boxed\" style=\"padding-left: 30px\">\n<p class=\"Body\" style=\"padding-left: 30px\"><strong>Ohne Sprache sind Medien nicht<\/strong> zu denken.<\/p>\n<\/div>\n<p class=\"Body\" style=\"padding-left: 30px\">Nachrichten und Liebesszenen, Werbespots, Zeitungsartikel, Blogs und Romane, Cartoons und Fotostrecken &#8230; <strong>Sprache \u00fcberall<\/strong>. Sprachlosigkeit ist die Ausnahme: selbst im Stummfilm liest man Zwischentitel. Und auch hinter einer wortlosen Szene verbirgt sich: eine Beschreibung.<\/p>\n<p class=\"Body\" style=\"padding-left: 30px\">Denn mit Sprache lassen sich Bilder planen, erg\u00e4nzen, kontextualisieren oder interpretieren, begreifbar oder l\u00e4cherlich machen.<\/p>\n<p class=\"Body\" style=\"padding-left: 30px\">Der Witz oder die Erkenntnis k\u00f6nnen, ja manchmal\u00a0<span class=\"style_1\">m\u00fcssen <\/span>sie in einem beigegebenen Text liegen.<\/p>\n<p class=\"Body\" style=\"padding-left: 30px\">Auch Infografiken, auch Visualisierungen von Daten und Zusammenh\u00e4ngen bed\u00fcrfen der Versprachlichung, als Legende und Beschriftung.<\/p>\n<div class=\"mce_boxed\" style=\"padding-left: 30px\">\n<p class=\"Body\" style=\"padding-left: 30px\">Sprache operiert <strong>multimedial,<\/strong> <strong>crossmedial <\/strong>und<strong> transmedial<\/strong>.<\/p>\n<\/div>\n<p class=\"Body\" style=\"padding-left: 30px\">Ob mehrere Medien im Spiel sind, ob eine Geschichte immer wieder, aber f\u00fcr jedes Medium ein wenig anders, ob \u00fcber mehrere Medien hinweg erz\u00e4hlt wird, oder Geschichten sich miteinander zu einem gro\u00dfen Ganzen verbinden, Comics, Filme und Games haben mit Texten zu tun, ja oft genug basieren sie auf ihnen &#8211; und der erste Einfall war vielleicht nur ein Satz.<\/p>\n<p class=\"Body\" style=\"padding-left: 30px\">Und auch beim &#8222;World Building&#8220;, das heutzutage transmedial gedacht ist, Star Wars und Entenhausen lassen gr\u00fc\u00dfen, werden ganze Welten letztlich aus W\u00f6rtern erschaffen, in Datenbanken, Listen, Karten oder einer &#8222;Storyworld Bible&#8220;.<\/p>\n<h4 class=\"paragraph_style_1\">Sprache und die Sinne<\/h4>\n<p class=\"Body\" style=\"padding-left: 30px\">Aber:<\/p>\n<div class=\"mce_boxed\" style=\"padding-left: 30px\">\n<p class=\"Body\" style=\"padding-left: 30px\">Es ist eine anspruchsvolle Aufgabe, eine <strong>blo\u00dfe Lekt\u00fcre<\/strong> nachvollziehbar oder gar <strong>sinnlich erlebbar<\/strong> zu machen.<\/p>\n<\/div>\n<p class=\"Body\" style=\"padding-left: 30px\">Wenn da von einem Geruch zu lesen ist, riechen wir ihn dann? Oder ist er vor allem dazu da, eine Szene glaubw\u00fcrdiger zu gestalten und uns in sie hineinzuziehen?<\/p>\n<div class=\"mce_boxed\" style=\"padding-left: 30px\">\n<p class=\"Body\" style=\"padding-left: 30px\"><strong>Manipuliert<\/strong> uns diese <strong>Sinnlichkeit<\/strong>?<\/p>\n<\/div>\n<p class=\"Body\" style=\"padding-left: 30px\">Bekommen wir\u00a0Appetit bei der Schilderung eines Geschmacks?<\/p>\n<p class=\"Body\" style=\"padding-left: 30px\">Und: Wenn ich &#8222;Blau&#8220; schreibe, sieht der Leser es auch? Ahnt er, was damit gemeint sein k\u00f6nnte &#8230; auch \u00fcber die Andeutung eines Sinneseindrucks hinaus und hin zu dem, was wir an Symbolen mit einer Farbe verbinden: von &#8222;Eisblau&#8220; bis &#8222;Blues&#8220;, \u00fcber die &#8222;Blaue Stunde&#8220; bis hin zur &#8222;Blauen Blume&#8220;?<\/p>\n<p class=\"Body\" style=\"padding-left: 30px\">Selbst wenn wir es viel zu oft vernachl\u00e4ssigen:<\/p>\n<div class=\"mce_boxed\">\n<p class=\"Body\" style=\"padding-left: 30px\"><strong>Sprache<\/strong> hat immer auch <strong>mit unseren Sinnen<\/strong> zu tun, mal direkter, mal indirekter.<\/p>\n<\/div>\n<p class=\"Body\" style=\"padding-left: 30px\">Denn <strong>Sinnesbez\u00fcge<\/strong> zeigen sich in Metaphern und sprachlichen Bildern, in Analogien und Vergleichen, mal als &#8222;Sound&#8220; eines Textes, als Klang und Rhythmus, Satzmelodie und Stil, mal als erkennbare &#8222;Stimme&#8220; eines Autors.<\/p>\n<p class=\"Body\" style=\"padding-left: 30px\">Zudem gilt:<\/p>\n<div class=\"mce_boxed\" style=\"padding-left: 30px\">\n<p class=\"Body\" style=\"padding-left: 30px\">Ein <strong>Text<\/strong> \u00e4ndert sich ganz konkret <strong>in seinem<\/strong> <strong>Verh\u00e4ltnis zu unseren Sinnen<\/strong> &#8211; und da kommen wieder die <strong>Medien<\/strong> ins Spiel.<\/p>\n<\/div>\n<p class=\"Body\" style=\"padding-left: 30px\">Denn ein Text wird ein anderer, je nachdem, wie eine Schrift aussieht oder ein Sprecher t\u00f6nt, ob ihn Musik begleitet, eine langsame Kamerafahrt oder ein schneller Schnitt.<\/p>\n<p class=\"Body\" style=\"padding-left: 30px\">Und ein Text muss anders gestaltet sein, je nachdem, ob er gesehen oder geh\u00f6rt werden soll, ob man etwas davon anfassen kann, um ihn herum gehen, ihn vielleicht sogar ver\u00e4ndern darf.<\/p>\n<h4 class=\"paragraph_style_1\">Was man von Sprache erwartet<\/h4>\n<p class=\"Body\" style=\"padding-left: 30px\">Ob eine Stimme aus dem OFF spricht, ob Artikel oder Rede, ob Songtext oder Krimi, oder der Claim einer Werbekampagne, ob in Ghostwriting, Audiokommentar, Bildlegende oder Gru\u00dfkarte, ob Gebrauchsanweisung oder Unternehmenskommunikation, ob als Aufschrift eines Messestands, ob in \u201eStorytelling\u201c oder \u201eBranding\u201c, ob auf Webseiten oder im Computerspiel, &#8230;<\/p>\n<div class=\"mce_boxed\" style=\"padding-left: 30px\">\n<p class=\"Body\" style=\"padding-left: 30px\">&#8230; \u00fcberall <strong>w\u00fcnscht man sich etwas von Sprache<\/strong>.<\/p>\n<\/div>\n<p class=\"Body\" style=\"padding-left: 30px\">Zum Beispiel, dass sie &#8222;Dinge auf den Punkt bringt&#8220;, &#8222;etwas mitschwingen l\u00e4sst&#8220;, &#8222;packend&#8220;, &#8222;klar&#8220; und &#8222;verst\u00e4ndlich&#8220;, &#8222;eing\u00e4ngig&#8220;, &#8222;lebendig&#8220;, &#8222;gut informiert&#8220;, &#8222;originell&#8220;, &#8222;sch\u00f6n&#8220;, &#8222;witzig&#8220;, &#8222;spannend&#8220; oder &#8222;clever&#8220; sei &#8230;<\/p>\n<p class=\"Body\" style=\"padding-left: 30px\">Manchmal nur eines davon, manchmal alles zugleich.<\/p>\n<p class=\"Body\" style=\"padding-left: 30px\">&#8222;Passen&#8220; soll sie (zu Situation oder Raum, zu Medium und Gef\u00fchl, zu Auftraggeber, Publikum oder Zielgruppe, Tonalit\u00e4t oder Erwartung, Sprachniveau und Semantischem Feld, zu Rechtssicherheit oder Spielraum, zu Geheimnis oder L\u00f6sung).<\/p>\n<p class=\"Body\" style=\"padding-left: 30px\">Auch &#8222;verbl\u00fcffen&#8220;, &#8222;verf\u00fchren&#8220; oder &#8222;\u00fcberzeugen&#8220; will sie, &#8222;\u00fcberw\u00e4ltigen&#8220;, &#8222;kl\u00e4ren&#8220; oder &#8222;aufkl\u00e4ren&#8220;, und beinahe immer &#8230;<\/p>\n<div class=\"mce_boxed\" style=\"padding-left: 30px\">\n<p class=\"Body\" style=\"padding-left: 30px\">&#8222;<strong>aufmerksam machen<\/strong>\u201c,<\/p>\n<p class=\"Body\" style=\"padding-left: 30px\">&#8222;<strong>interessieren<\/strong>&#8220; und &#8230;<\/p>\n<p class=\"Body\" style=\"padding-left: 30px\">m\u00f6glichst &#8222;<strong>lange in Erinnerung bleiben<\/strong>&#8222;.<\/p>\n<\/div>\n<h4 class=\"paragraph_style_1\">Textsorten sind Haltungen<\/h4>\n<p class=\"Body\" style=\"padding-left: 30px\">Doch ein Werbetext ist keine Literatur, Journalismus keine \u00d6ffentlichkeitsarbeit, ein Monolog ist kein Dialog und ein Drehbuch keine Erz\u00e4hlung.<\/p>\n<p class=\"Body\" style=\"padding-left: 30px\">Denn:<\/p>\n<p class=\"Body\" style=\"padding-left: 30px\">Hier geht es nicht nur um verschiedene <strong>Textsorten<\/strong> oder <strong>Formen<\/strong>, sondern im Grunde um <strong>unterschiedliche Aufgaben<\/strong>, auch um <strong>Haltungen gegen\u00fcber Themen, Gegenst\u00e4nden, Menschen <\/strong>und der<strong> Wirklichkeit<\/strong>.<\/p>\n<div class=\"mce_boxed\" style=\"padding-left: 30px\">\n<p class=\"Body\" style=\"padding-left: 30px\">Will man <strong>berichten<\/strong> oder <strong>Geschichten erz\u00e4hlen<\/strong>?<\/p>\n<p class=\"Body\" style=\"padding-left: 30px\">Sind <strong>die Geschichten selbst das Wichtigste<\/strong> &#8211; oder <strong>etwas, das sie vermitteln<\/strong> sollen?<\/p>\n<p class=\"Body\" style=\"padding-left: 30px\">Geht es dabei um <strong>Erfahrungen<\/strong>,\u00a0<strong>Wissen<\/strong> und\/ oder <strong>Erkenntnisse<\/strong>?<\/p>\n<p class=\"Body\" style=\"padding-left: 30px\">Soll <strong>unterhalten<\/strong> werden?<\/p>\n<p class=\"Body\" style=\"padding-left: 30px\">Soll <strong>kritisiert<\/strong>, <strong>informiert<\/strong> oder <strong>verkauft<\/strong> werden?<\/p>\n<p class=\"Body\" style=\"padding-left: 30px\">Was <strong>muss<\/strong>, was <strong>kann<\/strong> &#8211; und was <strong><em>darf nicht<\/em> verkauft werden<\/strong>?<\/p>\n<\/div>\n<p class=\"Body\" style=\"padding-left: 30px\">Eine solche Haltung zu finden und einzunehmen, bedeutet eine enorme <strong>Verantwortung<\/strong>.<\/p>\n<h4 class=\"Body\">Ethik und Design<\/h4>\n<p class=\"Body\" style=\"padding-left: 30px\">Und das gilt auch (und gerade) dann, wenn <strong>alte Grenzen durchl\u00e4ssiger<\/strong> werden, wenn mittlerweile vieles ineinander \u00fcbergeht, so genannte &#8222;Originalt\u00f6ne&#8220; und Lyrik in der Werbung auftauchen, &#8222;Corporate Publishing&#8220;, &#8222;Sponsored Content&#8220; oder &#8222;Native Advertising&#8220; wie Journalismus aussehen, Wissensvermittlung &#8222;Infotainment&#8220; sein will, Fiktives in Sachbuch, Dokumentarfilm oder Feature erscheint, im Fernsehen &#8222;Scripted Reality&#8220; \u00fcblich ist und Reportagen schon einmal literarisch sein d\u00fcrfen, im Extremfall aber: &#8222;Borderline Journalismus&#8220; sind, wenn Headlines vor allem Klicks generieren wollen und als SEO, also: als f\u00fcr Suchmaschinen optimierte Texte, eher Computer-Algorithmen meinen als menschliche Leser &#8230; und all das vor dem Hintergrund einer Aufmerksamkeits\u00f6konomie.<\/p>\n<p class=\"Body\" style=\"padding-left: 30px\">Dass es diese <strong>Mischformen<\/strong>, <strong>\u00dcbergriffe<\/strong> und <strong>Neu-Definitionen<\/strong> gibt, hat Gr\u00fcnde: historische und kulturhistorische, wirtschaftliche, technische, \u00e4sthetische und wirkungs\u00e4sthetische. Ihr Gebrauch aber wirft auch Fragen auf, &#8230; nicht zuletzt die:<\/p>\n<p class=\"Body\" style=\"padding-left: 30px\">Was man alles tun kann \u2013 und will &#8211; was es bewirkt und welche Folgen es hat.<\/p>\n<p class=\"Body\" style=\"padding-left: 30px\">Und das sind ganz schlicht: <strong>ethische Fragen<\/strong>, Fragen nach Wollen und Sollen, nach Entscheidungen, Bewusstsein, Selbstverst\u00e4ndnis und Pers\u00f6nlichkeit, aber <strong>auch solche des Designs<\/strong>.<\/p>\n<\/div>\n<\/div>\n<\/div>\n<div id=\"id3\" class=\"style_SkipStroke_2 shape-with-text\">\n<div class=\"text-content graphic_textbox_layout_style_default_External_390_722\">\n<div class=\"graphic_textbox_layout_style_default\">\n<h4 class=\"paragraph_style_1\">Verbale Kommunikation als Fach und Modul<\/h4>\n<div class=\"mce_boxed\">\n<p class=\"Body\" style=\"padding-left: 30px\"><strong>Sprach-Design<\/strong> vermittelt &#8230;<\/p>\n<p class=\"Body\" style=\"padding-left: 30px\">unterschiedliche<strong> Gattungen <\/strong>und<strong> Genres<\/strong>, &#8230;<\/p>\n<p class=\"Body\" style=\"padding-left: 30px\">in dem es anregt, <strong>Sprache <\/strong>in<strong> verschiedenen Kategorien, &#8230;<\/strong><\/p>\n<p class=\"Body\" style=\"padding-left: 30px\">in<strong> funktionalen <\/strong>und<strong> medialen Zusammenh\u00e4ngen<\/strong> &#8230;<\/p>\n<p class=\"Body\" style=\"padding-left: 30px\">wahrzunehmen und zu analysieren.<\/p>\n<p class=\"Body\" style=\"padding-left: 30px\">Verbale Kommunikation schult den <strong>Ausdruck<\/strong> &#8230;<\/p>\n<p class=\"Body\" style=\"padding-left: 30px\">und beg\u00fcnstigt einen <strong>kreativeren Umgang<\/strong> mit Sprache.<\/p>\n<p class=\"Body\" style=\"padding-left: 30px\">Sie konfrontiert mit<strong> praxisnahen Gestaltungsaufgaben<\/strong> &#8211; &#8230;<\/p>\n<p class=\"Body\" style=\"padding-left: 30px\">und offeriert <strong>Ans\u00e4tze f\u00fcr ad\u00e4quate L\u00f6sungen<\/strong>.<\/p>\n<p class=\"Body\" style=\"padding-left: 30px\">Sie zeigt <strong>Alternativen<\/strong>, <strong>Traditionen<\/strong> und <strong>Innovationen<\/strong>.<\/p>\n<p class=\"Body\" style=\"padding-left: 30px\">Dabei bedenkt sie die <strong>Ziele des Kommunzierens<\/strong>, &#8230;<\/p>\n<p class=\"Body\" style=\"padding-left: 30px\">untersucht <strong>Kommunikationssituationen<\/strong> und <strong>-bedingungen<\/strong>, &#8230;<\/p>\n<p class=\"Body\" style=\"padding-left: 30px\">erlebt <strong>Auftraggeber<\/strong>, <strong>Zielgruppen, Leser, User <\/strong>und<strong> Rezipienten<\/strong> &#8230;<\/p>\n<p class=\"Body\" style=\"padding-left: 30px\">und ihre <strong>Erwartungshaltungen<\/strong>.<\/p>\n<\/div>\n<h4 class=\"paragraph_style_1\">Verbale Kommunikation als Angewandte Wissenschaft<\/h4>\n<div class=\"mce_boxed\">\n<p class=\"Body\" style=\"padding-left: 30px\">Verbale Kommunikation ist<strong> Forschung <\/strong>und<strong> Angewandte Wissenschaft.<\/strong><\/p>\n<\/div>\n<p class=\"Body\" style=\"padding-left: 30px\">Sie n\u00fctzt und integriert, erg\u00e4nzt, erprobt, relativiert und kritisiert die Ergebnisse von Sprach- und Literaturwissenschaft, Publizistik, Kommunikations- und Medienwissenschaft.<\/p>\n<p class=\"Body\" style=\"padding-left: 30px\">Sie findet und artikuliert Einsichten vor dem Hintergrund von Anthropologie und Historischer Anthropologie, Neurobiologie und Kognitionsforschung, Psychologie und Soziologie, Geschichte, Kulturwissenschaft und Philosophie.<\/p>\n<div class=\"mce_boxed\" style=\"padding-left: 30px\">\n<p class=\"Body\" style=\"padding-left: 30px\">Schlussendlich er\u00f6ffnen Fach und Modul &#8230;<\/p>\n<p class=\"Body\" style=\"padding-left: 30px\">neue<strong> M\u00f6glichkeiten des sprachlichen Ausdrucks<\/strong>, &#8230;<\/p>\n<p class=\"Body\" style=\"padding-left: 30px\">f\u00fcr <strong>Kommunikation<\/strong> und &#8230;<\/p>\n<p class=\"Body\" style=\"padding-left: 30px\"><strong>Reflexion<\/strong>.<\/p>\n<\/div>\n<p class=\"Body\" style=\"padding-left: 30px\">Und wenigstens das ist zum Staunen &#8211; auch wenn man vorher schon gelernt hat, wie das ist, mit dem Lesen und dem Schreiben und der Sprache.<\/p>\n<\/div>\n<\/div>\n<\/div>\n","protected":false},"excerpt":{"rendered":"<p>Was das so ist und sein kann, diese &#8222;Verbale Kommunikation&#8220; \u2013 Warning: &#8222;Contains Language!&#8220; \u201eWriting is design\u201c\u00a0 (Steven Heller) &nbsp; \u201eDesigners must write.\u201c\u00a0 (Eric Karjaluoto, Creative Director) Was jetzt, wie jetzt &#8230; &#8222;Verbale Kommunikation&#8220;? Einerseits ist Verbale Kommunikation etwas ganz Selbstverst\u00e4ndliches; hat man Lesen und Schreiben doch l\u00e4ngst schon gelernt, Sprechen sowieso, vielleicht sogar die&hellip;<\/p>\n","protected":false},"author":2,"featured_media":0,"parent":0,"menu_order":0,"comment_status":"closed","ping_status":"open","template":"","meta":{"jetpack_post_was_ever_published":false,"footnotes":""},"class_list":["post-16","page","type-page","status-publish","hentry","empty-entry-meta"],"jetpack_sharing_enabled":true,"jetpack_shortlink":"https:\/\/wp.me\/P5BUGZ-g","_links":{"self":[{"href":"https:\/\/d.th-nuernberg.de\/vk\/wp-json\/wp\/v2\/pages\/16","targetHints":{"allow":["GET"]}}],"collection":[{"href":"https:\/\/d.th-nuernberg.de\/vk\/wp-json\/wp\/v2\/pages"}],"about":[{"href":"https:\/\/d.th-nuernberg.de\/vk\/wp-json\/wp\/v2\/types\/page"}],"author":[{"embeddable":true,"href":"https:\/\/d.th-nuernberg.de\/vk\/wp-json\/wp\/v2\/users\/2"}],"replies":[{"embeddable":true,"href":"https:\/\/d.th-nuernberg.de\/vk\/wp-json\/wp\/v2\/comments?post=16"}],"version-history":[{"count":74,"href":"https:\/\/d.th-nuernberg.de\/vk\/wp-json\/wp\/v2\/pages\/16\/revisions"}],"predecessor-version":[{"id":813,"href":"https:\/\/d.th-nuernberg.de\/vk\/wp-json\/wp\/v2\/pages\/16\/revisions\/813"}],"wp:attachment":[{"href":"https:\/\/d.th-nuernberg.de\/vk\/wp-json\/wp\/v2\/media?parent=16"}],"curies":[{"name":"wp","href":"https:\/\/api.w.org\/{rel}","templated":true}]}}