{"id":1129,"date":"2018-03-06T22:00:52","date_gmt":"2018-03-06T21:00:52","guid":{"rendered":"https:\/\/d.th-nuernberg.de\/vk\/?page_id=1129"},"modified":"2022-09-08T22:26:18","modified_gmt":"2022-09-08T21:26:18","slug":"uebungen-zur-selbsthilfe","status":"publish","type":"page","link":"https:\/\/d.th-nuernberg.de\/vk\/lehrkonzept-verbale-kommunikation\/uebungen-zur-selbsthilfe\/","title":{"rendered":"\u00dcbungen &#8211; zur Selbsthilfe"},"content":{"rendered":"<p>&nbsp;<\/p>\n<h3>Selbstverst\u00e4ndlich l\u00e4sst sich Schreiben <em>\u00fcben<\/em> &#8211;<br \/>\nund auch all das, was damit zusammenh\u00e4ngt<\/h3>\n<p>&nbsp;<\/p>\n<div class=\"mce_motto\">\n<p>&#8222;Writing is like learning to ride a bicycle&#8220; (Georgie Smith)<\/p>\n<p>\u201eEveryone has to start somewhere. That somewhere is here.\u201c (Aswin John)<\/p>\n<p>\u201eStart now. Start where you are. Start with fear. Start with pain. Start with doubt. Start with hands shaking. Start with voice trembling but start. Start and don\u2019t stop. Start where you are, with what you have. Just &#8230; start.\u201c (Ijeoma Umebinyuo \u2013 \u201eQuestions for Ada\u201c)<\/p>\n<p>&#8222;It does not matter how slowly you go so long as you do not stop.&#8220; (Anonymus)<\/p>\n<p>\u201eExercise the writing muscle every day, even if it is only a letter, notes, a title list, a character sketch, a journal entry. Writers are like dancers, like athletes. Without that exercise, the muscles seize up.\u201c (Jane Yolen)<\/p>\n<p>\u201eDie Wahrheit ist, dass die meisten der wichtigen Dinge im Leben keine eigenst\u00e4ndigen Ereignisse sind, sondern die Summe aller Momente, in denen wir uns entschieden haben, die Dinge wenigstens ein Prozent besser zu machen, als wir sie bisher gemacht haben.\u201c (Sophie L\u00fcttich \u2013 \u201eWarum sich der Weg der Verbesserung manchmal anf\u00fchlt wie das Tal der Entt\u00e4uschung\u201c)<\/p>\n<p>\u201eStop aspiring and start writing. If you\u2019re writing, you\u2019re a writer.\u201c<br \/>\n(Alan W. Watts)<\/p>\n<\/div>\n<h4><strong>Schreiben lernt man durch das Schreiben, aber nicht nur &#8230;<br \/>\n<\/strong><\/h4>\n<p>&nbsp;<\/p>\n<p><img fetchpriority=\"high\" decoding=\"async\" class=\"wp-image-1393 alignright\" src=\"https:\/\/d.th-nuernberg.de\/vk\/wp-content\/uploads\/sites\/2\/2019\/04\/IMG_2013-800x1067.jpg\" alt=\"\" width=\"513\" height=\"684\" srcset=\"https:\/\/d.th-nuernberg.de\/vk\/wp-content\/uploads\/sites\/2\/2019\/04\/IMG_2013-800x1067.jpg 800w, https:\/\/d.th-nuernberg.de\/vk\/wp-content\/uploads\/sites\/2\/2019\/04\/IMG_2013-225x300.jpg 225w, https:\/\/d.th-nuernberg.de\/vk\/wp-content\/uploads\/sites\/2\/2019\/04\/IMG_2013-768x1024.jpg 768w, https:\/\/d.th-nuernberg.de\/vk\/wp-content\/uploads\/sites\/2\/2019\/04\/IMG_2013-135x180.jpg 135w\" sizes=\"(max-width: 513px) 100vw, 513px\" \/><\/p>\n<p><strong>Schreiben lernt man durch das Schreiben! <\/strong><\/p>\n<p><strong>Aber auch durch das &#8230;<\/strong><\/p>\n<ul>\n<li><strong>Lesen,<\/strong><\/li>\n<li><strong>durch Analysieren und Bewerten,<\/strong><\/li>\n<li><strong>Wahrnehmen und Beschreiben, <\/strong><\/li>\n<li><strong>durch Wissen, <\/strong><\/li>\n<li><strong>etwa durch m\u00f6glichst tiefe Kenntnis der Sprache,<\/strong><\/li>\n<li><strong>durch Suchen, Finden, <\/strong><\/li>\n<li><strong>Sammeln <\/strong><\/li>\n<li><strong>und Recherchieren, <\/strong><\/li>\n<li><strong>durch dauerndes \u00dcberarbeiten,<\/strong><\/li>\n<li><strong>Anpassen und Verbessern,<\/strong><\/li>\n<li><strong>aber ebenso durch Spielen, Erfinden und Fabulieren.<\/strong><\/li>\n<\/ul>\n<p>&nbsp;<\/p>\n<p>Und: Keine F\u00e4higkeit ohne Fertigkeit.<\/p>\n<p>Keine Kompetenz ohne Ausprobieren.<\/p>\n<h4><strong>Keine Verbesserung ohne \u00dcbung<\/strong><\/h4>\n<p>&nbsp;<\/p>\n<p><strong>Hier nun ein paar Beispiele f\u00fcr solcherlei <\/strong><strong>\u00dcbungen &#8230;<\/strong><\/p>\n<p>Den zeitlichen Horizont und den Aufwand, den Sie betreiben m\u00f6gen, w\u00e4hlen Sie nach Ihren eigenen Bed\u00fcrfnissen und M\u00f6glichkeiten [&#8230; unten jeweils durch die Variable x angedeutet].<\/p>\n<p>Aber &#8230;<\/p>\n<p>a) sollten Sie dringend etwas tun<br \/>\nb) ist Regelm\u00e4\u00dfigkeit sinnvoll.<br \/>\nc) ist es eine Option, etwas weniger oder weniger intensiv zu tun, aber sicher keine: <em>nichts<\/em> zu tun.<\/p>\n<p>Merke: Ohne wenigstens ein oder zwei, vielleicht drei dieser \u00dcbungen bleibt Verbale Kommunikation f\u00fcr Sie sinnlos, also eine Zeitverschwendung. Und das w\u00e4re doch schade.<\/p>\n<p>W\u00e4hlen Sie also &#8230; w\u00e4hlen Sie gut &#8230; aber bleiben Sie nicht unt\u00e4tig.<\/p>\n<h4>Lesen hilft, mehr und besser lesen, hilft mehr &#8211; und besser<\/h4>\n<p>&nbsp;<\/p>\n<p><strong>\u201eBesser werden durch Lekt\u00fcre\u201c<\/strong><\/p>\n<p>Jeden xten Tag &#8230;<\/p>\n<p>&#8230; x Seiten Lekt\u00fcre (aber nicht ohne &#8230; evtl. Exzerpieren und\/oder Analyse und\/ oder Reflektieren und\/oder Kritisieren und\/oder Weiterdenken)<\/p>\n<h4><strong>\u201eLernen Sie Deutsch!\u201c <\/strong><\/h4>\n<p>&nbsp;<\/p>\n<p><strong>W\u00f6rter<\/strong><\/p>\n<p>Jeden xten Tag &#8230;<\/p>\n<p>&#8230; ein neues Wort<br \/>\n&#8230; die Bedeutung(en) und Varianten eines Wortes<br \/>\n&#8230; die Herkunft und der Wandel eines Wortes<\/p>\n<p>&nbsp;<\/p>\n<p><strong>Sprichw\u00f6rter und Wendungen<br \/>\n<\/strong><\/p>\n<p>Jeden xten Tag &#8230;<\/p>\n<p>&#8230; ein neues Sprichwort<br \/>\n&#8230; eine neue Redewendung<\/p>\n<p>&nbsp;<\/p>\n<p><strong>Grammatik und Rechtschreibung und Interpunktion<\/strong><\/p>\n<p>Jeden xten Tag &#8230;<\/p>\n<p>&#8230; eine Komma-Regel<br \/>\nund\/ oder<br \/>\n&#8230; einen Zweifelsfall in Sachen Rechtschreibung<br \/>\n&#8230; eine grammatikalische Struktur &#8230; gerne: den Genitiv, den Konjunktiv, die Indirekte Rede, den Umgang mit W\u00f6rtlicher Rede &#8230;<\/p>\n<h4>Wahrnehmen und Beschreiben geh\u00f6ren zusammen<\/h4>\n<p>&nbsp;<\/p>\n<p><strong>Trainieren Sie Ihre Wahrnehmungen<\/strong><\/p>\n<p>Jeden xten Tag &#8230;<\/p>\n<p>&#8230; einen Lauschangriff (einen Satz, eine Szene, ein Gef\u00fchl, eine Reaktion, eine Idee aus der Wirklichkeit)<\/p>\n<p>&nbsp;<\/p>\n<p><strong>Trainieren Sie Ihre Fertigkeit, etwas zu beschreiben<\/strong><\/p>\n<p>Jeden xten Tag &#8230;<\/p>\n<p>&#8230; die m\u00f6glichst genaue und anschauliche, sinnliche und\/oder \u00fcberraschende Beschreibung eines fremden Menschen (z.B. in einem Caf\u00e9)<br \/>\n&#8230; die m\u00f6glichst genaue und anschauliche, sinnliche und\/oder \u00fcberraschende Beschreibung eines Raums, eines Hauses, einer Stra\u00dfe, einer Stadt, einer Landschaft oder einer Situation<\/p>\n<h4>Wissen sollte Ihnen geh\u00f6ren &#8211; und Sammeln hilft dabei<\/h4>\n<p>&nbsp;<\/p>\n<p><img decoding=\"async\" class=\"wp-image-1378 alignleft\" src=\"https:\/\/d.th-nuernberg.de\/vk\/wp-content\/uploads\/sites\/2\/2019\/04\/LehrforschungFoto4-800x535.jpg\" alt=\"\" width=\"570\" height=\"381\" \/><\/p>\n<p><strong>Arbeit an Formulierungen, an Geschmack und Stil<\/strong><\/p>\n<p>Jeden xten Tag &#8230;<\/p>\n<p>&#8230; einen neuen Eintrag in Ihre Sammlung besonders guter, <em>fremder<\/em> Texte (Texter-Swipe-File), also: besonders gute Formulierungen, Beschreibungen und Sprachideen, Zitate, Ausspr\u00fcche, Wendungen, Metaphern und Vergleiche, tolle \u00dcberschriften, Namen etc. etc.<\/p>\n<p>&nbsp;<\/p>\n<p>&nbsp;<\/p>\n<p><strong>Dokumentieren und erhalten, sammeln Sie <em>Eigenes<\/em> &#8211; f\u00fcr Ihre Zukunft als schreibender Designer, als Texter, Autor oder Journalist<\/strong><\/p>\n<p>Jeden xten Tag &#8230;<\/p>\n<p>eine neue Idee (f\u00fcr ein Setting, einen Konflikt, eine Story, ein Thema, einen Ansatz, einen Charakter, ein Gedicht, einzelne S\u00e4tze oder Zeilen, eine Logline, eine erste Passage, einen Arbeitstitel etc. etc. etc.)<\/p>\n<p>&nbsp;<\/p>\n<p><strong>Trainieren Sie Ihre Fertigkeiten, schneller, besser und tiefer zu recherchieren<\/strong><\/p>\n<p>Jeden xten Tag &#8230;<\/p>\n<p>&#8230; die Beantwortung einer eher journalistischen Frage<br \/>\n(Wo kommt das her? Warum ist das so? Wer hat das veranlasst? Wer profitiert davon? &#8211; Was hat es mit der Europ\u00e4ischen Kommission auf sich? Wie viel verdient ein Game Designer in Kanada?)<br \/>\nund\/ oder<br \/>\neiner Literatur-relevanten Fragestellung<br \/>\n(Wie war der Tagesablauf des Sohnes einer Senatorenfamilie im alten Rom? Wenn auf einem Planeten alle l\u00fcgen, wie kann man dort zusammenleben? Wie riecht die Luft am Amazonas?)<\/p>\n<h4>Schreiben ist \u00fcberarbeiten<\/h4>\n<p>&nbsp;<\/p>\n<p><strong>\u00dcberarbeiten Sie<br \/>\n<\/strong><\/p>\n<p>Jeden xten Tag &#8230;<\/p>\n<p>&#8230; schreiben Sie &#8211; zur \u00dcbung &#8211; fremde Abs\u00e4tze oder Artikel um (zum Beispiel auch f\u00fcr ein anderes Medium: etwa f\u00fcr einen Podcast, ein Theaterst\u00fcck, ein Drehbuch &#8230;)<br \/>\n&#8230; \u00fcberarbeiten Sie einen vorhandenen Text von Ihnen zum Besseren (k\u00fcrzen Sie ihn, spitzen Sie ihn zu, machen Sie ihn spannender, klarer, verst\u00e4ndlicher, pr\u00e4ziser, eleganter, fl\u00fcssiger, \u00fcberraschender, wertvoller &#8230;). &#8211; Denn: Was macht einen Text lesenswerter, interessanter, spannender? Und: Was muss und kann sich \u00e4ndern, wenn wir Medium oder Adressaten, Gattungen oder Zielgruppen \u00e4ndern?<\/p>\n<p>&nbsp;<\/p>\n<p>Aber das <em>Allerwichtigste<\/em> &#8230;<\/p>\n<h4>Probieren Sie es: Schreiben in Varianten und verschiedenen Formen, immer wieder (vgl. Creative Writing)<\/h4>\n<p>&nbsp;<\/p>\n<p><strong>Trainieren Sie Ihre &#8222;kreativen Muskeln&#8220;<\/strong><\/p>\n<p>Jeden xten Tag &#8230;<\/p>\n<p>&#8230; einen sogenannten \u201eWriting Prompt\u201c angehen (vgl. dazu in der &#8222;Gro\u00dfen Datei&#8220; das Kapitel Creative Writing \u2013 oder gehen Sie\u00a0auf die Suche im Internet)<br \/>\n&#8230; neue Anf\u00e4nge, Enden oder andere Varianten f\u00fcr vorhandene Filme oder B\u00fccher oder Comics oder Spiele<br \/>\n&#8230; einen Neologismus, auf den die Welt gewartet hat<br \/>\n&#8230; eine Metapher, einen Vergleich<\/p>\n<p>&nbsp;<\/p>\n<p><strong>Trainieren Sie Schreiben durch das Schreiben selbst<br \/>\n<\/strong><\/p>\n<p>Jeden xten Tag &#8230;<\/p>\n<p>&#8230; schreiben Sie (je nachdem: einen Absatz oder 500 oder 1000 Zeichen, oder: eine Seite, ein Gedicht, einen Artikel, eine Short Story, eine kleine Notiz, einen Blogeintrag, ein Wortspiel, einen klugen Satz, einen Aphorismus &#8230;)<\/p>\n<p>&nbsp;<\/p>\n<p>Und: Wenn Sie m\u00f6gen, k\u00f6nnen Sie mir Ihre Ergebnisse gerne einmal zeigen. Ich bin gespannt.<\/p>\n<p>&nbsp;<\/p>\n","protected":false},"excerpt":{"rendered":"<p>&nbsp; Selbstverst\u00e4ndlich l\u00e4sst sich Schreiben \u00fcben &#8211; und auch all das, was damit zusammenh\u00e4ngt &nbsp; &#8222;Writing is like learning to ride a bicycle&#8220; (Georgie Smith) \u201eEveryone has to start somewhere. That somewhere is here.\u201c (Aswin John) \u201eStart now. Start where you are. Start with fear. Start with pain. Start with doubt. Start with hands shaking.&hellip;<\/p>\n","protected":false},"author":4,"featured_media":0,"parent":16,"menu_order":0,"comment_status":"closed","ping_status":"closed","template":"","meta":{"jetpack_post_was_ever_published":false,"footnotes":""},"class_list":["post-1129","page","type-page","status-publish","hentry","empty-entry-meta"],"jetpack_sharing_enabled":true,"jetpack_shortlink":"https:\/\/wp.me\/P5BUGZ-id","_links":{"self":[{"href":"https:\/\/d.th-nuernberg.de\/vk\/wp-json\/wp\/v2\/pages\/1129","targetHints":{"allow":["GET"]}}],"collection":[{"href":"https:\/\/d.th-nuernberg.de\/vk\/wp-json\/wp\/v2\/pages"}],"about":[{"href":"https:\/\/d.th-nuernberg.de\/vk\/wp-json\/wp\/v2\/types\/page"}],"author":[{"embeddable":true,"href":"https:\/\/d.th-nuernberg.de\/vk\/wp-json\/wp\/v2\/users\/4"}],"replies":[{"embeddable":true,"href":"https:\/\/d.th-nuernberg.de\/vk\/wp-json\/wp\/v2\/comments?post=1129"}],"version-history":[{"count":54,"href":"https:\/\/d.th-nuernberg.de\/vk\/wp-json\/wp\/v2\/pages\/1129\/revisions"}],"predecessor-version":[{"id":2262,"href":"https:\/\/d.th-nuernberg.de\/vk\/wp-json\/wp\/v2\/pages\/1129\/revisions\/2262"}],"up":[{"embeddable":true,"href":"https:\/\/d.th-nuernberg.de\/vk\/wp-json\/wp\/v2\/pages\/16"}],"wp:attachment":[{"href":"https:\/\/d.th-nuernberg.de\/vk\/wp-json\/wp\/v2\/media?parent=1129"}],"curies":[{"name":"wp","href":"https:\/\/api.w.org\/{rel}","templated":true}]}}