{"id":823,"date":"2015-06-02T20:36:45","date_gmt":"2015-06-02T20:36:45","guid":{"rendered":"https:\/\/d.th-nuernberg.de\/re\/?page_id=823"},"modified":"2016-03-24T09:22:06","modified_gmt":"2016-03-24T09:22:06","slug":"material-inspiration","status":"publish","type":"page","link":"https:\/\/d.th-nuernberg.de\/re\/material-inspiration\/","title":{"rendered":"Material &amp; Inspiration"},"content":{"rendered":"<p>MAGs<\/p>\n<p><a href=\"http:\/\/frameweb.com\/\" target=\"_blank\">http:\/\/frameweb.com\/<\/a><\/p>\n<p><a href=\"http:\/\/dezeen.com\/\" target=\"_blank\">http:\/\/dezeen.com\/<\/a><\/p>\n<p><a href=\"http:\/\/plotmag.com\/\" target=\"_blank\">http:\/\/plotmag.com\/<\/a><\/p>\n<p><a href=\"http:\/\/wallpaper.com\/\" target=\"_blank\">http:\/\/wallpaper.com\/<\/a><\/p>\n<p><a href=\"http:\/\/page-online.de\/\" target=\"_blank\">http:\/\/page-online.de\/<\/a><\/p>\n<p><a href=\"http:\/\/www.uncubemagazine.com\/\" target=\"_blank\">http:\/\/www.uncubemagazine.com\/<\/a><\/p>\n<p>&nbsp;<\/p>\n<p>BLOGs<\/p>\n<p><a href=\"http:\/\/www.spoon-tamago.com\/\" target=\"_blank\">http:\/\/www.spoon-tamago.com\/<\/a><\/p>\n<p><a href=\"http:\/\/www.designboom.com\/\" target=\"_blank\">http:\/\/www.designboom.com\/<\/a><\/p>\n<p>&nbsp;<\/p>\n<p>BOOKs<\/p>\n<p>2. Semester<\/p>\n<p>Basics Raumgestaltung |<em> Ulrich Exner, Dietrich Pressel<\/em><\/p>\n<p>Manuskript: Essentials f\u00fcr den Alltag von Innenarchitekten und Designern | <em>Axel M\u00fcller-Sch\u00f6ll<\/em><br \/>\nStaging Space: Scenic Interiors and Spatial Experiences | <em>Robert Klanten, Lukas Feireiss, S. Ehmann<\/em><\/p>\n<p>Taken by Surprise: Cutting-Edge Collaborations between Designers, Artists and Brands | <em>R. Klanten, R. Klanten, S. Ehmann und A. Sinofzik<\/em><\/p>\n<p>3. Semester<br \/>\nEat Out! Restaurant Design and Food Experiences | <em>R. Klanten, S. Ehmann und S. Moreno\u00a0\u00a0<\/em><\/p>\n<p>4. Semester<br \/>\nDesigning Brand Identity: An Essential Guide for the Whole Branding Team | <em>Alina Wheeler<\/em><\/p>\n<p>Schaupl\u00e4tze dreidimensionaler Markeninszenierung \u2013<br \/>\nInnovative Strategien und Erfolgsmodelle erlebnisorientierter Begegnungskommunikation \u2028|<\/p>\n<p>Orientierungssysteme und Signaletik. F\u00fchren \u2013 Finden \u2013 Fliehen | <em>Andreas Uebele<\/em><\/p>\n<p>6. Semester<br \/>\nKunst &#8211; Museum &#8211; Kontexte: Perspektiven der Kunst- und Kulturvermittlung | <em>Viktor Kittlausz, Winfried Pauleit<\/em><\/p>\n<p>Exhibition Design | <em>Philip Hughes<\/em><\/p>\n<p>Ausstellungen Entwerfen: Kompendium f\u00fcr Architekten, Gestalter und Museologen | <em>Aurelia Bertron, Ulrich Schwarz, Claudia Frey<\/em><\/p>\n","protected":false},"excerpt":{"rendered":"<p>MAGs http:\/\/frameweb.com\/ http:\/\/dezeen.com\/ http:\/\/plotmag.com\/ http:\/\/wallpaper.com\/ http:\/\/page-online.de\/ http:\/\/www.uncubemagazine.com\/ &nbsp; BLOGs http:\/\/www.spoon-tamago.com\/ http:\/\/www.designboom.com\/ &nbsp; BOOKs 2. Semester Basics Raumgestaltung | Ulrich Exner, Dietrich Pressel Manuskript: Essentials f\u00fcr den Alltag von Innenarchitekten und Designern | Axel M\u00fcller-Sch\u00f6ll Staging Space: Scenic Interiors and Spatial Experiences | Robert Klanten, Lukas Feireiss, S. Ehmann Taken by Surprise: Cutting-Edge Collaborations between Designers,&hellip;<\/p>\n","protected":false},"author":5,"featured_media":0,"parent":0,"menu_order":0,"comment_status":"closed","ping_status":"closed","template":"","meta":{"jetpack_post_was_ever_published":false,"footnotes":""},"class_list":["post-823","page","type-page","status-publish","hentry","empty-entry-meta"],"jetpack_sharing_enabled":true,"jetpack_shortlink":"https:\/\/wp.me\/P5qdQ3-dh","_links":{"self":[{"href":"https:\/\/d.th-nuernberg.de\/re\/wp-json\/wp\/v2\/pages\/823","targetHints":{"allow":["GET"]}}],"collection":[{"href":"https:\/\/d.th-nuernberg.de\/re\/wp-json\/wp\/v2\/pages"}],"about":[{"href":"https:\/\/d.th-nuernberg.de\/re\/wp-json\/wp\/v2\/types\/page"}],"author":[{"embeddable":true,"href":"https:\/\/d.th-nuernberg.de\/re\/wp-json\/wp\/v2\/users\/5"}],"replies":[{"embeddable":true,"href":"https:\/\/d.th-nuernberg.de\/re\/wp-json\/wp\/v2\/comments?post=823"}],"version-history":[{"count":16,"href":"https:\/\/d.th-nuernberg.de\/re\/wp-json\/wp\/v2\/pages\/823\/revisions"}],"predecessor-version":[{"id":1163,"href":"https:\/\/d.th-nuernberg.de\/re\/wp-json\/wp\/v2\/pages\/823\/revisions\/1163"}],"wp:attachment":[{"href":"https:\/\/d.th-nuernberg.de\/re\/wp-json\/wp\/v2\/media?parent=823"}],"curies":[{"name":"wp","href":"https:\/\/api.w.org\/{rel}","templated":true}]}}