{"id":37,"date":"2014-09-22T14:06:40","date_gmt":"2014-09-22T12:06:40","guid":{"rendered":"https:\/\/d.th-nuernberg.de\/re\/?page_id=37"},"modified":"2016-09-16T19:01:07","modified_gmt":"2016-09-16T19:01:07","slug":"willkommen-bei-raum-event","status":"publish","type":"page","link":"https:\/\/d.th-nuernberg.de\/re\/willkommen-bei-raum-event\/","title":{"rendered":"Willkommen bei Raum- &amp; Eventdesign"},"content":{"rendered":"<div id=\"attachment_541\" style=\"width: 2298px\" class=\"wp-caption alignnone\"><a href=\"https:\/\/d.th-nuernberg.de\/re2\/wp-content\/uploads\/sites\/6\/2014\/09\/IMG_7971.jpg\"><img fetchpriority=\"high\" decoding=\"async\" aria-describedby=\"caption-attachment-541\" data-attachment-id=\"541\" data-permalink=\"https:\/\/d.th-nuernberg.de\/re\/willkommen-bei-raum-event\/img_7971\/\" data-orig-file=\"https:\/\/d.th-nuernberg.de\/re\/wp-content\/uploads\/sites\/6\/2014\/09\/IMG_7971.jpg\" data-orig-size=\"2298,1329\" data-comments-opened=\"0\" data-image-meta=\"{&quot;aperture&quot;:&quot;2.8&quot;,&quot;credit&quot;:&quot;&quot;,&quot;camera&quot;:&quot;iPhone 4&quot;,&quot;caption&quot;:&quot;&quot;,&quot;created_timestamp&quot;:&quot;1398857942&quot;,&quot;copyright&quot;:&quot;&quot;,&quot;focal_length&quot;:&quot;3.85&quot;,&quot;iso&quot;:&quot;80&quot;,&quot;shutter_speed&quot;:&quot;0.033333333333333&quot;,&quot;title&quot;:&quot;&quot;,&quot;orientation&quot;:&quot;1&quot;}\" data-image-title=\"IMG_7971\" data-image-description=\"\" data-image-caption=\"&lt;p&gt;Konzeptpr\u00e4sentation &lt;\/p&gt;\n\" data-medium-file=\"https:\/\/d.th-nuernberg.de\/re\/wp-content\/uploads\/sites\/6\/2014\/09\/IMG_7971.jpg\" data-large-file=\"https:\/\/d.th-nuernberg.de\/re\/wp-content\/uploads\/sites\/6\/2014\/09\/IMG_7971.jpg\" class=\"size-full wp-image-541\" src=\"https:\/\/d.th-nuernberg.de\/re2\/wp-content\/uploads\/sites\/6\/2014\/09\/IMG_7971.jpg\" alt=\"Konzeptpr\u00e4sentation \" width=\"2298\" height=\"1329\" \/><\/a><p id=\"caption-attachment-541\" class=\"wp-caption-text\">Konzeptpr\u00e4sentation<\/p><\/div>\n<p>Der Raum als Darstellungsmedium und Ort f\u00fcr Ereignisse: Die Moduls\u00e4ule beleuchtet Aspekte und Anforderungen der r\u00e4umlichen und medialen Erlebnisgestaltung und f\u00fchrt dabei in die Grundlagen der r\u00e4umlichen Kommunikation und ihrer visuellen, zeitlichen und dramaturgischen Abl\u00e4ufe ein.<\/p>\n<div class=\"text\">\n<p>Gerade die Verbindung unterschiedlicher Medien, die gezielte Auswahl und die pr\u00e4zise Dosierung von Kommunikationsmitteln im r\u00e4umlichen Kontext schaffen ein m\u00e4chtiges gestalterisches Werkzeug. In ihrer Kombination bieten sie dem Designer die M\u00f6glichkeit, starke Erlebnisse zu schaffen, welche in vielen Marketingbereichen Anwendung finden.<\/p>\n<p>Die Moduls\u00e4ule Raum- und Eventdesign beinhaltet die praxisnahe Auseinandersetzung mit Fragen zum Design, fordert auf, eigene gestalterische Wege zu beschreiten und vermittelt deren praktischen Umsetzung. Diskutiert werden au\u00dferdem gesellschaftlich relevante Themen des Fachgebiets und entsprechende Reaktionen in kreativen Konzepten.<\/p>\n<\/div>\n<p class=\"size-full wp-image-541\">Weiteren Modulen des <a href=\"https:\/\/d.th-nuernberg.de\/\" target=\"_blank\">Studiengangs Design<\/a> sind: <a href=\"http:\/\/www.youtube.com\/user\/ohmcast\" target=\"_blank\">Cast,<\/a> <a href=\"http:\/\/cgi.ohmdesign.de\/\" target=\"_blank\">CGI,<\/a> <a href=\"http:\/\/fa.ohmrolle.de\/\" target=\"_blank\">Film &amp; Animation,<\/a> <a href=\"https:\/\/d.th-nuernberg.de\/foto\/\">Fotografie,<\/a> <a href=\"https:\/\/d.th-nuernberg.de\/gd\/\">Grafik Design<\/a>, <a href=\"https:\/\/d.th-nuernberg.de\/il\/\">Illustration<\/a>, <a href=\"https:\/\/d.th-nuernberg.de\/id\/\" target=\"_blank\">Interaktionsdesign, <\/a><a href=\"https:\/\/d.th-nuernberg.de\/typo\/\" target=\"_blank\">Typografie<\/a> und <a href=\"https:\/\/d.th-nuernberg.de\/vk\/\">Verbale Kommunikation.<\/a><\/p>\n","protected":false},"excerpt":{"rendered":"<p>Der Raum als Darstellungsmedium und Ort f\u00fcr Ereignisse: Die Moduls\u00e4ule beleuchtet Aspekte und Anforderungen der r\u00e4umlichen und medialen Erlebnisgestaltung und f\u00fchrt dabei in die Grundlagen der r\u00e4umlichen Kommunikation und ihrer visuellen, zeitlichen und dramaturgischen Abl\u00e4ufe ein. Gerade die Verbindung unterschiedlicher Medien, die gezielte Auswahl und die pr\u00e4zise Dosierung von Kommunikationsmitteln im r\u00e4umlichen Kontext schaffen ein&hellip;<\/p>\n","protected":false},"author":1,"featured_media":0,"parent":0,"menu_order":0,"comment_status":"open","ping_status":"closed","template":"page-templates\/portfolio-page.php","meta":{"jetpack_post_was_ever_published":false,"footnotes":""},"class_list":["post-37","page","type-page","status-publish","hentry"],"jetpack_sharing_enabled":true,"jetpack_shortlink":"https:\/\/wp.me\/P5qdQ3-B","_links":{"self":[{"href":"https:\/\/d.th-nuernberg.de\/re\/wp-json\/wp\/v2\/pages\/37","targetHints":{"allow":["GET"]}}],"collection":[{"href":"https:\/\/d.th-nuernberg.de\/re\/wp-json\/wp\/v2\/pages"}],"about":[{"href":"https:\/\/d.th-nuernberg.de\/re\/wp-json\/wp\/v2\/types\/page"}],"author":[{"embeddable":true,"href":"https:\/\/d.th-nuernberg.de\/re\/wp-json\/wp\/v2\/users\/1"}],"replies":[{"embeddable":true,"href":"https:\/\/d.th-nuernberg.de\/re\/wp-json\/wp\/v2\/comments?post=37"}],"version-history":[{"count":7,"href":"https:\/\/d.th-nuernberg.de\/re\/wp-json\/wp\/v2\/pages\/37\/revisions"}],"predecessor-version":[{"id":1238,"href":"https:\/\/d.th-nuernberg.de\/re\/wp-json\/wp\/v2\/pages\/37\/revisions\/1238"}],"wp:attachment":[{"href":"https:\/\/d.th-nuernberg.de\/re\/wp-json\/wp\/v2\/media?parent=37"}],"curies":[{"name":"wp","href":"https:\/\/api.w.org\/{rel}","templated":true}]}}