{"id":189,"date":"2014-12-02T11:16:07","date_gmt":"2014-12-02T09:16:07","guid":{"rendered":"https:\/\/d.th-nuernberg.de\/re\/?page_id=189"},"modified":"2020-11-11T17:44:01","modified_gmt":"2020-11-11T17:44:01","slug":"kontakt","status":"publish","type":"page","link":"https:\/\/d.th-nuernberg.de\/re\/kontakt\/","title":{"rendered":"Kontakt"},"content":{"rendered":"<div id=\"attachment_641\" style=\"width: 1181px\" class=\"wp-caption alignnone\"><a href=\"https:\/\/d.th-nuernberg.de\/re\/wp-content\/uploads\/sites\/6\/2014\/12\/mugshot_01.jpg\"><img fetchpriority=\"high\" decoding=\"async\" aria-describedby=\"caption-attachment-641\" data-attachment-id=\"641\" data-permalink=\"https:\/\/d.th-nuernberg.de\/re\/kontakt\/mugshot_01\/\" data-orig-file=\"https:\/\/d.th-nuernberg.de\/re\/wp-content\/uploads\/sites\/6\/2014\/12\/mugshot_01.jpg\" data-orig-size=\"1181,444\" data-comments-opened=\"1\" data-image-meta=\"{&quot;aperture&quot;:&quot;0&quot;,&quot;credit&quot;:&quot;&quot;,&quot;camera&quot;:&quot;&quot;,&quot;caption&quot;:&quot;&quot;,&quot;created_timestamp&quot;:&quot;0&quot;,&quot;copyright&quot;:&quot;&quot;,&quot;focal_length&quot;:&quot;0&quot;,&quot;iso&quot;:&quot;0&quot;,&quot;shutter_speed&quot;:&quot;0&quot;,&quot;title&quot;:&quot;&quot;,&quot;orientation&quot;:&quot;1&quot;}\" data-image-title=\"mugshot_01\" data-image-description=\"\" data-image-caption=\"&lt;p&gt;    Prof. Christine Albert, Modulverantwortlich f\u00fcr Raum- und Eventdesign, Frauenbeauftragte und Prodekanin&lt;\/p&gt;\n\" data-medium-file=\"https:\/\/d.th-nuernberg.de\/re\/wp-content\/uploads\/sites\/6\/2014\/12\/mugshot_01.jpg\" data-large-file=\"https:\/\/d.th-nuernberg.de\/re\/wp-content\/uploads\/sites\/6\/2014\/12\/mugshot_01.jpg\" class=\"size-full wp-image-641\" src=\"https:\/\/d.th-nuernberg.de\/re\/wp-content\/uploads\/sites\/6\/2014\/12\/mugshot_01.jpg\" alt=\"    Prof. Christine Albert, Modulverantwortlich f\u00fcr Raum- und Eventdesign, Frauenbeauftragte und Prodekanin\" width=\"1181\" height=\"444\" \/><\/a><p id=\"caption-attachment-641\" class=\"wp-caption-text\">Prof. Christine Albert, modulverantwortlich f\u00fcr Raum- und Eventdesign, Dekanin<\/p><\/div>\n<h3>Dekanat<\/h3>\n<p>Regina Wimmer<br \/>\nWG.207<br \/>\n+49 911 5880-2690<\/p>\n<p>\u00d6ffnungszeiten des Dekanats: MO &#8211; FR 09:00 &#8211; 12:00 Uhr<\/p>\n<h3>Adresse<\/h3>\n<p>Fakult\u00e4t Design<br \/>\nWassertorstra\u00dfe 10,<br \/>\nGeb\u00e4udeteil WG<br \/>\nD-90489 N\u00fcrnberg<\/p>\n<h3>Anmeldung Bachelor<\/h3>\n<h6>Schritt 1<\/h6>\n<p>Die Anmeldung f\u00fcr das Bachelor-Studium Design ist ausschlie\u00dflich \u00fcber das zentrale Online-Bewerbungsportal der TH N\u00fcrnberg m\u00f6glich &#8211; lesen Sie bitte VORHER unsere Unterlagen zum Studienzugang<\/p>\n<h6>Schritt 2<\/h6>\n<p>Starten Sie dann (mit einer g\u00fcltigen E-Mail-Adresse) die Anmeldung unter<br \/>\nhttps:\/\/virtuohm.ohmportal.de\/studyapplicant-web\/reg\/registration.iface<\/p>\n","protected":false},"excerpt":{"rendered":"<p>Dekanat Regina Wimmer WG.207 +49 911 5880-2690 \u00d6ffnungszeiten des Dekanats: MO &#8211; FR 09:00 &#8211; 12:00 Uhr Adresse Fakult\u00e4t Design Wassertorstra\u00dfe 10, Geb\u00e4udeteil WG D-90489 N\u00fcrnberg Anmeldung Bachelor Schritt 1 Die Anmeldung f\u00fcr das Bachelor-Studium Design ist ausschlie\u00dflich \u00fcber das zentrale Online-Bewerbungsportal der TH N\u00fcrnberg m\u00f6glich &#8211; lesen Sie bitte VORHER unsere Unterlagen zum Studienzugang&hellip;<\/p>\n","protected":false},"author":1,"featured_media":0,"parent":0,"menu_order":0,"comment_status":"closed","ping_status":"closed","template":"","meta":{"jetpack_post_was_ever_published":false,"footnotes":""},"class_list":["post-189","page","type-page","status-publish","hentry","empty-entry-meta"],"jetpack_sharing_enabled":true,"jetpack_shortlink":"https:\/\/wp.me\/P5qdQ3-33","_links":{"self":[{"href":"https:\/\/d.th-nuernberg.de\/re\/wp-json\/wp\/v2\/pages\/189","targetHints":{"allow":["GET"]}}],"collection":[{"href":"https:\/\/d.th-nuernberg.de\/re\/wp-json\/wp\/v2\/pages"}],"about":[{"href":"https:\/\/d.th-nuernberg.de\/re\/wp-json\/wp\/v2\/types\/page"}],"author":[{"embeddable":true,"href":"https:\/\/d.th-nuernberg.de\/re\/wp-json\/wp\/v2\/users\/1"}],"replies":[{"embeddable":true,"href":"https:\/\/d.th-nuernberg.de\/re\/wp-json\/wp\/v2\/comments?post=189"}],"version-history":[{"count":5,"href":"https:\/\/d.th-nuernberg.de\/re\/wp-json\/wp\/v2\/pages\/189\/revisions"}],"predecessor-version":[{"id":1475,"href":"https:\/\/d.th-nuernberg.de\/re\/wp-json\/wp\/v2\/pages\/189\/revisions\/1475"}],"wp:attachment":[{"href":"https:\/\/d.th-nuernberg.de\/re\/wp-json\/wp\/v2\/media?parent=189"}],"curies":[{"name":"wp","href":"https:\/\/api.w.org\/{rel}","templated":true}]}}