{"id":183,"date":"2014-12-02T11:09:09","date_gmt":"2014-12-02T09:09:09","guid":{"rendered":"https:\/\/d.th-nuernberg.de\/re\/?page_id=183"},"modified":"2016-01-11T12:03:41","modified_gmt":"2016-01-11T12:03:41","slug":"studienarbeiten","status":"publish","type":"page","link":"https:\/\/d.th-nuernberg.de\/re\/studienarbeiten\/","title":{"rendered":"Studienarbeiten"},"content":{"rendered":"<p>Ein \u00dcberblick, ein Spiegel, ein Eindruck. Ideen f\u00fcr R\u00e4ume und deren kommunikative M\u00f6glichkeiten lassen sich kaum in einem Motiv abbilden. In der Moduls\u00e4ule Raum- und Eventdesign sind, je nach Semester, Grob- bis Feinkonzepte gefordert. Trotzdem zeigt diese Website exemplarisch einzelne Bilder von Studierendenarbeiten, die f\u00fcr umfangreiche Konzepte im Raum stehen. [Alle Rechte liegen bei den Designer.]<\/p>\n<p style=\"text-align: left\">Wir hoffen, sie geniessen diese knappen Eindr\u00fccke und bekommen Lust auf mehr.<\/p>\n<h6 style=\"text-align: center\"><span style=\"color: #000000\"><a href=\"https:\/\/d.th-nuernberg.de\/re\/?jetpack-portfolio-type=1-sem\" target=\"_blank\">1. Semester<\/a> \u00a0\u00a0<a href=\"https:\/\/d.th-nuernberg.de\/re\/?jetpack-portfolio-type=2-sem\" target=\"_blank\"> 2. Semester<\/a> \u00a0 <a href=\"https:\/\/d.th-nuernberg.de\/re\/?jetpack-portfolio-type=3-sem\" target=\"_blank\">3. Semester<\/a> \u00a0 <a href=\"https:\/\/d.th-nuernberg.de\/re\/?jetpack-portfolio-type=4-sem\" target=\"_blank\">4. Semester<\/a>\u00a0\u00a0 <a href=\"https:\/\/d.th-nuernberg.de\/re\/?jetpack-portfolio-type=5-sem\" target=\"_blank\">5. Semester<\/a>\u00a0\u00a0 <a href=\"https:\/\/d.th-nuernberg.de\/re\/?jetpack-portfolio-type=6-sem\" target=\"_blank\">6. Semester<\/a>\u00a0\u00a0 <a href=\"https:\/\/d.th-nuernberg.de\/re\/?jetpack-portfolio-type=ba\" target=\"_blank\">Bacherlor-Arbeit<\/a><\/span><\/h6>\n<p>&nbsp;<\/p>\n","protected":false},"excerpt":{"rendered":"<p>Ein \u00dcberblick, ein Spiegel, ein Eindruck. Ideen f\u00fcr R\u00e4ume und deren kommunikative M\u00f6glichkeiten lassen sich kaum in einem Motiv abbilden. In der Moduls\u00e4ule Raum- und Eventdesign sind, je nach Semester, Grob- bis Feinkonzepte gefordert. Trotzdem zeigt diese Website exemplarisch einzelne Bilder von Studierendenarbeiten, die f\u00fcr umfangreiche Konzepte im Raum stehen. [Alle Rechte liegen bei den&hellip;<\/p>\n","protected":false},"author":1,"featured_media":0,"parent":0,"menu_order":0,"comment_status":"closed","ping_status":"closed","template":"page-templates\/portfolio-page.php","meta":{"jetpack_post_was_ever_published":false,"footnotes":""},"class_list":["post-183","page","type-page","status-publish","hentry","empty-entry-meta"],"jetpack_sharing_enabled":true,"jetpack_shortlink":"https:\/\/wp.me\/P5qdQ3-2X","_links":{"self":[{"href":"https:\/\/d.th-nuernberg.de\/re\/wp-json\/wp\/v2\/pages\/183","targetHints":{"allow":["GET"]}}],"collection":[{"href":"https:\/\/d.th-nuernberg.de\/re\/wp-json\/wp\/v2\/pages"}],"about":[{"href":"https:\/\/d.th-nuernberg.de\/re\/wp-json\/wp\/v2\/types\/page"}],"author":[{"embeddable":true,"href":"https:\/\/d.th-nuernberg.de\/re\/wp-json\/wp\/v2\/users\/1"}],"replies":[{"embeddable":true,"href":"https:\/\/d.th-nuernberg.de\/re\/wp-json\/wp\/v2\/comments?post=183"}],"version-history":[{"count":1,"href":"https:\/\/d.th-nuernberg.de\/re\/wp-json\/wp\/v2\/pages\/183\/revisions"}],"predecessor-version":[{"id":712,"href":"https:\/\/d.th-nuernberg.de\/re\/wp-json\/wp\/v2\/pages\/183\/revisions\/712"}],"wp:attachment":[{"href":"https:\/\/d.th-nuernberg.de\/re\/wp-json\/wp\/v2\/media?parent=183"}],"curies":[{"name":"wp","href":"https:\/\/api.w.org\/{rel}","templated":true}]}}