{"id":170,"date":"2014-12-02T10:38:58","date_gmt":"2014-12-02T08:38:58","guid":{"rendered":"https:\/\/d.th-nuernberg.de\/re\/?page_id=170"},"modified":"2015-07-13T11:40:55","modified_gmt":"2015-07-13T11:40:55","slug":"willkommen","status":"publish","type":"page","link":"https:\/\/d.th-nuernberg.de\/re\/","title":{"rendered":""},"content":{"rendered":"<p>Entdecken sie studentische Arbeiten <a href=\"https:\/\/d.th-nuernberg.de\/\" target=\"_blank\">der Fakult\u00e4t Design<\/a>. Sie wurden im <a href=\"https:\/\/d.th-nuernberg.de\/re\/willkommen-bei-raum-event\/\" target=\"_blank\">Modul Raum- und Eventdesign<\/a> entwickelt und kombinieren Erlerntes aus unterschiedlichen <a href=\"https:\/\/d.th-nuernberg.de\/design-studieren\/\" target=\"_blank\">Modulens\u00e4ulen.<\/a><\/p>\n<p><em>Viel Spa\u00df beim Staunen und herzliche Einladung zu unseren <a href=\"https:\/\/d.th-nuernberg.de\/blog\/\" target=\"_blank\">Veranstaltungen<\/a> \u2013 ja, auch die Gestaltung und Realisierung von Parties geh\u00f6rt zu diesem spannendem Modul \u2013 w\u00fcnscht Professorin Christine Albert!<br \/>\n<\/em><\/p>\n<p>Das neueste aus dem\u00a0<a href=\"https:\/\/d.th-nuernberg.de\/re\/blog\/\">Blog<\/a>:<\/p>\n\t<div class=\"blog-kurzfassung\">\n\t\t\t\t<article>\n\t\t\t\t\t\t<a href=\"https:\/\/d.th-nuernberg.de\/re\/2025\/02\/24\/herzlichen-glueckwunsch\/\">\n\t\t\t\t<img decoding=\"async\" width=\"150\" height=\"150\" src=\"https:\/\/d.th-nuernberg.de\/re\/wp-content\/uploads\/sites\/6\/2025\/02\/DSC1672a-150x150.jpg\" class=\"attachment-thumbnail size-thumbnail wp-post-image\" alt=\"\" srcset=\"https:\/\/d.th-nuernberg.de\/re\/wp-content\/uploads\/sites\/6\/2025\/02\/DSC1672a-150x150.jpg 150w, https:\/\/d.th-nuernberg.de\/re\/wp-content\/uploads\/sites\/6\/2025\/02\/DSC1672a-50x50.jpg 50w\" sizes=\"(max-width: 150px) 100vw, 150px\" data-attachment-id=\"1647\" data-permalink=\"https:\/\/d.th-nuernberg.de\/re\/2025\/02\/24\/herzlichen-glueckwunsch\/_dsc1672a\/\" data-orig-file=\"https:\/\/d.th-nuernberg.de\/re\/wp-content\/uploads\/sites\/6\/2025\/02\/DSC1672a-scaled.jpg\" data-orig-size=\"2560,1601\" data-comments-opened=\"0\" data-image-meta=\"{&quot;aperture&quot;:&quot;2.8&quot;,&quot;credit&quot;:&quot;OSKAR HEGER&quot;,&quot;camera&quot;:&quot;NIKON Z 8&quot;,&quot;caption&quot;:&quot;&quot;,&quot;created_timestamp&quot;:&quot;1738953170&quot;,&quot;copyright&quot;:&quot;&quot;,&quot;focal_length&quot;:&quot;17&quot;,&quot;iso&quot;:&quot;2800&quot;,&quot;shutter_speed&quot;:&quot;0.004&quot;,&quot;title&quot;:&quot;&quot;,&quot;orientation&quot;:&quot;1&quot;}\" data-image-title=\"_DSC1672a\" data-image-description=\"\" data-image-caption=\"&lt;p&gt;Herzlichen Gl\u00fcckwunsch!&lt;\/p&gt;\n\" data-medium-file=\"https:\/\/d.th-nuernberg.de\/re\/wp-content\/uploads\/sites\/6\/2025\/02\/DSC1672a-300x188.jpg\" data-large-file=\"https:\/\/d.th-nuernberg.de\/re\/wp-content\/uploads\/sites\/6\/2025\/02\/DSC1672a-1024x640.jpg\" \/>\t\t\t<\/a>\n\t\t\t\t\t\t<header>\n\t\t\t\t<h1 class=\"entry-title\">\n\t\t\t\t\t<a href=\"https:\/\/d.th-nuernberg.de\/re\/2025\/02\/24\/herzlichen-glueckwunsch\/\">\n\t\t\t\t\t\tHerzlichen Gl\u00fcckwunsch!\t\t\t\t\t<\/a>\n\t\t\t\t<\/h1>\n\t\t\t\t\t\t\t\t<span class=\"entry-meta\"><a href=\"https:\/\/d.th-nuernberg.de\/re\/2025\/02\/24\/herzlichen-glueckwunsch\/\">24. Februar 2025<\/a><\/span>\n\t\t\t\t\t\t\t<\/header>\n\t\t<\/article>\n\t\t\t\t<article>\n\t\t\t\t\t\t<header>\n\t\t\t\t<h1 class=\"entry-title\">\n\t\t\t\t\t<a href=\"https:\/\/d.th-nuernberg.de\/re\/2024\/09\/25\/design-verein-macht-zukunftsmusik\/\">\n\t\t\t\t\t\tDesign Verein macht Zukunftsmusik\t\t\t\t\t<\/a>\n\t\t\t\t<\/h1>\n\t\t\t\t\t\t\t\t<span class=\"entry-meta\"><a href=\"https:\/\/d.th-nuernberg.de\/re\/2024\/09\/25\/design-verein-macht-zukunftsmusik\/\">25. September 2024<\/a><\/span>\n\t\t\t\t\t\t\t<\/header>\n\t\t<\/article>\n\t\t\t\t<article>\n\t\t\t\t\t\t<a href=\"https:\/\/d.th-nuernberg.de\/re\/2024\/08\/28\/funklust-beitrag-zur-designers-night-17\/\">\n\t\t\t\t<img decoding=\"async\" width=\"150\" height=\"150\" src=\"https:\/\/d.th-nuernberg.de\/re\/wp-content\/uploads\/sites\/6\/2024\/08\/funklust-150x150.png\" class=\"attachment-thumbnail size-thumbnail wp-post-image\" alt=\"\" srcset=\"https:\/\/d.th-nuernberg.de\/re\/wp-content\/uploads\/sites\/6\/2024\/08\/funklust-150x150.png 150w, https:\/\/d.th-nuernberg.de\/re\/wp-content\/uploads\/sites\/6\/2024\/08\/funklust-50x50.png 50w\" sizes=\"(max-width: 150px) 100vw, 150px\" data-attachment-id=\"1630\" data-permalink=\"https:\/\/d.th-nuernberg.de\/re\/2024\/08\/28\/funklust-beitrag-zur-designers-night-17\/funklust\/\" data-orig-file=\"https:\/\/d.th-nuernberg.de\/re\/wp-content\/uploads\/sites\/6\/2024\/08\/funklust.png\" data-orig-size=\"830,468\" data-comments-opened=\"0\" data-image-meta=\"{&quot;aperture&quot;:&quot;0&quot;,&quot;credit&quot;:&quot;&quot;,&quot;camera&quot;:&quot;&quot;,&quot;caption&quot;:&quot;&quot;,&quot;created_timestamp&quot;:&quot;0&quot;,&quot;copyright&quot;:&quot;&quot;,&quot;focal_length&quot;:&quot;0&quot;,&quot;iso&quot;:&quot;0&quot;,&quot;shutter_speed&quot;:&quot;0&quot;,&quot;title&quot;:&quot;&quot;,&quot;orientation&quot;:&quot;0&quot;}\" data-image-title=\"funklust\" data-image-description=\"\" data-image-caption=\"\" data-medium-file=\"https:\/\/d.th-nuernberg.de\/re\/wp-content\/uploads\/sites\/6\/2024\/08\/funklust-300x169.png\" data-large-file=\"https:\/\/d.th-nuernberg.de\/re\/wp-content\/uploads\/sites\/6\/2024\/08\/funklust.png\" \/>\t\t\t<\/a>\n\t\t\t\t\t\t<header>\n\t\t\t\t<h1 class=\"entry-title\">\n\t\t\t\t\t<a href=\"https:\/\/d.th-nuernberg.de\/re\/2024\/08\/28\/funklust-beitrag-zur-designers-night-17\/\">\n\t\t\t\t\t\tFunklust-Beitrag zur Designers&#8216; Night 17\t\t\t\t\t<\/a>\n\t\t\t\t<\/h1>\n\t\t\t\t\t\t\t\t<span class=\"entry-meta\"><a href=\"https:\/\/d.th-nuernberg.de\/re\/2024\/08\/28\/funklust-beitrag-zur-designers-night-17\/\">28. August 2024<\/a><\/span>\n\t\t\t\t\t\t\t<\/header>\n\t\t<\/article>\n\t\t\t\t<article>\n\t\t\t\t\t\t<header>\n\t\t\t\t<h1 class=\"entry-title\">\n\t\t\t\t\t<a href=\"https:\/\/d.th-nuernberg.de\/re\/2024\/06\/06\/designers-night-17\/\">\n\t\t\t\t\t\tDesigners&#8216; Night 17\t\t\t\t\t<\/a>\n\t\t\t\t<\/h1>\n\t\t\t\t\t\t\t\t<span class=\"entry-meta\"><a href=\"https:\/\/d.th-nuernberg.de\/re\/2024\/06\/06\/designers-night-17\/\">6. Juni 2024<\/a><\/span>\n\t\t\t\t\t\t\t<\/header>\n\t\t<\/article>\n\t\t\t<\/div>\n\t\n","protected":false},"excerpt":{"rendered":"<p>Entdecken sie studentische Arbeiten der Fakult\u00e4t Design. Sie wurden im Modul Raum- und Eventdesign entwickelt und kombinieren Erlerntes aus unterschiedlichen Modulens\u00e4ulen. Viel Spa\u00df beim Staunen und herzliche Einladung zu unseren Veranstaltungen \u2013 ja, auch die Gestaltung und Realisierung von Parties geh\u00f6rt zu diesem spannendem Modul \u2013 w\u00fcnscht Professorin Christine Albert! Das neueste aus dem\u00a0Blog:<\/p>\n","protected":false},"author":1,"featured_media":0,"parent":0,"menu_order":0,"comment_status":"closed","ping_status":"closed","template":"page-templates\/portfolio-start-page.php","meta":{"jetpack_post_was_ever_published":false,"footnotes":""},"class_list":["post-170","page","type-page","status-publish","hentry"],"jetpack_sharing_enabled":true,"jetpack_shortlink":"https:\/\/wp.me\/P5qdQ3-2K","_links":{"self":[{"href":"https:\/\/d.th-nuernberg.de\/re\/wp-json\/wp\/v2\/pages\/170","targetHints":{"allow":["GET"]}}],"collection":[{"href":"https:\/\/d.th-nuernberg.de\/re\/wp-json\/wp\/v2\/pages"}],"about":[{"href":"https:\/\/d.th-nuernberg.de\/re\/wp-json\/wp\/v2\/types\/page"}],"author":[{"embeddable":true,"href":"https:\/\/d.th-nuernberg.de\/re\/wp-json\/wp\/v2\/users\/1"}],"replies":[{"embeddable":true,"href":"https:\/\/d.th-nuernberg.de\/re\/wp-json\/wp\/v2\/comments?post=170"}],"version-history":[{"count":20,"href":"https:\/\/d.th-nuernberg.de\/re\/wp-json\/wp\/v2\/pages\/170\/revisions"}],"predecessor-version":[{"id":876,"href":"https:\/\/d.th-nuernberg.de\/re\/wp-json\/wp\/v2\/pages\/170\/revisions\/876"}],"wp:attachment":[{"href":"https:\/\/d.th-nuernberg.de\/re\/wp-json\/wp\/v2\/media?parent=170"}],"curies":[{"name":"wp","href":"https:\/\/api.w.org\/{rel}","templated":true}]}}