{"id":2,"date":"2015-02-17T10:12:45","date_gmt":"2015-02-17T10:12:45","guid":{"rendered":"https:\/\/d.th-nuernberg.de\/il\/?page_id=2"},"modified":"2015-03-29T15:20:07","modified_gmt":"2015-03-29T15:20:07","slug":"beispiel-seite","status":"publish","type":"page","link":"https:\/\/d.th-nuernberg.de\/il\/","title":{"rendered":"Lehrkonzept"},"content":{"rendered":"<p>Illustration ist eine eigenst\u00e4ndige, angewandte Kunstform, die einen Kontext visuell an eine Zielgruppe vermittelt. Dabei reflektiert ein Illustrator nicht nur die Wirklichkeit, sondern er\u00f6ffnet der Welt eine neue, eigene Sicht auf ein Thema.<\/p>\n<p>Illustriert wird f\u00fcr Printmedien, Werbung, digitale und interaktive Medien, den Animations- und 3D-Film und f\u00fcr Verlage als Bilderb\u00fccher, Sachb\u00fccher und Graphic Novels. Das Feld der Illustration und seine Ausdrucksm\u00f6glichkeiten sind so vielf\u00e4ltig und divers wie die Illustratoren, die diese Bildwelten erschaffen.<\/p>\n<p>Das Modul Illustration hat die Aufgabe, die technischen und intellektuellen Grundlagen der Illustration zu vermitteln und zugleich eine Plattform zu bieten, die pers\u00f6nliche visuelle Sprache zu finden. Egal ob die Arbeit locker oder detailliert ausgearbeitet ist, mehr oder weniger expressiv, digital oder analog, es geht darum den pers\u00f6nlichen Inhalt in der eigenen Arbeit zu entdecken und damit gezielt zu kommunizieren.<\/p>\n<p>&nbsp;<\/p>\n<blockquote><p>Erfolgreiche, vorw\u00e4rtsdenkende Illustratoren m\u00fcssen gebildete Kommunikatoren mit kulturellem und sozialem Bewusstsein sein, die eine Bandbreite intellektueller und praktischer F\u00e4higkeiten anwenden k\u00f6nnen.<\/p>\n<p><small>Alan Male<\/small><\/p><\/blockquote>\n","protected":false},"excerpt":{"rendered":"<p>Illustration ist eine eigenst\u00e4ndige, angewandte Kunstform, die einen Kontext visuell an eine Zielgruppe vermittelt. Dabei reflektiert ein Illustrator nicht nur die Wirklichkeit, sondern er\u00f6ffnet der Welt eine neue, eigene Sicht auf ein Thema. Illustriert wird f\u00fcr Printmedien, Werbung, digitale und interaktive Medien, den Animations- und 3D-Film und f\u00fcr Verlage als Bilderb\u00fccher, Sachb\u00fccher und Graphic Novels.&hellip;<\/p>\n","protected":false},"author":1,"featured_media":0,"parent":0,"menu_order":0,"comment_status":"closed","ping_status":"closed","template":"page-templates\/portfolio-page.php","meta":{"jetpack_post_was_ever_published":false,"footnotes":""},"class_list":["post-2","page","type-page","status-publish","hentry","empty-entry-meta"],"jetpack_sharing_enabled":true,"jetpack_shortlink":"https:\/\/wp.me\/P5LxyH-2","_links":{"self":[{"href":"https:\/\/d.th-nuernberg.de\/il\/wp-json\/wp\/v2\/pages\/2","targetHints":{"allow":["GET"]}}],"collection":[{"href":"https:\/\/d.th-nuernberg.de\/il\/wp-json\/wp\/v2\/pages"}],"about":[{"href":"https:\/\/d.th-nuernberg.de\/il\/wp-json\/wp\/v2\/types\/page"}],"author":[{"embeddable":true,"href":"https:\/\/d.th-nuernberg.de\/il\/wp-json\/wp\/v2\/users\/1"}],"replies":[{"embeddable":true,"href":"https:\/\/d.th-nuernberg.de\/il\/wp-json\/wp\/v2\/comments?post=2"}],"version-history":[{"count":17,"href":"https:\/\/d.th-nuernberg.de\/il\/wp-json\/wp\/v2\/pages\/2\/revisions"}],"predecessor-version":[{"id":125,"href":"https:\/\/d.th-nuernberg.de\/il\/wp-json\/wp\/v2\/pages\/2\/revisions\/125"}],"wp:attachment":[{"href":"https:\/\/d.th-nuernberg.de\/il\/wp-json\/wp\/v2\/media?parent=2"}],"curies":[{"name":"wp","href":"https:\/\/api.w.org\/{rel}","templated":true}]}}