{"id":7,"date":"2015-03-06T11:02:51","date_gmt":"2015-03-06T10:02:51","guid":{"rendered":"https:\/\/d.th-nuernberg.de\/foto\/?page_id=7"},"modified":"2024-09-25T12:14:59","modified_gmt":"2024-09-25T10:14:59","slug":"studium","status":"publish","type":"page","link":"https:\/\/d.th-nuernberg.de\/foto\/studium\/","title":{"rendered":"Studienarbeiten"},"content":{"rendered":"<p>Hier k\u00f6nnen Sie Studienarbeiten nach Semesterstufe sortiert betrachten.<\/p>\n<p>&nbsp;<\/p>\n<p>1. Semester &#8211; Orientierungstufe<\/p>\n<p>Durch viele \u00dcbungen und Vortr\u00e4ge erlangen die Studenten einen umfassenden \u00dcberblick \u00fcber das weite Feld des Digital Imaging und lernen erste wichtige Schritte in bildhafter Inszenierung mit Kameratechnik und Bildbearbeitung.<\/p>\n<p>&nbsp;<\/p>\n<p>2. Semster &#8211; Wahrnehmen, Analysieren, Gestalten<\/p>\n<p>Nach gezielten \u00dcbungen zur Bildkomposition und der dadurch erreichbaren Bildaussage werden erste Themen bezogene L\u00f6sungen konzeptioniert und\u00a0 in Einzelbilder oder Bildstrecken umgesetzt.<\/p>\n<p>&nbsp;<\/p>\n<p>3. Semester &#8211; Angewandtes Design<\/p>\n<p>Bildwelten f\u00fcr Markenkommunikation m\u00fcssen erschaffen werden, spekulativ auftragsbezogenes Arbeiten, sowohl im Studio als auch &#8222;on location&#8220;.<\/p>\n<p>&nbsp;<\/p>\n<p>4. Semester &#8211;\u00a0 Kontext<\/p>\n<p>In mehreren Bildstrecken, denen ausgearbeitete Konzepte zu gegebenen Themen zugrunde gelegt werden, wird die Haltung des Bildsch\u00f6pfers deutlich.<\/p>\n<h1 class=\"page-title\"><\/h1>\n","protected":false},"excerpt":{"rendered":"<p>Hier k\u00f6nnen Sie Studienarbeiten nach Semesterstufe sortiert betrachten. &nbsp; 1. Semester &#8211; Orientierungstufe Durch viele \u00dcbungen und Vortr\u00e4ge erlangen die Studenten einen umfassenden \u00dcberblick \u00fcber das weite Feld des Digital Imaging und lernen erste wichtige Schritte in bildhafter Inszenierung mit Kameratechnik und Bildbearbeitung. &nbsp; 2. Semster &#8211; Wahrnehmen, Analysieren, Gestalten Nach gezielten \u00dcbungen zur Bildkomposition&hellip;<\/p>\n","protected":false},"author":1,"featured_media":0,"parent":0,"menu_order":0,"comment_status":"closed","ping_status":"closed","template":"page-templates\/portfolio-page.php","meta":{"jetpack_post_was_ever_published":false,"footnotes":""},"class_list":["post-7","page","type-page","status-publish","hentry","empty-entry-meta"],"jetpack_sharing_enabled":true,"jetpack_shortlink":"https:\/\/wp.me\/P5QPyM-7","_links":{"self":[{"href":"https:\/\/d.th-nuernberg.de\/foto\/wp-json\/wp\/v2\/pages\/7","targetHints":{"allow":["GET"]}}],"collection":[{"href":"https:\/\/d.th-nuernberg.de\/foto\/wp-json\/wp\/v2\/pages"}],"about":[{"href":"https:\/\/d.th-nuernberg.de\/foto\/wp-json\/wp\/v2\/types\/page"}],"author":[{"embeddable":true,"href":"https:\/\/d.th-nuernberg.de\/foto\/wp-json\/wp\/v2\/users\/1"}],"replies":[{"embeddable":true,"href":"https:\/\/d.th-nuernberg.de\/foto\/wp-json\/wp\/v2\/comments?post=7"}],"version-history":[{"count":10,"href":"https:\/\/d.th-nuernberg.de\/foto\/wp-json\/wp\/v2\/pages\/7\/revisions"}],"predecessor-version":[{"id":2125,"href":"https:\/\/d.th-nuernberg.de\/foto\/wp-json\/wp\/v2\/pages\/7\/revisions\/2125"}],"wp:attachment":[{"href":"https:\/\/d.th-nuernberg.de\/foto\/wp-json\/wp\/v2\/media?parent=7"}],"curies":[{"name":"wp","href":"https:\/\/api.w.org\/{rel}","templated":true}]}}