{"id":69,"date":"2017-12-06T09:28:12","date_gmt":"2017-12-06T08:28:12","guid":{"rendered":"https:\/\/d.th-nuernberg.de\/film\/?page_id=69"},"modified":"2018-06-13T12:43:16","modified_gmt":"2018-06-13T10:43:16","slug":"alexander-vexler","status":"publish","type":"page","link":"https:\/\/d.th-nuernberg.de\/film\/info\/team\/alexander-vexler\/","title":{"rendered":"Alexander Vexler"},"content":{"rendered":"<p><img fetchpriority=\"high\" decoding=\"async\" class=\"alignnone size-medium wp-image-311\" src=\"https:\/\/d.th-nuernberg.de\/film\/wp-content\/uploads\/sites\/17\/2018\/06\/camera_AV-300x300.jpg\" alt=\"\" width=\"300\" height=\"300\" srcset=\"https:\/\/d.th-nuernberg.de\/film\/wp-content\/uploads\/sites\/17\/2018\/06\/camera_AV-300x300.jpg 300w, https:\/\/d.th-nuernberg.de\/film\/wp-content\/uploads\/sites\/17\/2018\/06\/camera_AV-150x150.jpg 150w, https:\/\/d.th-nuernberg.de\/film\/wp-content\/uploads\/sites\/17\/2018\/06\/camera_AV-180x180.jpg 180w, https:\/\/d.th-nuernberg.de\/film\/wp-content\/uploads\/sites\/17\/2018\/06\/camera_AV-50x50.jpg 50w, https:\/\/d.th-nuernberg.de\/film\/wp-content\/uploads\/sites\/17\/2018\/06\/camera_AV.jpg 647w\" sizes=\"(max-width: 300px) 100vw, 300px\" \/><\/p>\n<p><strong>Verantwortlich f\u00fcr Kamera- und Lichtgestaltung<\/strong><\/p>\n<p>Alexander Vexler ist Dipl. Designer (FH) und arbeitet seit \u00fcber 10 Jahren als freier Kameramann und Colorist.<\/p>\n<p>Kurz- und Werbefilme mit seiner Kameraarbeit liefen auf diversen nationalen und internationalen Filmfestivals und wurden mit zahlreichen Preisen ausgezeichnet, u.A. dem \u201eEyes &amp; Ears Award\u201c, dem \u201espotlight Werbefilm Award in Bronze\u201c, dem \u201eLakeshorts Toronto Award \u201c etc.<\/p>\n<p>Alexander Vexler ist seit 2012 als Dozent an der Technischen Hochschule in N\u00fcrnberg und seit 2014 an der Bayerischen Akademie f\u00fcr Fernsehen und Digitale Medien t\u00e4tig.<br \/>\nEine Auswahl seiner Filmprojekte, Auszeichnungen und Referenzen sowie weitere Infos finden sich auf www.alexandervexler.com<\/p>\n","protected":false},"excerpt":{"rendered":"<p>Verantwortlich f\u00fcr Kamera- und Lichtgestaltung Alexander Vexler ist Dipl. Designer (FH) und arbeitet seit \u00fcber 10 Jahren als freier Kameramann und Colorist. Kurz- und Werbefilme mit seiner Kameraarbeit liefen auf diversen nationalen und internationalen Filmfestivals und wurden mit zahlreichen Preisen ausgezeichnet, u.A. dem \u201eEyes &amp; Ears Award\u201c, dem \u201espotlight Werbefilm Award in Bronze\u201c, dem \u201eLakeshorts&hellip;<\/p>\n","protected":false},"author":1,"featured_media":0,"parent":76,"menu_order":50,"comment_status":"closed","ping_status":"closed","template":"","meta":{"footnotes":""},"class_list":["post-69","page","type-page","status-publish","hentry","empty-entry-meta"],"jetpack_sharing_enabled":true,"_links":{"self":[{"href":"https:\/\/d.th-nuernberg.de\/film\/wp-json\/wp\/v2\/pages\/69","targetHints":{"allow":["GET"]}}],"collection":[{"href":"https:\/\/d.th-nuernberg.de\/film\/wp-json\/wp\/v2\/pages"}],"about":[{"href":"https:\/\/d.th-nuernberg.de\/film\/wp-json\/wp\/v2\/types\/page"}],"author":[{"embeddable":true,"href":"https:\/\/d.th-nuernberg.de\/film\/wp-json\/wp\/v2\/users\/1"}],"replies":[{"embeddable":true,"href":"https:\/\/d.th-nuernberg.de\/film\/wp-json\/wp\/v2\/comments?post=69"}],"version-history":[{"count":3,"href":"https:\/\/d.th-nuernberg.de\/film\/wp-json\/wp\/v2\/pages\/69\/revisions"}],"predecessor-version":[{"id":312,"href":"https:\/\/d.th-nuernberg.de\/film\/wp-json\/wp\/v2\/pages\/69\/revisions\/312"}],"up":[{"embeddable":true,"href":"https:\/\/d.th-nuernberg.de\/film\/wp-json\/wp\/v2\/pages\/76"}],"wp:attachment":[{"href":"https:\/\/d.th-nuernberg.de\/film\/wp-json\/wp\/v2\/media?parent=69"}],"curies":[{"name":"wp","href":"https:\/\/api.w.org\/{rel}","templated":true}]}}