{"id":65,"date":"2017-12-06T09:26:58","date_gmt":"2017-12-06T08:26:58","guid":{"rendered":"https:\/\/d.th-nuernberg.de\/film\/?page_id=65"},"modified":"2020-12-25T22:07:15","modified_gmt":"2020-12-25T21:07:15","slug":"juergen-schopper","status":"publish","type":"page","link":"https:\/\/d.th-nuernberg.de\/film\/info\/team\/juergen-schopper\/","title":{"rendered":"Prof. J\u00fcrgen Schopper"},"content":{"rendered":"<h4 class=\"heading\">Vita Prof. J\u00fcrgen Schopper<\/h4>\n<div class=\"heading\"><strong>Verantwortlich f\u00fcr FILM &amp; ANIMATION<\/strong><\/div>\n<div class=\"heading\"><span style=\"font-size: 22px\">Prof. J\u00fcrgen Schopper (geb. 1968) studierte Malerei, Design und Digitale Bildgestaltung.<\/span><\/div>\n<div class=\"paragraph\">\n<p>Er war als freier Computeranimator und als Production Designer f\u00fcr Film und TV Produktionen t\u00e4tig, ehe er 1995 bei der Hollywood-Produktion &#8222;Independence Day&#8220; als Computer Animation Artist besch\u00e4ftigt war. Der Film erhielt 1996 den Oscar\u00ae f\u00fcr die besten visuellen Effekte.<\/p>\n<p>Danach war er als freier VFX-Consultant wieder in Deutschland t\u00e4tig.<br \/>\n\u00dcber drei Jahre war er bei ARRI Film &amp; TV als Visual Effects Supervisor angestellt, bis ihm 2000 die Position als Creative Director VFX \u00fcbertragen wurde. In dieser Funktion betreut er vor allem Spielfilmproduktionen, aber auch TV-Movies und Gro\u00dfevents. Er erhielt f\u00fcr seine Arbeiten viele weitere Preise und Auszeichnungen.<\/p>\n<p>Als Referent ist er an Hochschulen sowie auf Messen und Fachkongressen t\u00e4tig und schreibt Artikel f\u00fcr Magazine und Fachzeitschriften.<\/p>\n<p>2001 wurde J\u00fcrgen Schopper als Professor an die GEORG-SIMON-OHM-HOCHSCHULE N\u00dcRNBERG berufen. An der Fakult\u00e4t Design leitet er dort das Studienfach &#8222;FILM &amp; ANIMATION&#8220;.<\/p>\n<\/div>\n<div class=\"paragraph\">\n<div>\n<h4><b>Feature Film Credits (Auswahl): <\/b><\/h4>\n<p>Independence Day<br \/>\n1996 | 20th Century Fox | Roland Emmerich<br \/>\n(Computer Animation Artist)<\/p>\n<p>Der Grosse Bagarozy<br \/>\n1999 | Constantin Film Produktion | Bernd Eichinger<br \/>\n(VFX Supervisor)<\/p>\n<p>The Calling<br \/>\n2000 | Fanes Film GmbH | Richard Caesar<br \/>\n(Creative Director VFX, VFX Supervisor)<\/p>\n<p>Das Experiment<br \/>\n2001 | Fanes Film | Oliver Hirschbiegel<br \/>\n(VFX Supervisor)<\/p>\n<p>Mondscheintarif<br \/>\n2001 | Hager Moss Filmproduktion | Ralf H\u00fcttner<br \/>\n(Creative Director VFX, VFX Supervisor)<\/p>\n<p>Der WiXXer<br \/>\n2003 | Rat Pack Filmproduktion | Tobi Baumann<br \/>\n(Creative Consultant VFX)<\/p>\n<p>The Lazarus Child<br \/>\n2004 | The Lazarus Child Production Inc. | Graham Theakston<br \/>\n(VFX Supervisor)<\/p>\n<p>Der R\u00e4uber Hotzenplotz<br \/>\n2005 | Collina Film GmbH | Gernot Roll<br \/>\n(Creative Director VFX, VFX Supervisor)<\/p>\n<p>Wer Fr\u00fcher Stirbt Ist L\u00e4nger Tot<br \/>\n2006 | Roxy Film | Markus H. Rosenm\u00fcller<br \/>\n(VFX Supervisor)<\/p>\n<p>Freche M\u00e4dchen<br \/>\n2008 | Collina Film GmbH | Ute Wieland<br \/>\n(Creative Director VFX)<\/p>\n<p>Die Perlmutterfarbe<br \/>\n2009 | d.i.e.film gmbh | Markus H. Rosenm\u00fcller<br \/>\n(Creative Director VFX)<\/p>\n<p>Lippels Traum<br \/>\n2009 | Collina Film GmbH | Lars B\u00fcchel<br \/>\n(Creative Director VFX)<\/p>\n<p>The Countess<br \/>\n2009 | X Filme International GmbH | Julie Delpy<br \/>\n(Creative Director VFX, VFX Supervisor)<\/p>\n<p>Freche M\u00e4dchen 2<br \/>\n2010 | Collina Film GmbH | Ute Wieland<br \/>\n(Creative Director VFX)<\/p>\n<p>Almanya &#8211; Willkommen in Deutschland<br \/>\n2011 | Roxy Film | Yasemin Samdereli<br \/>\n(Creative Director VFX)<\/p>\n<p>Sommer in Orange<br \/>\n2011 | Roxy Film | Markus H. Rosenm\u00fcller<br \/>\n(Creative Director VFX)<\/p>\n<p>Sommer der Gaukler<br \/>\n2011 | Gei\u00dfend\u00f6rfer Film- &amp; Fernsehproduktion | Markus H. Rosenm\u00fcller<br \/>\n(Creative Director VFX)<\/p>\n<p>Sams im Gl\u00fcck<br \/>\n2012 | Collina Film GmbH | Peter Gersina<br \/>\n(Creative Director VFX)<\/p>\n<p>Rubinrot<br \/>\n2012 | Lieblingsfilm GmbH | Felix Fuchssteiner<br \/>\n(Creative Director VFX)<\/p>\n<p>Wer&#8217;s glaubt wird selig<br \/>\n2013 | Wiedemann &amp; Berg Film | Markus H. Rosenm\u00fcller<br \/>\n(Creative Consultant VFX)<\/p>\n<p>Saphirblau<br \/>\n2014 | Lieblingsfilm GmbH | Felix Fuchssteiner<br \/>\n(Creative Director VFX, Creature Design)<\/p>\n<p>Nebel im August<br \/>\n2015 | Collina Film GmbH | Kai Wessel<br \/>\n(Creative Director VFX)<\/p>\n<p>Rico, Oskar und der Diebstahlstein<br \/>\n2016 | Lieblingsfilm GmbH | Neele Leana Vollmar<br \/>\n(Creative Director VFX)<\/p>\n<p>Smaragdgr\u00fcn<br \/>\n2016 | Lieblingsfilm GmbH | Felix Fuchssteiner<br \/>\n(Creative Director VFX)<\/p>\n<p>Mittelreich<br \/>\n2017 | X-Filme Creative Pool | Josef Bierbichler<br \/>\n(Creative Director VFX)<\/p>\n<p>Trautmann<br \/>\n2018 | Lieblingsfilm GmbH | Markus H. Rosenm\u00fcller<br \/>\n(Creative Director VFX)<\/p>\n<\/div>\n<\/div>\n<div class=\"paragraph\">\n<div>\n<h4><b>TV Movie Credits (Auswahl)<\/b><\/h4>\n<p>Der Sandmann<br \/>\n1995 | teamWorx | Nico Hoffmann<br \/>\n(Computer Animation Artist)<\/p>\n<p>Ice Planet &#8211; Teasertrailer<br \/>\n1998 | H5B5 | Mathias Zentner<br \/>\n(Production Design, VFX Supervisor, Computer Animation Artist)<\/p>\n<p>Vera Br\u00fchne<br \/>\n2001 | Constantin Filmproduktion | Hark Bohm<br \/>\n(VFX Supervisor)<\/p>\n<p>Musterknaben 3<br \/>\n2002 | d.i.e. film GmbH | Ralf H\u00fcttner<br \/>\n(VFX Supervisor)<\/p>\n<p>Heimat 3<br \/>\n2002 | Edgar Reitz Filmproduktion | Edgar Reitz<br \/>\n(VFX Supervisor)<\/p>\n<p>Angsthasen<br \/>\n2006 | Collina Film GmbH | Franziska Buch<br \/>\n(VFX Supervisor)<\/p>\n<p>Bella Block: Blackout<br \/>\n2007 | Ufa Fernsehproduktion | Rainer Kaufmann<br \/>\n(VFX Supervisor)<\/p>\n<p>Die Rebellin<br \/>\n2009 | ndf | Ute Wieland<br \/>\n(Creative Director VFX)<\/p>\n<p>Im Angesicht des Verbrechens<br \/>\n2010 | Typhoon | Dominik Graf<br \/>\n(Creative Director VFX)<\/p>\n<p>Die Hebamme<br \/>\n2010 | Roxy Film | Dagmar Hirtz<br \/>\n(Creative Director VFX)<\/p>\n<p>In den besten Familien<br \/>\n2011 | Roxy Film | Rainer Kaufmann<br \/>\n(Creative Director VFX)<\/p>\n<p>Deckname Luna<br \/>\n2012 | ndf | Ute Wieland<br \/>\n(Creative Director VFX)<\/p>\n<p>Tatort: Am Ende des Flurs<br \/>\n2014 | BR | Max F\u00e4rberb\u00f6ck<br \/>\n(Creative Director VFX)<\/p>\n<p>Katharina Luther<br \/>\n2017 | Eikon S\u00fcd | Julia von Heinz<br \/>\n(Creative Director VFX)<\/p>\n<\/div>\n<\/div>\n<div class=\"paragraph\">\n<div>\n<h4><b>Image Film Credits (Auswahl): <\/b><\/h4>\n<p>EXPO1998 &#8211; Deutscher Pavillon<br \/>\n1998 | KUK Filmproduktion | Josef Kluger<br \/>\n(VFX Supervisor)<\/p>\n<p>Oceanis<br \/>\n1999 | KUK Filmproduktion | Josef Kluger<br \/>\n(Production Design, VFX Supervisor)<\/p>\n<p>EXPO2000 &#8211; Deutscher Pavillon<br \/>\n2000 | KUK Filmproduktion | Josef Kluger<br \/>\n(Creative Director VFX, VFX Supervisor)<\/p>\n<p>EXPO2000 &#8211; EU Pavillon<br \/>\n2000 | KUK Filmproduktion | Josef Kluger<br \/>\n(Creative Director VFX, VFX Supervisor)<\/p>\n<p>Ocean Men &#8211; IMAX<br \/>\n2001 | H5B5 | Bob Talbot<br \/>\n(VFX Supervisor)<\/p>\n<\/div>\n<\/div>\n<div class=\"paragraph\">\n<div>\n<h4><b>Commercials (Auswahl):<\/b><\/h4>\n<p>McDonald&#8217;s, Bitburger, Milka, Deutsche Telekom, Vodafone D2, Saturn, Lichterkette e.V.<\/p>\n<h4><b>Motion Graphics Design (Auswahl):<\/b><\/h4>\n<p>ARTE, ProSiebenSat.1 Media AG, ZDF, Deutscher Filmpreis, Filmfest M\u00fcnchen<\/p>\n<\/div>\n<\/div>\n","protected":false},"excerpt":{"rendered":"<p>Vita Prof. J\u00fcrgen Schopper Verantwortlich f\u00fcr FILM &amp; ANIMATION Prof. J\u00fcrgen Schopper (geb. 1968) studierte Malerei, Design und Digitale Bildgestaltung. Er war als freier Computeranimator und als Production Designer f\u00fcr Film und TV Produktionen t\u00e4tig, ehe er 1995 bei der Hollywood-Produktion &#8222;Independence Day&#8220; als Computer Animation Artist besch\u00e4ftigt war. Der Film erhielt 1996 den Oscar\u00ae&hellip;<\/p>\n","protected":false},"author":1,"featured_media":0,"parent":76,"menu_order":10,"comment_status":"closed","ping_status":"closed","template":"","meta":{"footnotes":""},"class_list":["post-65","page","type-page","status-publish","hentry","empty-entry-meta"],"jetpack_sharing_enabled":true,"_links":{"self":[{"href":"https:\/\/d.th-nuernberg.de\/film\/wp-json\/wp\/v2\/pages\/65","targetHints":{"allow":["GET"]}}],"collection":[{"href":"https:\/\/d.th-nuernberg.de\/film\/wp-json\/wp\/v2\/pages"}],"about":[{"href":"https:\/\/d.th-nuernberg.de\/film\/wp-json\/wp\/v2\/types\/page"}],"author":[{"embeddable":true,"href":"https:\/\/d.th-nuernberg.de\/film\/wp-json\/wp\/v2\/users\/1"}],"replies":[{"embeddable":true,"href":"https:\/\/d.th-nuernberg.de\/film\/wp-json\/wp\/v2\/comments?post=65"}],"version-history":[{"count":3,"href":"https:\/\/d.th-nuernberg.de\/film\/wp-json\/wp\/v2\/pages\/65\/revisions"}],"predecessor-version":[{"id":141,"href":"https:\/\/d.th-nuernberg.de\/film\/wp-json\/wp\/v2\/pages\/65\/revisions\/141"}],"up":[{"embeddable":true,"href":"https:\/\/d.th-nuernberg.de\/film\/wp-json\/wp\/v2\/pages\/76"}],"wp:attachment":[{"href":"https:\/\/d.th-nuernberg.de\/film\/wp-json\/wp\/v2\/media?parent=65"}],"curies":[{"name":"wp","href":"https:\/\/api.w.org\/{rel}","templated":true}]}}