{"id":59,"date":"2017-12-06T09:24:41","date_gmt":"2017-12-06T08:24:41","guid":{"rendered":"https:\/\/d.th-nuernberg.de\/film\/?page_id=59"},"modified":"2018-05-21T15:25:04","modified_gmt":"2018-05-21T13:25:04","slug":"6-semester","status":"publish","type":"page","link":"https:\/\/d.th-nuernberg.de\/film\/studium\/6-semester\/","title":{"rendered":"6. Semester"},"content":{"rendered":"<div class=\"paragraph\">\n<div>\n<h4><b>KURZFILM 2<\/b><\/h4>\n<p>Es steht au\u00dfer Frage, dass die digitale Revolution das Filmemachen ver\u00e4ndert hat und weiter ver\u00e4ndern wird. Dieser Tatsache tr\u00e4gt unser Studienkonzept Rechnung.<span style=\"font-size: 22px\">\u00a0<\/span><\/p>\n<\/div>\n<\/div>\n<div class=\"paragraph\">\n<div>\n<p>Arbeitsschritte und Umsetzungsm\u00f6glichkeiten:<\/p>\n<ul>\n<li>Die Basis bildet die klassische Dramaturgie, sowie das Schreiben von Konzept und Drehbuch.<\/li>\n<li>Erstellen und Pr\u00e4sentation von Synopsis, Storyboard und Animatic.<\/li>\n<li>Filmische Umsetzung oder Gestaltung mittels 2D- und 3D-Animation oder klassischer, analoger Animation (Stop Motion, Schiebe- und Zeichentrick).<\/li>\n<li>Digitale Postproduktion: Editing (Bild und Ton), Visual Effects, Color Grading, Mischung.<\/li>\n<li>Premiere und Pr\u00e4sentation des fertigen Films bei der <a href=\"http:\/\/www.ohmrolle.de\/\" target=\"_blank\" rel=\"noopener\">ohmrolle<\/a>.<span style=\"font-size: 22px\">\u00a0<\/span><\/li>\n<\/ul>\n<\/div>\n<\/div>\n<div class=\"paragraph\">\n<div>\n<h4><b>Lernziele | Kompetenzen <\/b><\/h4>\n<p>Kenntnisse des Storytellings im digitalen Zeitalter. In Teamarbeit wird ein szenischer oder animierter Kurzfilm realisiert: Die neuen Aufgaben der Regie im Kontext der digitalen Bildgestaltung.<\/p>\n<p>Begleitend werden die Schulungen \u201eProducing\u201c, \u201eEditing\u201c und \u201eTeam Building\u201c\u00a0angeboten.<\/p>\n<\/div>\n<\/div>\n","protected":false},"excerpt":{"rendered":"<p>KURZFILM 2 Es steht au\u00dfer Frage, dass die digitale Revolution das Filmemachen ver\u00e4ndert hat und weiter ver\u00e4ndern wird. Dieser Tatsache tr\u00e4gt unser Studienkonzept Rechnung.\u00a0 Arbeitsschritte und Umsetzungsm\u00f6glichkeiten: Die Basis bildet die klassische Dramaturgie, sowie das Schreiben von Konzept und Drehbuch. Erstellen und Pr\u00e4sentation von Synopsis, Storyboard und Animatic. Filmische Umsetzung oder Gestaltung mittels 2D- und&hellip;<\/p>\n","protected":false},"author":1,"featured_media":0,"parent":79,"menu_order":6,"comment_status":"closed","ping_status":"closed","template":"","meta":{"footnotes":""},"class_list":["post-59","page","type-page","status-publish","hentry","empty-entry-meta"],"jetpack_sharing_enabled":true,"_links":{"self":[{"href":"https:\/\/d.th-nuernberg.de\/film\/wp-json\/wp\/v2\/pages\/59","targetHints":{"allow":["GET"]}}],"collection":[{"href":"https:\/\/d.th-nuernberg.de\/film\/wp-json\/wp\/v2\/pages"}],"about":[{"href":"https:\/\/d.th-nuernberg.de\/film\/wp-json\/wp\/v2\/types\/page"}],"author":[{"embeddable":true,"href":"https:\/\/d.th-nuernberg.de\/film\/wp-json\/wp\/v2\/users\/1"}],"replies":[{"embeddable":true,"href":"https:\/\/d.th-nuernberg.de\/film\/wp-json\/wp\/v2\/comments?post=59"}],"version-history":[{"count":4,"href":"https:\/\/d.th-nuernberg.de\/film\/wp-json\/wp\/v2\/pages\/59\/revisions"}],"predecessor-version":[{"id":201,"href":"https:\/\/d.th-nuernberg.de\/film\/wp-json\/wp\/v2\/pages\/59\/revisions\/201"}],"up":[{"embeddable":true,"href":"https:\/\/d.th-nuernberg.de\/film\/wp-json\/wp\/v2\/pages\/79"}],"wp:attachment":[{"href":"https:\/\/d.th-nuernberg.de\/film\/wp-json\/wp\/v2\/media?parent=59"}],"curies":[{"name":"wp","href":"https:\/\/api.w.org\/{rel}","templated":true}]}}