{"id":36,"date":"2017-12-06T09:19:03","date_gmt":"2017-12-06T08:19:03","guid":{"rendered":"https:\/\/d.th-nuernberg.de\/film\/?page_id=36"},"modified":"2018-05-21T14:33:19","modified_gmt":"2018-05-21T12:33:19","slug":"stimmen","status":"publish","type":"page","link":"https:\/\/d.th-nuernberg.de\/film\/erfolge\/stimmen\/","title":{"rendered":"Stimmen"},"content":{"rendered":"<p><b>&#8222;Die kreative Qualit\u00e4t dieser Studenten ist wirklich bemerkenswert. Auch bei l\u00e4ngeren Arbeitszeiten sind sie stets begeistert bei der Sache und liefern neue Ideen &#8211; das ist f\u00fcr eine Agentur ideal!&#8220;<\/b><br \/>\nMatthias Zentner, Head of <a href=\"http:\/\/www.velvet.de\/\" target=\"_blank\" rel=\"noopener\">Velvet<\/a> , M\u00fcnchen<\/p>\n<p><b>&#8222;Es gibt nichts Vergleichbares: die Studenten sind optimal ausgebildet und sofort einsetzbar. Sie sind kreativ, verstehen sich also nicht nur auf den Gebrauch von Software und begreifen den kompletten Workflow innerhalb der Produktionskette. Auch im Umgang mit Kunden und Kollegen, haben wir beste Erfahrungen gemacht und wollten sie am Ende des Praktikums oft gar nicht mehr gehen lassen.&#8220; <\/b><br \/>\nPhilipp Bartel, Head of <a href=\"https:\/\/www.arrimedia.de\/postproduction\/creative-solutions-commercials\/home\/\" target=\"_blank\" rel=\"noopener\">ARRI Creative Solutions \/ Commercials<\/a> , M\u00fcnchen<\/p>\n<p><b>&#8222;Diese Studenten sind wirklich die Besten. Die Qualit\u00e4t der Ausbildung ist in kreativer wie technischer Hinsicht enorm hoch und eines kommt noch hinzu und auch das ist eine Seltenheit: sie sind auf dem Boden geblieben.&#8220; <\/b><br \/>\nConny Unger und Christian K\u00fcnstler, Head of <a href=\"http:\/\/www.gate11.net\/\" target=\"_blank\" rel=\"noopener\">gate.11<\/a> , M\u00fcnchen<\/p>\n<p><b>&#8222;Wir greifen seit vielen Jahren auf die Talente der N\u00fcrnberger Hochschule zur\u00fcck und bekommen kontinuierlich beste Leistungen geboten.&#8220; <\/b><br \/>\nDominik Trimborn, Head of <a href=\"http:\/\/www.risefx.com\/index.php?menu=home\">rise FX<\/a>, M\u00fcnchen<\/p>\n<p><b>&#8222;Die Studenten sind kreativ und in der Umsetzung einfach Klasse. Sie haben sich schnell und nahtlos in unsere Teams und komplexen Strukturen eingef\u00fchrt und stellen eine echte produktive Verst\u00e4rkung im rauhen Wind der Bildgestaltung dar.&#8220; <\/b><br \/>\nFriederike Oberlin, Head of Producing, <a href=\"https:\/\/www.arrimedia.de\/home\/\" target=\"_blank\" rel=\"noopener\">ARRI Berlin-Mitte<\/a><\/p>\n<p><b>&#8222;Der beste Gespr\u00e4chspartner in Sachen Film und Animation ist Prof. J\u00fcrgen Schopper.&#8220;<\/b><br \/>\nLothar Just, ehem. Pressesprecher <a href=\"http:\/\/www.fff-bayern.de\/\" target=\"_blank\" rel=\"noopener\">FilmFernsehFonds Bayern GmbH<\/a> , M\u00fcnchen<\/p>\n","protected":false},"excerpt":{"rendered":"<p>&#8222;Die kreative Qualit\u00e4t dieser Studenten ist wirklich bemerkenswert. Auch bei l\u00e4ngeren Arbeitszeiten sind sie stets begeistert bei der Sache und liefern neue Ideen &#8211; das ist f\u00fcr eine Agentur ideal!&#8220; Matthias Zentner, Head of Velvet , M\u00fcnchen &#8222;Es gibt nichts Vergleichbares: die Studenten sind optimal ausgebildet und sofort einsetzbar. Sie sind kreativ, verstehen sich also&hellip;<\/p>\n","protected":false},"author":1,"featured_media":0,"parent":82,"menu_order":30,"comment_status":"closed","ping_status":"closed","template":"","meta":{"footnotes":""},"class_list":["post-36","page","type-page","status-publish","hentry","empty-entry-meta"],"jetpack_sharing_enabled":true,"_links":{"self":[{"href":"https:\/\/d.th-nuernberg.de\/film\/wp-json\/wp\/v2\/pages\/36","targetHints":{"allow":["GET"]}}],"collection":[{"href":"https:\/\/d.th-nuernberg.de\/film\/wp-json\/wp\/v2\/pages"}],"about":[{"href":"https:\/\/d.th-nuernberg.de\/film\/wp-json\/wp\/v2\/types\/page"}],"author":[{"embeddable":true,"href":"https:\/\/d.th-nuernberg.de\/film\/wp-json\/wp\/v2\/users\/1"}],"replies":[{"embeddable":true,"href":"https:\/\/d.th-nuernberg.de\/film\/wp-json\/wp\/v2\/comments?post=36"}],"version-history":[{"count":6,"href":"https:\/\/d.th-nuernberg.de\/film\/wp-json\/wp\/v2\/pages\/36\/revisions"}],"predecessor-version":[{"id":163,"href":"https:\/\/d.th-nuernberg.de\/film\/wp-json\/wp\/v2\/pages\/36\/revisions\/163"}],"up":[{"embeddable":true,"href":"https:\/\/d.th-nuernberg.de\/film\/wp-json\/wp\/v2\/pages\/82"}],"wp:attachment":[{"href":"https:\/\/d.th-nuernberg.de\/film\/wp-json\/wp\/v2\/media?parent=36"}],"curies":[{"name":"wp","href":"https:\/\/api.w.org\/{rel}","templated":true}]}}