{"id":261,"date":"2018-05-23T16:31:32","date_gmt":"2018-05-23T14:31:32","guid":{"rendered":"https:\/\/d.th-nuernberg.de\/film\/?page_id=261"},"modified":"2018-05-24T20:51:21","modified_gmt":"2018-05-24T18:51:21","slug":"festivals-2010","status":"publish","type":"page","link":"https:\/\/d.th-nuernberg.de\/film\/erfolge\/festivals\/festivals-2010\/","title":{"rendered":"Festivals 2010"},"content":{"rendered":"<div class=\"paragraph\">\n<div><b><a href=\"http:\/\/www.festival-cannes.fr\/en.html\" target=\"_blank\" rel=\"noopener\">63th Festival de Cannes <\/a><\/b><br \/>\n<b>&#8222;Oh wehe mir&#8220;<\/b><b><\/b><\/div>\n<div><b><a href=\"http:\/\/www.portobellofilmfestival.com\/\" target=\"_blank\" rel=\"noopener\">Portobello Filmfestival 2010, London <\/a><\/b><br \/>\n<b>&#8222;Psidomania&#8220;<\/b><b><br \/>\n<a href=\"http:\/\/www.europrix.org\/\" target=\"_blank\" rel=\"noopener\">EUROPRIX Multimedia Awards <\/a><\/b><br \/>\n<b>&#8222;Lada Niva Roscosmos&#8220;<\/b><\/div>\n<div>\n<p><b><a href=\"http:\/\/animex.tees.ac.uk\/default.cfm\" target=\"_blank\" rel=\"noopener\">animex 2010 <\/a><\/b><br \/>\n<b>&#8222;Joanna Newsom: Bridges and Balloons&#8220;<\/b><\/p>\n<p><b><a href=\"http:\/\/www.bornshorts.com\/\" target=\"_blank\" rel=\"noopener\">Bornshorts Film Festival 2010 D\u00e4nemark <\/a><\/b><br \/>\n<b>&#8222;67\u00b0 Nord&#8220;<\/b><br \/>\n<b>&#8222;Robosonic: Sprachfehler&#8220;<\/b><\/p>\n<p><b><a href=\"http:\/\/www.clermont-filmfest.com\/\" target=\"_blank\" rel=\"noopener\">32. Festival International du Court M\u00e9trage Clermont-Ferrand <\/a><\/b><br \/>\n<b>&#8222;Let There Be Sound&#8220; <\/b><\/p>\n<p><b><a href=\"http:\/\/www.eeofe.org\/de\/4_veranstaltungen\/4_3_awards\/index.php\" target=\"_blank\" rel=\"noopener\">12. Internationale Eyes &amp; Ears Awards 2010 <\/a><\/b><br \/>\n<b>&#8222;WWF &#8211; Year of the Gorilla&#8220;<\/b><\/p>\n<p><b><a href=\"http:\/\/www.landshuter-kurzfilmfestival.de\/\" target=\"_blank\" rel=\"noopener\">11. Landshuter Kurzfilmfestival<\/a><\/b><br \/>\n<b>&#8222;Das Protokoll&#8220;<\/b><\/p>\n<p><b><a href=\"http:\/\/www.bambergerkurzfilmtage.de\/\" target=\"_blank\" rel=\"noopener\">20. Bamberger Kurzfilmtage <\/a><\/b><br \/>\n<b>&#8222;Robosonic: Sprachfehler&#8220;<\/b><\/p>\n<p><b><a href=\"http:\/\/www.cineglobe.ch\/\" target=\"_blank\" rel=\"noopener\">Cineglobe Film Festival <\/a><\/b><br \/>\n<b>&#8222;Let There Be Sound&#8220; <\/b><\/p>\n<p><b><a href=\"http:\/\/fm4.orf.at\/stories\/1633836\/\" target=\"_blank\" rel=\"noopener\">Vienna independent shorts: FM4 Geburtstagsfest Wien<\/a><\/b><br \/>\n<b>&#8222;The Notwist: One With The Freaks&#8220; <\/b><\/p>\n<p><b><a href=\"http:\/\/sffrated.wordpress.com\/\" target=\"_blank\" rel=\"noopener\">SFF-rated Athens Intl Sci-fi &amp; Fantasy Film Festival <\/a><\/b><br \/>\n<b>&#8222;Let There Be Sound&#8220; <\/b><\/p>\n<p><b><a href=\"http:\/\/shortsup.ro\/\" target=\"_blank\" rel=\"noopener\">ShortsUP <\/a><\/b><br \/>\n<b>&#8222;Joanna Newsom: Bridges and Balloons&#8220;<\/b><\/p>\n<p><b><a href=\"http:\/\/web.mit.edu\/shortfilm\/\" target=\"_blank\" rel=\"noopener\">MIT European Short Film Festival 2010 &#8211; Cambridge, USA <\/a><\/b><br \/>\n<b>&#8222;Robosonic: Sprachfehler&#8220;<\/b><br \/>\n<b>&#8222;Let There Be Sound&#8220; <\/b><br \/>\n<b>&#8222;67\u00b0 Nord&#8220;<\/b><\/p>\n<p><b><a href=\"http:\/\/www.filmfestivalrotterdam.com\/nl\" target=\"_blank\" rel=\"noopener\">International Film Festival Rotterdam <\/a><\/b><br \/>\n<b>&#8222;Joanna Newsom: Bridges and Balloons&#8220;<\/b><\/p>\n<p><b><a href=\"http:\/\/www.ecufilmfestival.com\/\" target=\"_blank\" rel=\"noopener\">The European Independent Film Festival &#8211; \u00c9CU 2010 <\/a><\/b><br \/>\n<b>&#8222;Let There Be Sound&#8220; <\/b><\/p>\n<p><b><a href=\"http:\/\/kitaso.de\/\" target=\"_blank\" rel=\"noopener\">9. [ki&#8217;ta:so]-Filmtage <\/a><\/b><br \/>\n<b>&#8222;67\u00b0 Nord&#8220;<\/b><br \/>\n<b>&#8222;Let There Be Sound&#8220; <\/b><br \/>\n<b>&#8222;Troy von Balthazar: CATT&#8220; <\/b><br \/>\n<b>&#8222;Der Weg&#8220;<\/b><\/p>\n<p><b><a href=\"http:\/\/www.anifest.cz\/\" target=\"_blank\" rel=\"noopener\">AniFest 2010, Czech Republic <\/a><\/b><br \/>\n<b>&#8222;Joanna Newsom: Bridges and Balloons&#8220;<\/b><\/p>\n<p><b><a href=\"http:\/\/www.llf.pl\/\" target=\"_blank\" rel=\"noopener\">38. Lubuskie Lato Filmowe Lag\u00f3w 2010 <\/a><\/b><br \/>\n<b>&#8222;67\u00b0 Nord&#8220;<\/b><\/p>\n<p><b><a href=\"http:\/\/www.filmfest-dresden.de\/\" target=\"_blank\" rel=\"noopener\">22. Filmfest Dresden<\/a><\/b><br \/>\n<b>&#8222;Das Protokoll&#8220;<\/b><\/p>\n<p><b><a href=\"http:\/\/www.curtocircuito.org\/\" target=\"_blank\" rel=\"noopener\">Curtocircuito &#8211; Festival Internacional de Curtametraxes de Santiago de Compostela <\/a><\/b><br \/>\n<b>&#8222;Let There Be Sound&#8220; <\/b><\/p>\n<p><b><a href=\"http:\/\/2010.sehsuechte.de\/freitag.html\" target=\"_blank\" rel=\"noopener\">Internationales Studentenfilmfestival sehs\u00fcchte 2010, Potsdam <\/a><\/b><br \/>\n<b>&#8222;Robosonic: Sprachfehler&#8220;<\/b><\/p>\n<p><b><a href=\"http:\/\/www.anifilm.cz\/en\/\" target=\"_blank\" rel=\"noopener\">Anifilm &#8211; International Festival of Animated Films <\/a><\/b><br \/>\n<b>&#8222;Let There Be Sound&#8220; <\/b><\/p>\n<p><b><a href=\"http:\/\/www.shortshots.de\/berlin\/programm.html\" target=\"_blank\" rel=\"noopener\">Short Shots <\/a><\/b><br \/>\n<b>&#8222;Robosonic: Sprachfehler&#8220;<\/b><\/p>\n<p><b><a href=\"http:\/\/zoom.karkonosze.com\/node\/95\" target=\"_blank\" rel=\"noopener\">13. International Film Festival ZOOM-ZBLIZENIA 2010 <\/a><\/b><br \/>\n<b>&#8222;67\u00b0 Nord&#8220;<\/b><\/p>\n<p><b><a href=\"http:\/\/www.backup-festival.de\/de\/Home\" target=\"_blank\" rel=\"noopener\">backup_festival 2010 <\/a><\/b><br \/>\n<b>&#8222;Robosonic: Sprachfehler&#8220;<\/b><\/p>\n<p><b><a href=\"http:\/\/festival.shortfilm.com\/\" target=\"_blank\" rel=\"noopener\">26. KurzFilmFestival Hamburg &#8211; TAUFRISCH<\/a><\/b><br \/>\n<b>&#8222;Let There Be Sound&#8220; <\/b><\/p>\n<p><b><a href=\"http:\/\/www.20minmax.de\/program\" target=\"_blank\" rel=\"noopener\">20min|max Kurzfilmfestival 2010 <\/a><\/b><br \/>\n<b>&#8222;Robosonic: Sprachfehler&#8220;<\/b><br \/>\n<b>&#8222;67\u00b0 Nord&#8220;<\/b><\/p>\n<p><b><a href=\"http:\/\/www.emaf.de\/\" target=\"_blank\" rel=\"noopener\">23. European Media Art Festival Osnabr\u00fcck &#8211; EMAF 2010 <\/a><\/b><br \/>\n<b>&#8222;Joanna Newsom: Bridges and Balloons&#8220;<\/b><br \/>\n<b>&#8222;Robosonic: Sprachfehler&#8220;<\/b><\/p>\n<p><b><a href=\"http:\/\/www.kontrast-filmfest.de\/\" target=\"_blank\" rel=\"noopener\">kontrast &#8211; Bayreuther Filmfest 2010<\/a><\/b><br \/>\n<b>&#8222;Lent\u00e4v\u00e4 Tytt\u00f6&#8220; <\/b><\/p>\n<p><b><a href=\"http:\/\/werkstatt.jungefilmszene.de\/programm\/prog_all.php\" target=\"_blank\" rel=\"noopener\">Werkstatt der jungen Filmszene 2010 <\/a><\/b><br \/>\n<b>&#8222;Robosonic: Sprachfehler&#8220;<\/b><\/p>\n<p><b><a href=\"http:\/\/www.cinecitta.de\/events\/einmalige-events\/acton-kurzfilmfestival\" target=\"_blank\" rel=\"noopener\">ACT!ON KurzFilmFestival <\/a><\/b><br \/>\n<b>&#8222;Achsensprung&#8220;<\/b><br \/>\n<b>&#8222;Elfi und der Tod&#8220; <\/b><br \/>\n<b>&#8222;Im Schatten&#8220; <\/b><br \/>\n<b>&#8222;Joanna Newsom: Bridges and Balloons&#8220;<\/b><br \/>\n<b>&#8222;Let There Be Sound&#8220; <\/b><br \/>\n<b>&#8222;Troy von Balthazar: CATT&#8220; <\/b><\/p>\n<p><b><a href=\"http:\/\/www.jugendmedienfestival.de\/\" target=\"_blank\" rel=\"noopener\">Jugendmedienfestival Berlin 2010 <\/a><\/b><br \/>\n<b>&#8222;Robosonic: Sprachfehler&#8220;<\/b><\/p>\n<p><b><a href=\"http:\/\/www.umbriafilmfestival.com\/\" target=\"_blank\" rel=\"noopener\">Umbria Film Festival 2010 &#8211; Shorts for Children <\/a><\/b><br \/>\n<b>&#8222;Let There Be Sound&#8220; <\/b><\/p>\n<p><b><a href=\"http:\/\/www.feminafest.com.br\/\" target=\"_blank\" rel=\"noopener\">Femina 2010, Brasil <\/a><\/b><br \/>\n<b>&#8222;Joanna Newsom: Bridges and Balloons&#8220;<\/b><\/p>\n<p><b><a href=\"http:\/\/www.icfilms.org\/\" target=\"_blank\" rel=\"noopener\">I&#8217;VE SEEN FILMS &#8211; INTERNATIONAL FILM FESTIVAL 2010 <\/a><\/b><br \/>\n<b>&#8222;Robosonic: Sprachfehler&#8220;<\/b><\/p>\n<p><b><a href=\"http:\/\/www.comic-salon.de\/\" target=\"_blank\" rel=\"noopener\">14. Internationaler Comic-Salon Erlangen <\/a><\/b><br \/>\n<b>&#8222;Vincent&#8220;<\/b><br \/>\n<b>&#8222;67\u00b0 Nord&#8220;<\/b><\/p>\n<p><b><a href=\"http:\/\/n.enh.pl\/\" target=\"_blank\" rel=\"noopener\">Era New Horizons IFF 2010 Festival, Poland <\/a><\/b><br \/>\n<b>&#8222;Joanna Newsom: Bridges and Balloons&#8220;<\/b><\/p>\n<p><b><a href=\"http:\/\/www.hamiltonmusicfilmfest.com\/\" target=\"_blank\" rel=\"noopener\">Hamilton Music &amp; Film Festival &#8211; HMFF2010, Canada <\/a><\/b><br \/>\n<b>&#8222;Robosonic: Sprachfehler&#8220;<\/b><\/p>\n<p><b><a href=\"http:\/\/www.filmfest-weiterstadt.de\/\" target=\"_blank\" rel=\"noopener\">34. Weiterst\u00e4dter Filmfest <\/a><\/b><br \/>\n<b>&#8222;Let There Be Sound&#8220; <\/b><br \/>\n<b>&#8222;67\u00b0 Nord&#8220;<\/b><\/p>\n<p><b><a href=\"http:\/\/thefilmfoundation.org\/\" target=\"_blank\" rel=\"noopener\">Cinefiesta 2010, San Juan, Puerto Rico <\/a><\/b><br \/>\n<b>&#8222;Robosonic: Sprachfehler&#8220;<\/b><\/p>\n<p><b><a href=\"http:\/\/www.musikfilmtage-oberaudorf.de\/\" target=\"_blank\" rel=\"noopener\">3. Musikfilmtage Oberaudorf <\/a><\/b><br \/>\n<b>&#8222;Let There Be Sound&#8220; <\/b><\/p>\n<p><b><a href=\"http:\/\/www.sardiniafilmfestival.it\/\" target=\"_blank\" rel=\"noopener\">Sardinia Film Festival 2010 <\/a><\/b><br \/>\n<b>&#8222;Robosonic: Sprachfehler&#8220;<\/b><\/p>\n<p><b><a href=\"http:\/\/kitaso.de\/\" target=\"_blank\" rel=\"noopener\">10. [ki&#8217;ta:so]-Filmtage <\/a><\/b><br \/>\n<b>&#8222;Der Akrobat&#8220;<\/b><\/p>\n<p><b><a href=\"http:\/\/www.3dwire.es\/mercado.html\" target=\"_blank\" rel=\"noopener\">3D Wire Animation Market <\/a><\/b><br \/>\n<b>&#8222;Let There Be Sound&#8220; <\/b><\/p>\n<p><b><a href=\"http:\/\/www.digitalmedia-world.com\/index.php?option=com_content&amp;view=category&amp;layout=blog&amp;id=53&amp;Itemid=77\" target=\"_blank\" rel=\"noopener\">2010 Australian Effects &amp; Animation Festival <\/a><\/b><br \/>\n<b>&#8222;WWF &#8211; Year of the Gorilla&#8220;<\/b><\/p>\n<p><b><a href=\"http:\/\/www.concorto.com\/\" target=\"_blank\" rel=\"noopener\">Concorto Film Festival <\/a><\/b><br \/>\n<b>&#8222;Let There Be Sound&#8220; <\/b><\/p>\n<p><b><a href=\"http:\/\/www.busho.hu\/\" target=\"_blank\" rel=\"noopener\">BuSho Film Festival, Hungary <\/a><\/b><br \/>\n<b>&#8222;Robosonic: Sprachfehler&#8220;<\/b><\/p>\n<p><b><a href=\"http:\/\/www.dugrainademoudre.net\/\" target=\"_blank\" rel=\"noopener\">du grain \u00e0 d\u00e9moudre <\/a><\/b><br \/>\n<b>&#8222;Let There Be Sound&#8220; <\/b><\/p>\n<p><b><a href=\"http:\/\/www.itva.de\/\" target=\"_blank\" rel=\"noopener\">18. ITVA-Award<\/a><\/b><br \/>\n<b>&#8222;Der Akrobat&#8220;<\/b><\/p>\n<p><b><a href=\"http:\/\/www.molisecinema.it\/\" target=\"_blank\" rel=\"noopener\">MoliseCinema <\/a><\/b><br \/>\n<b>&#8222;Let There Be Sound&#8220; <\/b><\/p>\n<p><b><a href=\"http:\/\/www.cinefest.hu\/hu\/hirek.html\" target=\"_blank\" rel=\"noopener\">JamesonCineFest-Miskolc, Hungary <\/a><\/b><br \/>\n<b>&#8222;67\u00b0 Nord&#8220;<\/b><\/p>\n<p><b><a href=\"http:\/\/www.discoveryfilmfestival.org.uk\/\" target=\"_blank\" rel=\"noopener\">Discovery Film Festival <\/a><\/b><br \/>\n<b>&#8222;Let There Be Sound&#8220; <\/b><\/p>\n<p><b><a href=\"http:\/\/www.haff.nl\/nl\/\" target=\"_blank\" rel=\"noopener\">Holland Animation Film Festival 2010 <\/a><\/b><br \/>\n<b>&#8222;WWF &#8211; Year of the Gorilla&#8220;<\/b><\/p>\n<p><b><a href=\"http:\/\/www.contravision.de\/\" target=\"_blank\" rel=\"noopener\">18th international contravision film festival <\/a><\/b><br \/>\n<b>&#8222;Robosonic: Sprachfehler&#8220;<\/b><\/p>\n<p><b><a href=\"http:\/\/www.onedotzero.com\/onedotzero-adventures-in-motion-festival-2010-11\/event\/\" target=\"_blank\" rel=\"noopener\">onedotzero_adventures in motion international festival 2010 <\/a><\/b><br \/>\n<b>&#8222;Psidomania&#8220;<\/b><\/p>\n<p><b><a href=\"http:\/\/www.ozufilmfestival.com\/\" target=\"_blank\" rel=\"noopener\">Yasujiro Ozu International Short Film Festival <\/a><\/b><br \/>\n<b>&#8222;Oh wehe mir&#8220;<\/b><\/p>\n<p><b><a href=\"http:\/\/www.regensburger-kurzfilmwoche.de\/\" target=\"_blank\" rel=\"noopener\">Regensburger Kurzfilmwoche <\/a><\/b><br \/>\n<b>&#8222;Let There Be Sound&#8220; <\/b><\/p>\n<p><b><a href=\"http:\/\/www.eiseverywhere.com\/ehome\/index.php?eventid=16568&amp;tabid=20677\" target=\"_blank\" rel=\"noopener\">Adobe Film Festival, Las Vegas <\/a><\/b><br \/>\n<b>&#8222;Der Akrobat&#8220;<\/b><\/p>\n<\/div>\n<\/div>\n","protected":false},"excerpt":{"rendered":"<p>63th Festival de Cannes &#8222;Oh wehe mir&#8220; Portobello Filmfestival 2010, London &#8222;Psidomania&#8220; EUROPRIX Multimedia Awards &#8222;Lada Niva Roscosmos&#8220; animex 2010 &#8222;Joanna Newsom: Bridges and Balloons&#8220; Bornshorts Film Festival 2010 D\u00e4nemark &#8222;67\u00b0 Nord&#8220; &#8222;Robosonic: Sprachfehler&#8220; 32. Festival International du Court M\u00e9trage Clermont-Ferrand &#8222;Let There Be Sound&#8220; 12. Internationale Eyes &amp; Ears Awards 2010 &#8222;WWF &#8211; Year&hellip;<\/p>\n","protected":false},"author":1,"featured_media":0,"parent":25,"menu_order":0,"comment_status":"closed","ping_status":"closed","template":"","meta":{"footnotes":""},"class_list":["post-261","page","type-page","status-publish","hentry","empty-entry-meta"],"jetpack_sharing_enabled":true,"_links":{"self":[{"href":"https:\/\/d.th-nuernberg.de\/film\/wp-json\/wp\/v2\/pages\/261","targetHints":{"allow":["GET"]}}],"collection":[{"href":"https:\/\/d.th-nuernberg.de\/film\/wp-json\/wp\/v2\/pages"}],"about":[{"href":"https:\/\/d.th-nuernberg.de\/film\/wp-json\/wp\/v2\/types\/page"}],"author":[{"embeddable":true,"href":"https:\/\/d.th-nuernberg.de\/film\/wp-json\/wp\/v2\/users\/1"}],"replies":[{"embeddable":true,"href":"https:\/\/d.th-nuernberg.de\/film\/wp-json\/wp\/v2\/comments?post=261"}],"version-history":[{"count":7,"href":"https:\/\/d.th-nuernberg.de\/film\/wp-json\/wp\/v2\/pages\/261\/revisions"}],"predecessor-version":[{"id":286,"href":"https:\/\/d.th-nuernberg.de\/film\/wp-json\/wp\/v2\/pages\/261\/revisions\/286"}],"up":[{"embeddable":true,"href":"https:\/\/d.th-nuernberg.de\/film\/wp-json\/wp\/v2\/pages\/25"}],"wp:attachment":[{"href":"https:\/\/d.th-nuernberg.de\/film\/wp-json\/wp\/v2\/media?parent=261"}],"curies":[{"name":"wp","href":"https:\/\/api.w.org\/{rel}","templated":true}]}}