{"id":233,"date":"2018-05-22T17:03:29","date_gmt":"2018-05-22T15:03:29","guid":{"rendered":"https:\/\/d.th-nuernberg.de\/film\/?page_id=233"},"modified":"2018-05-23T16:39:41","modified_gmt":"2018-05-23T14:39:41","slug":"festivals-2009","status":"publish","type":"page","link":"https:\/\/d.th-nuernberg.de\/film\/erfolge\/festivals\/festivals-2009\/","title":{"rendered":"Festivals 2009"},"content":{"rendered":"<p><strong><a href=\"http:\/\/www.encounters-festival.org.uk\/\">15th Encounters Short Film Festival <\/a><\/strong><br \/>\n<strong>&#8222;Let There Be Sound&#8220; <\/strong><\/p>\n<p><strong><a href=\"http:\/\/dac.escet.urjc.es\/rvmaster\/sigmad-animation-festival-2009\">SIGMAD Animation Festival 2009, Madrid <\/a><\/strong><br \/>\n<strong>&#8222;67\u00b0 Nord&#8220;<\/strong><\/p>\n<p><strong><a href=\"http:\/\/www.sdchildrensfilm.org\/\">San Diego International Children&#8217;s Film Festival <\/a><\/strong><br \/>\n<strong>&#8222;Im Schatten&#8220; <\/strong><\/p>\n<p><strong><a href=\"http:\/\/www.independentdays.de\/\">Independent Days 9 Karlsruhe <\/a><\/strong><br \/>\n<strong>&#8222;Kleingeldprinzessin und die Stadtpiraten: Zimmer&#8220; <\/strong><\/p>\n<p><strong><a href=\"http:\/\/www.lachildrensfilm.org\/\">5th Annual Los Angeles International Children&#8217;s Film Festival <\/a><\/strong><br \/>\n<strong>&#8222;Im Schatten&#8220; <\/strong><\/p>\n<p><strong><a href=\"http:\/\/haff.awn.com\/\">Holland Animation Film Festival 2009 <\/a><\/strong><br \/>\n<strong>&#8222;Glore&#8220; <\/strong><\/p>\n<p><strong><a href=\"http:\/\/www.trickywomen.at\/\">Tricky Women 2009 Wien <\/a><\/strong><br \/>\n<strong>&#8222;Kleingeldprinzessin und die Stadtpiraten: Zimmer&#8220; <\/strong><\/p>\n<p><strong><a href=\"http:\/\/zoom.karkonosze.com\/\">12. International Film Festival &#8222;ZOOM &#8211; ZBLIZENIA 2009&#8220;, Poland <\/a><\/strong><br \/>\n<strong>&#8222;Im Schatten&#8220; <\/strong><\/p>\n<p><strong><a href=\"http:\/\/www.shortshots.de\/\">Short Shots Berlin <\/a><\/strong><br \/>\n<strong>&#8222;Kleingeldprinzessin und die Stadtpiraten: Zimmer&#8220; <\/strong><\/p>\n<p><strong><a href=\"http:\/\/www.narkolepsy.com\/\">Narkolepsy &#8211; Grenoble International Short Film Festival <\/a><\/strong><br \/>\n<strong>&#8222;\u00a1AY Caramba!&#8220;<\/strong><\/p>\n<p><strong><a href=\"http:\/\/www.ecufilmfestival.com\/\">\u00c9CU: The European Independent Film Festival 2009 <\/a><\/strong><br \/>\n<strong>&#8222;Glore&#8220; <\/strong><\/p>\n<p><strong><a href=\"http:\/\/www.filmfestivalrotterdam.com\/\">38th International Film Festival Rotterdam <\/a><\/strong><br \/>\n<strong>&#8222;Kleingeldprinzessin und die Stadtpiraten: Zimmer&#8220; <\/strong><\/p>\n<p><strong><a href=\"http:\/\/www.exground.com\/\">exground filmfest<\/a><\/strong><br \/>\n<strong>&#8222;Let There Be Sound&#8220; <\/strong><\/p>\n<p><strong><a href=\"http:\/\/www.fest-der-filme.de\/\">5. International Short Film Festival Detmold <\/a><\/strong><br \/>\n<strong>&#8222;Im Schatten&#8220; <\/strong><\/p>\n<p><strong><a href=\"http:\/\/www.emergeandsee.org\/\">EMERGEANDSEE 2009 <\/a><\/strong><br \/>\n<strong>&#8222;Kleingeldprinzessin und die Stadtpiraten: Zimmer&#8220; <\/strong><\/p>\n<p><strong><a href=\"http:\/\/www.youngcinemaart.pl\/\">Young Cinema Art World Student Film Festival <\/a><\/strong><br \/>\n<strong>&#8222;Let There Be Sound&#8220; <\/strong><\/p>\n<p><strong><a href=\"http:\/\/www.staatsschauspiel-dresden.de\/front_end\/index.php\">Staatsschauspiel Dresden: Neubaunacht 2009 <\/a><\/strong><br \/>\n<strong>&#8222;Im Schatten&#8220; <\/strong><\/p>\n<p><strong><a href=\"http:\/\/www.kitaso.de\/\">[ki&#8217;ta:so]-Filmtage 2009 <\/a><\/strong><br \/>\n<strong>&#8222;Joanna Newsom: Bridges and Balloons&#8220;<\/strong><br \/>\n<strong>&#8222;Im Schatten&#8220; <\/strong><br \/>\n<strong>&#8222;Achsensprung&#8220;<\/strong><br \/>\n<strong>&#8222;Das Protokoll&#8220;<\/strong><br \/>\n<strong>&#8222;Robosonic: Sprachfehler&#8220;<\/strong><\/p>\n<p><strong><a href=\"http:\/\/www.freshfilmfest.net\/\">Fresh Film Fest 2009, Karlovy Vary, Czech Republic <\/a><\/strong><br \/>\n<strong>&#8222;Let There Be Sound&#8220; <\/strong><br \/>\n<strong style=\"font-size: 18px\"><a href=\"http:\/\/www.filmkunstfest-mv.de\/kurzfilmnacht\/\"><br \/>\n19. Filmkunstfest Schwerin<br \/>\n<\/a><\/strong><strong style=\"font-size: 18px\">&#8222;Im Schatten&#8220;\u00a0<\/strong><\/p>\n<p><strong><a href=\"http:\/\/www.videor-art-foundation.com\/_de\/wettbewerbe\/wettbewerbe.html\">movies &amp; stills 2009 <\/a><\/strong><br \/>\n<strong>&#8222;Joanna Newsom: Bridges and Balloons&#8220;<\/strong><\/p>\n<p><strong><a href=\"http:\/\/www.directorsnotes.com\/2009\/08\/27\/reading-leeds-festival-time\/\">Reading &amp; Leeds 2009 Festival<\/a><\/strong><br \/>\n<strong>&#8222;Let There Be Sound&#8220; <\/strong><\/p>\n<p><strong><a href=\"http:\/\/www.medfilmfestival.org\/\">MedFilm Festival, Rom <\/a><\/strong><br \/>\n<strong>&#8222;\u00a1AY Caramba!&#8220;<\/strong><\/p>\n<p><strong><a href=\"http:\/\/www.wdr.de\/\">WDR Kurzfilmnacht <\/a><\/strong><br \/>\n<strong>&#8222;Joanna Newsom: Bridges and Balloons&#8220;<\/strong><\/p>\n<p><strong><a href=\"http:\/\/www.interfilm.de\/festival2009\/home.html\">interfilm International Short Film Festival <\/a><\/strong><br \/>\n<strong>&#8222;Let There Be Sound&#8220; <\/strong><\/p>\n<p><strong><a href=\"http:\/\/www.viralvideoaward.com\/\">Viral Video Award 2009 <\/a><\/strong><br \/>\n<strong>&#8222;Robosonic: Sprachfehler&#8220;<\/strong><\/p>\n<p><strong><a href=\"http:\/\/www.nmn.de\/weitere.0.html?&amp;pruid=2879&amp;cHash=6ca212f963\">Kurzfilmnacht im Neuen Museum N\u00fcrnberg <\/a><\/strong><br \/>\n<strong>&#8222;Joanna Newsom: Bridges and Balloons&#8220;<\/strong><\/p>\n<p><strong><a href=\"http:\/\/www.flimmer.nu\/english\/index.html\">Flimmer Norrk\u00f6pings Filmfestival, Schweden <\/a><\/strong><br \/>\n<strong>&#8222;67\u00b0 Nord&#8220;<\/strong><\/p>\n<p><strong><a href=\"http:\/\/www.filmfestival.muenster.de\/_2009_\/\">Filmfestival M\u00fcnster 2009 <\/a><\/strong><br \/>\n<strong>&#8222;Let There Be Sound&#8220; <\/strong><\/p>\n<p><strong><a href=\"http:\/\/www.soundtrackcologne.de\/\">SoundTrack_Cologne 6.0<\/a><\/strong><br \/>\n<strong>&#8222;Let There Be Sound&#8220; <\/strong><\/p>\n<p><strong><a href=\"http:\/\/www.altinportakal.org.tr\/\">Antalya Short Film Festival <\/a><\/strong><br \/>\n<strong>&#8222;Im Schatten&#8220; <\/strong><\/p>\n<p><strong><a href=\"http:\/\/www.filmfest-osnabrueck.de\/\">24.Unabh\u00e4ngiges Filmfest Osnabr\u00fcck <\/a><\/strong><br \/>\n<strong>&#8222;67\u00b0 Nord&#8220;<\/strong><\/p>\n<p><strong><a href=\"http:\/\/www.nonstopfilm.info\/\">24 Stunden von N\u00fcrnberg<\/a><\/strong><br \/>\n<strong>&#8222;Das Protokoll&#8220;<\/strong><br \/>\n<strong>&#8222;Achsensprung&#8220;<\/strong><br \/>\n<strong>&#8222;Entlaufen&#8220;<\/strong><br \/>\n<strong>&#8222;Dadajugend: You just got recorded&#8220;<\/strong><\/p>\n<p><strong><a href=\"http:\/\/www.medientage-muenchen.de\/\">Medientage M\u00fcnchen 2009 <\/a><\/strong><br \/>\n<strong>&#8222;Joanna Newsom: Bridges and Balloons&#8220;<\/strong><\/p>\n<p><strong><a href=\"http:\/\/www.poff.ee\/anima\/\">Animated Dreams &#8211; 11. Animation Film Festival Estland <\/a><\/strong><br \/>\n<strong>&#8222;67\u00b0 Nord&#8220;<\/strong><\/p>\n<p><strong><a href=\"http:\/\/www.bambergerkurzfilmtage.de\/\"> Bamberger Kurzfilmtage <\/a><\/strong><br \/>\n<strong>&#8222;Robosonic: Sprachfehler&#8220;<\/strong><\/p>\n<p><strong><a href=\"http:\/\/www.animest.ro\/\">anim\u00b4est &#8211; International Animation Film Festival Bukarest <\/a><\/strong><br \/>\n<strong>&#8222;67\u00b0 Nord&#8220;<\/strong><\/p>\n<p><strong><a href=\"http:\/\/www.efemka.filmforum.pl\/english.php\">7. European Cinema Youth Festival Warschau <\/a><\/strong><br \/>\n<strong>&#8222;67\u00b0 Nord&#8220;<\/strong><\/p>\n<p><b><a href=\"http:\/\/www.biki.or.kr\/\" target=\"_blank\" rel=\"noopener\">4th Busan International Kid&#8217;s Film Festival &#8211; BiKi<\/a><\/b><br \/>\n<b>&#8222;Lent\u00e4v\u00e4 Tytt\u00f6&#8220; <\/b><\/p>\n<p><b><a href=\"http:\/\/www.filmfestival-landau.de\/\" target=\"_blank\" rel=\"noopener\">La.Meko Filmfestival 2009 <\/a><\/b><br \/>\n<b>&#8222;Robosonic: Sprachfehler&#8220;<\/b><\/p>\n<p><b><a href=\"http:\/\/www.izmirkisafilm.org\/festival10\/tr\/fin_list.html\" target=\"_blank\" rel=\"noopener\">10. International Izmir Short Film Festival<\/a><\/b><br \/>\n<b>&#8222;Das Protokoll&#8220;<\/b><\/p>\n<p><b><a href=\"http:\/\/www.aniwow-online.com\/\" target=\"_blank\" rel=\"noopener\">Aniwow Awards 2009, Beijing <\/a><\/b><br \/>\n<b>&#8222;WWF &#8211; Year of the Gorilla&#8220;<\/b><\/p>\n","protected":false},"excerpt":{"rendered":"<p>15th Encounters Short Film Festival &#8222;Let There Be Sound&#8220; SIGMAD Animation Festival 2009, Madrid &#8222;67\u00b0 Nord&#8220; San Diego International Children&#8217;s Film Festival &#8222;Im Schatten&#8220; Independent Days 9 Karlsruhe &#8222;Kleingeldprinzessin und die Stadtpiraten: Zimmer&#8220; 5th Annual Los Angeles International Children&#8217;s Film Festival &#8222;Im Schatten&#8220; Holland Animation Film Festival 2009 &#8222;Glore&#8220; Tricky Women 2009 Wien &#8222;Kleingeldprinzessin und&hellip;<\/p>\n","protected":false},"author":1,"featured_media":0,"parent":25,"menu_order":0,"comment_status":"closed","ping_status":"closed","template":"","meta":{"footnotes":""},"class_list":["post-233","page","type-page","status-publish","hentry","empty-entry-meta"],"jetpack_sharing_enabled":true,"_links":{"self":[{"href":"https:\/\/d.th-nuernberg.de\/film\/wp-json\/wp\/v2\/pages\/233","targetHints":{"allow":["GET"]}}],"collection":[{"href":"https:\/\/d.th-nuernberg.de\/film\/wp-json\/wp\/v2\/pages"}],"about":[{"href":"https:\/\/d.th-nuernberg.de\/film\/wp-json\/wp\/v2\/types\/page"}],"author":[{"embeddable":true,"href":"https:\/\/d.th-nuernberg.de\/film\/wp-json\/wp\/v2\/users\/1"}],"replies":[{"embeddable":true,"href":"https:\/\/d.th-nuernberg.de\/film\/wp-json\/wp\/v2\/comments?post=233"}],"version-history":[{"count":4,"href":"https:\/\/d.th-nuernberg.de\/film\/wp-json\/wp\/v2\/pages\/233\/revisions"}],"predecessor-version":[{"id":270,"href":"https:\/\/d.th-nuernberg.de\/film\/wp-json\/wp\/v2\/pages\/233\/revisions\/270"}],"up":[{"embeddable":true,"href":"https:\/\/d.th-nuernberg.de\/film\/wp-json\/wp\/v2\/pages\/25"}],"wp:attachment":[{"href":"https:\/\/d.th-nuernberg.de\/film\/wp-json\/wp\/v2\/media?parent=233"}],"curies":[{"name":"wp","href":"https:\/\/api.w.org\/{rel}","templated":true}]}}