{"id":165,"date":"2018-05-20T18:16:43","date_gmt":"2018-05-20T16:16:43","guid":{"rendered":"https:\/\/d.th-nuernberg.de\/film\/?page_id=165"},"modified":"2018-10-19T17:14:14","modified_gmt":"2018-10-19T15:14:14","slug":"fiona-pleasance","status":"publish","type":"page","link":"https:\/\/d.th-nuernberg.de\/film\/info\/team\/fiona-pleasance\/","title":{"rendered":"Fiona Pleasance"},"content":{"rendered":"<p><strong>Verantwortlich f\u00fcr Filmgeschichte\u00a0<\/strong><\/p>\n<p>Fiona Pleasance ist gr\u00f6\u00dftenteils in Gro\u00dfbritannien aufgewachsen, und verbrachte dort viel Zeit vor dem Fernseher mit alten Hollywood-Klassikern. Sie studierte ihren Bachelor in Geschichte und anschlie\u00dfend einen Master in Film Studies.<\/p>\n<p>Nach dem Studium zog es sie nach M\u00fcnchen, um dort in der Film-\/Videoproduktion Fu\u00df zu fassen. Sie arbeitete, unter anderem f\u00fcr das Bildungsfernsehen, in vielen Stationen der Produktion, und \u00fcbernahm die Projektleitung und den digitalen Videoschnitt.\u00a0 1995 setzte sie diese Arbeit in N\u00fcrnberg bei einem der gr\u00f6\u00dften Medienproduzenten der Region fort und wurde Leiterin der Abteilung Film\/Video.<\/p>\n<p>2009 hielt Fiona Pleasance ihre ersten Lehrauftr\u00e4ge an der Hochschule Ansbach, seit 2010 zus\u00e4tzlich an der Fakult\u00e4t Design der TH N\u00fcrnberg.\u00a0Ihre Spezialgebiete sind Filmgeschichte und Filmanalyse, die sie im 4. und im 6. Semester in den Wahlpflichtf\u00e4chern \u201eDas bewegte Bild 1 &amp; 2\u201c unterrichtet.<\/p>\n<p>Sie h\u00e4lt auch Lehrerfortbildungen und in loser Folge Filmabende am DAI N\u00fcrnberg, arbeitet ehrenamtlich im Casablanca Kino, und verbringt immer noch viel zu viel Zeit beim Filmegucken.<\/p>\n","protected":false},"excerpt":{"rendered":"<p>Verantwortlich f\u00fcr Filmgeschichte\u00a0 Fiona Pleasance ist gr\u00f6\u00dftenteils in Gro\u00dfbritannien aufgewachsen, und verbrachte dort viel Zeit vor dem Fernseher mit alten Hollywood-Klassikern. Sie studierte ihren Bachelor in Geschichte und anschlie\u00dfend einen Master in Film Studies. Nach dem Studium zog es sie nach M\u00fcnchen, um dort in der Film-\/Videoproduktion Fu\u00df zu fassen. Sie arbeitete, unter anderem f\u00fcr&hellip;<\/p>\n","protected":false},"author":1,"featured_media":0,"parent":76,"menu_order":40,"comment_status":"closed","ping_status":"closed","template":"","meta":{"footnotes":""},"class_list":["post-165","page","type-page","status-publish","hentry","empty-entry-meta"],"jetpack_sharing_enabled":true,"_links":{"self":[{"href":"https:\/\/d.th-nuernberg.de\/film\/wp-json\/wp\/v2\/pages\/165","targetHints":{"allow":["GET"]}}],"collection":[{"href":"https:\/\/d.th-nuernberg.de\/film\/wp-json\/wp\/v2\/pages"}],"about":[{"href":"https:\/\/d.th-nuernberg.de\/film\/wp-json\/wp\/v2\/types\/page"}],"author":[{"embeddable":true,"href":"https:\/\/d.th-nuernberg.de\/film\/wp-json\/wp\/v2\/users\/1"}],"replies":[{"embeddable":true,"href":"https:\/\/d.th-nuernberg.de\/film\/wp-json\/wp\/v2\/comments?post=165"}],"version-history":[{"count":3,"href":"https:\/\/d.th-nuernberg.de\/film\/wp-json\/wp\/v2\/pages\/165\/revisions"}],"predecessor-version":[{"id":337,"href":"https:\/\/d.th-nuernberg.de\/film\/wp-json\/wp\/v2\/pages\/165\/revisions\/337"}],"up":[{"embeddable":true,"href":"https:\/\/d.th-nuernberg.de\/film\/wp-json\/wp\/v2\/pages\/76"}],"wp:attachment":[{"href":"https:\/\/d.th-nuernberg.de\/film\/wp-json\/wp\/v2\/media?parent=165"}],"curies":[{"name":"wp","href":"https:\/\/api.w.org\/{rel}","templated":true}]}}