{"id":109,"date":"2017-12-06T09:43:50","date_gmt":"2017-12-06T08:43:50","guid":{"rendered":"https:\/\/d.th-nuernberg.de\/film\/?page_id=109"},"modified":"2020-04-16T18:34:38","modified_gmt":"2020-04-16T16:34:38","slug":"partner","status":"publish","type":"page","link":"https:\/\/d.th-nuernberg.de\/film\/info\/partner\/","title":{"rendered":"Partner"},"content":{"rendered":"<p>&#8222;FILM &amp; ANIMATION&#8220; wird von attraktiven Partnern unterst\u00fctzt:<\/p>\n<p><a href=\"http:\/\/www.mediennetzwerk-bayern.de\/\" target=\"_blank\" rel=\"noopener noreferrer\">MedienNetzwerk Bayern<\/a><\/p>\n<p><a href=\"http:\/\/www.arri.com\/\" target=\"_blank\" rel=\"noopener noreferrer\">ARRI <\/a><\/p>\n<p><a href=\"http:\/\/www.dolby.com\/de\/de\/index.html\" target=\"_blank\" rel=\"noopener noreferrer\">DOLBY <\/a><\/p>\n<p><a href=\"http:\/\/www.arrimedia.de\/home\/\" target=\"_blank\" rel=\"noopener noreferrer\">ARRI Media<\/a><\/p>\n<p><a href=\"https:\/\/www.cinecitta.de\/\" target=\"_blank\" rel=\"noopener noreferrer\">CINECITT\u00c0 Multiplexkino<\/a><\/p>\n<p><b><a href=\"https:\/\/de.easydcp.com\/\" target=\"_blank\" rel=\"noopener noreferrer\">easyDCP<\/a><br \/>\n<\/b><\/p>\n<p><a href=\"http:\/\/www.yamdu.com\">Yamdu<\/a><\/p>\n<p><a href=\"http:\/\/www.spitzbartfilmtechnik.de\/\" target=\"_blank\" rel=\"noopener noreferrer\">Spitzbart Filmtechnik<\/a><\/p>\n<p><a href=\"http:\/\/www.buddylight.de\/index2.html\" target=\"_blank\" rel=\"noopener noreferrer\">Buddy&#8217;s Filmgear Rental<\/a><\/p>\n<p><a href=\"http:\/\/www.cine-project.de\/\" target=\"_blank\" rel=\"noopener noreferrer\">CINE PROJECT GmbH<\/a><\/p>\n<p><a href=\"https:\/\/www.teltec.de\/\" target=\"_blank\" rel=\"noopener noreferrer\">TELTEC<\/a><\/p>\n<p><a href=\"http:\/\/www.hfm-nuernberg.de\/\" target=\"_blank\" rel=\"noopener noreferrer\">Hochschule f\u00fcr Musik N\u00fcrnberg<\/a><\/p>\n<p><a href=\"http:\/\/actcenter.de\/\" target=\"_blank\" rel=\"noopener noreferrer\">ACT CENTER<\/a><\/p>\n<p><a href=\"http:\/\/www.veranstaltungstechnik-klepsch.de\/\" target=\"_blank\" rel=\"noopener noreferrer\">Veranstaltungstechnik Klepsch<\/a><\/p>\n","protected":false},"excerpt":{"rendered":"<p>&#8222;FILM &amp; ANIMATION&#8220; wird von attraktiven Partnern unterst\u00fctzt: MedienNetzwerk Bayern ARRI DOLBY ARRI Media CINECITT\u00c0 Multiplexkino easyDCP Yamdu Spitzbart Filmtechnik Buddy&#8217;s Filmgear Rental CINE PROJECT GmbH TELTEC Hochschule f\u00fcr Musik N\u00fcrnberg ACT CENTER Veranstaltungstechnik Klepsch<\/p>\n","protected":false},"author":1,"featured_media":0,"parent":113,"menu_order":40,"comment_status":"closed","ping_status":"closed","template":"","meta":{"footnotes":""},"class_list":["post-109","page","type-page","status-publish","hentry","empty-entry-meta"],"jetpack_sharing_enabled":true,"_links":{"self":[{"href":"https:\/\/d.th-nuernberg.de\/film\/wp-json\/wp\/v2\/pages\/109","targetHints":{"allow":["GET"]}}],"collection":[{"href":"https:\/\/d.th-nuernberg.de\/film\/wp-json\/wp\/v2\/pages"}],"about":[{"href":"https:\/\/d.th-nuernberg.de\/film\/wp-json\/wp\/v2\/types\/page"}],"author":[{"embeddable":true,"href":"https:\/\/d.th-nuernberg.de\/film\/wp-json\/wp\/v2\/users\/1"}],"replies":[{"embeddable":true,"href":"https:\/\/d.th-nuernberg.de\/film\/wp-json\/wp\/v2\/comments?post=109"}],"version-history":[{"count":4,"href":"https:\/\/d.th-nuernberg.de\/film\/wp-json\/wp\/v2\/pages\/109\/revisions"}],"predecessor-version":[{"id":369,"href":"https:\/\/d.th-nuernberg.de\/film\/wp-json\/wp\/v2\/pages\/109\/revisions\/369"}],"up":[{"embeddable":true,"href":"https:\/\/d.th-nuernberg.de\/film\/wp-json\/wp\/v2\/pages\/113"}],"wp:attachment":[{"href":"https:\/\/d.th-nuernberg.de\/film\/wp-json\/wp\/v2\/media?parent=109"}],"curies":[{"name":"wp","href":"https:\/\/api.w.org\/{rel}","templated":true}]}}