{"id":31,"date":"2015-01-20T09:47:53","date_gmt":"2015-01-20T08:47:53","guid":{"rendered":"https:\/\/d.th-nuernberg.de\/?page_id=31"},"modified":"2016-10-18T10:14:33","modified_gmt":"2016-10-18T08:14:33","slug":"kontakt","status":"publish","type":"page","link":"https:\/\/d.th-nuernberg.de\/en\/kontakt\/","title":{"rendered":"Contact"},"content":{"rendered":"<p>&nbsp;<\/p>\n<h3>Secretary<\/h3>\n<p><a href=\"mailto:regina.wimmer@th-nuernberg.de\" target=\"_blank\"><strong>Regina Wimmer<\/strong><\/a><\/p>\n<p>Room\u00a0WG.207, 2nd floor, phone\u00a0+49 911 5880-2690<br \/>\nOperating hours: Mon \u2013 Thurs, 9 a.m. \u2013 3 p.m. | Fri 9 a.m. \u2013 1 p.m.<\/p>\n<p><a href=\"mailto:andrea.oberneder@th-nuernberg.de\" target=\"_blank\"><strong>Andrea Oberneder<\/strong><\/a><\/p>\n<p>Room\u00a0WG.207, 2nd floor, phone\u00a0+49 911 5880-2691<br \/>\nOperating hours\u00a0: Mon &#8211; Thurs, 9 a.m. \u2013 3 p.m.<\/p>\n<div id=\"c6624\" class=\"csc-default\">\n<h3>Adress<\/h3>\n<div class=\"text\">\n<p><strong>Fakult\u00e4t Design<br \/>\n<\/strong>Technische Hochschule N\u00fcrnberg<br \/>\nWassertorstra\u00dfe 10<br \/>\nGeb\u00e4udeteil WG<br \/>\nD-90489 N\u00fcrnberg<\/p>\n<p><a class=\"external-link-new-window\" title=\"Anfahrtsbeschreibung Wassertorstrasse\" href=\"http:\/\/www.th-nuernberg.de\/seitenbaum\/hochschule\/lageplan\/w-standort-wassertorstrasse\/page.html\">Directions<\/a><\/p>\n<p><a href=\"https:\/\/www.google.com\/maps\/place\/TH+N%C3%BCrnberg+Fakult%C3%A4t+Design\/@49.4524058,11.0970926,17z\/data=!3m1!4b1!4m2!3m1!1s0x0:0xac523a7ef1f00871\" target=\"_blank\">Google Maps entry<\/a><\/p>\n<p>&nbsp;<\/p>\n<\/div>\n<\/div>\n","protected":false},"excerpt":{"rendered":"<p>&nbsp; Secretary Regina Wimmer Room\u00a0WG.207, 2nd floor, phone\u00a0+49 911 5880-2690 Operating hours: Mon \u2013 Thurs, 9 a.m. \u2013 3 p.m. | Fri 9 a.m. \u2013 1 p.m. Andrea Oberneder Room\u00a0WG.207, 2nd floor, phone\u00a0+49 911 5880-2691 Operating hours\u00a0: Mon &#8211; Thurs, 9 a.m. \u2013 3 p.m. Adress Fakult\u00e4t Design Technische Hochschule N\u00fcrnberg Wassertorstra\u00dfe 10 Geb\u00e4udeteil WG&hellip;<\/p>\n","protected":false},"author":1,"featured_media":0,"parent":0,"menu_order":0,"comment_status":"closed","ping_status":"closed","template":"","meta":{"footnotes":""},"class_list":["post-31","page","type-page","status-publish","hentry","empty-entry-meta"],"_links":{"self":[{"href":"https:\/\/d.th-nuernberg.de\/en\/wp-json\/wp\/v2\/pages\/31","targetHints":{"allow":["GET"]}}],"collection":[{"href":"https:\/\/d.th-nuernberg.de\/en\/wp-json\/wp\/v2\/pages"}],"about":[{"href":"https:\/\/d.th-nuernberg.de\/en\/wp-json\/wp\/v2\/types\/page"}],"author":[{"embeddable":true,"href":"https:\/\/d.th-nuernberg.de\/en\/wp-json\/wp\/v2\/users\/1"}],"replies":[{"embeddable":true,"href":"https:\/\/d.th-nuernberg.de\/en\/wp-json\/wp\/v2\/comments?post=31"}],"version-history":[{"count":5,"href":"https:\/\/d.th-nuernberg.de\/en\/wp-json\/wp\/v2\/pages\/31\/revisions"}],"predecessor-version":[{"id":859,"href":"https:\/\/d.th-nuernberg.de\/en\/wp-json\/wp\/v2\/pages\/31\/revisions\/859"}],"wp:attachment":[{"href":"https:\/\/d.th-nuernberg.de\/en\/wp-json\/wp\/v2\/media?parent=31"}],"curies":[{"name":"wp","href":"https:\/\/api.w.org\/{rel}","templated":true}]}}