{"id":302,"date":"2018-02-19T12:00:23","date_gmt":"2018-02-19T11:00:23","guid":{"rendered":"https:\/\/d.th-nuernberg.de\/cgo\/?page_id=302"},"modified":"2018-10-08T16:06:09","modified_gmt":"2018-10-08T14:06:09","slug":"informationen-fuer-studierende","status":"publish","type":"page","link":"https:\/\/d.th-nuernberg.de\/cgo\/informationen-fuer-studierende\/","title":{"rendered":"Informationen f\u00fcr Studierende"},"content":{"rendered":"<p><span style=\"text-decoration: underline\">Hinweis f\u00fcr Modulwechselnde:<\/span><\/p>\n<p>Vielen Dank f\u00fcr Ihr Interesse am Modul CGO. Die Platzzahl f\u00fcr WechslerInnen ist beschr\u00e4nkt. Wenn Sie gerne in das Modul CGO wechseln m\u00f6chten, erl\u00e4utern Sie bitte in einer Email kurz Ihren Hintergrund, aktuelles Semester und Ihr Interesse am Modul. Da in CGO2 grundlegende Kenntnisse vermittelt werden, werden bei hohem Andrang eher Bewerbende aus den tieferen Semester ber\u00fccksichtigt. Die Auswahl wird jeweils zum Ende der Pr\u00fcfungszeit des Vorsemesters hin vorgenommen &#8211; weitere Informationen siehe Aushang beim B\u00fcro des Studiendekans.<\/p>\n<p>&nbsp;<\/p>\n<p><span style=\"text-decoration: underline\">Hinweis f\u00fcr Bachelorarbeiten:<\/span><\/p>\n<p>Wenn Sie beabsichtigen, eine Bachlorarbeit mit Schwerpunkt CGO bzw. CGO-Betreuung durchzuf\u00fchren, nehmen Sie bitte <span style=\"text-decoration: underline\">fr\u00fchzeitig<\/span> <span style=\"text-decoration: underline\">pers\u00f6nlich Kontakt<\/span> auf. Geben Sie <span style=\"text-decoration: underline\">bis sp\u00e4testens zwei Wochen vor der Einschreibefrist<\/span> ein kurzes Konzept \/ Beschrieb (<span style=\"text-decoration: underline\">1\/2 A4-Seite<\/span>) Ihres Vorhabens ab, so dass <span style=\"text-decoration: underline\">Zeit f\u00fcr eine R\u00fccksprache<\/span> bleibt. <span style=\"text-decoration: underline\">Kurzfristige Anfragen<\/span> (&#8222;&#8230; ich br\u00e4uchte hier noch Ihre Unterschrift &#8230;&#8220;) <span style=\"text-decoration: underline\">k\u00f6nnen u.U. nicht ber\u00fccksichtigt werden<\/span>.<\/p>\n<p>&nbsp;<\/p>\n<p>&nbsp;<\/p>\n<p><span style=\"text-decoration: underline\">Einkaufsliste f\u00fcr Studienanf\u00e4ngerinnen und -anf\u00e4nger:<\/span><\/p>\n<p>&#8211; Skizzenbuch A5\/A4: unerl\u00e4sslich f\u00fcr die laufende Recherche, Notizen in den Vorlesungen, das Sammeln von Inspirationen, Skizzen, und Ideen f\u00fcr verschiedene Projekte gleichzeitig<\/p>\n<p>&#8211; Schneidematte min. A3, Schneidelineal, guter Cutter, Geodreieck, Weissleim, Malerband, Stecknadeln, Spr\u00fchkleber, &#8230;<\/p>\n<p>&#8211; Fotokarton o.\u00e4., Format A1\/A0, in weiss, hellgrau und schwarz, als Hintergrund f\u00fcr Modellfotos (&#8222;Hohlkehle&#8220;), sowie Arbeitsleuchte mit weichem Licht &gt; erh\u00f6ht die Qualit\u00e4t von Modellfotos ungemein, spart Stunden beim (nicht n\u00f6tigen) Freistellen<\/p>\n<p>&#8211; <span style=\"text-decoration: underline\">Ab dem 2. Semester:<\/span> pers\u00f6nlicher Rechner mit Rhino-Installation, 3-Tasten-Maus (f\u00fcr CAD), Memory-Sticks<\/p>\n<p>&#8211; M\u00f6glichkeit, zu Hause \/ im eigenen Studio einfache Modelle zu bauen: aus Draht u.\u00e4., aus fl\u00e4chigem Material (Papier, Karton, Leder, &#8230;) und aus Volumen, zB. Styrodur (blauer Isolationssschaum aus dem Baumarkt), daf\u00fcr Cutter, Raspelfeile, Schleifpapier UND weisse\/neutrale Spr\u00fchfarbe (Acrylbasis)<\/p>\n<p>&#8211; Ohm-Karte mit Credits drauf (f\u00fcr Ausdrucke in letzter Minute)<\/p>\n<p>(Bezugsquellen hier: <a href=\"https:\/\/d.th-nuernberg.de\/cgo\/tools\/\">https:\/\/d.th-nuernberg.de\/cgo\/tools\/<\/a>)<\/p>\n<p>&nbsp;<\/p>\n<p>&nbsp;<\/p>\n<p><img fetchpriority=\"high\" decoding=\"async\" class=\"alignnone size-large wp-image-679\" src=\"https:\/\/d.th-nuernberg.de\/cgo\/wp-content\/uploads\/sites\/14\/2018\/09\/180924_Hohlkehle-1024x698.jpeg\" alt=\"\" width=\"840\" height=\"573\" srcset=\"https:\/\/d.th-nuernberg.de\/cgo\/wp-content\/uploads\/sites\/14\/2018\/09\/180924_Hohlkehle-1024x698.jpeg 1024w, https:\/\/d.th-nuernberg.de\/cgo\/wp-content\/uploads\/sites\/14\/2018\/09\/180924_Hohlkehle-300x205.jpeg 300w, https:\/\/d.th-nuernberg.de\/cgo\/wp-content\/uploads\/sites\/14\/2018\/09\/180924_Hohlkehle-768x524.jpeg 768w, https:\/\/d.th-nuernberg.de\/cgo\/wp-content\/uploads\/sites\/14\/2018\/09\/180924_Hohlkehle-800x546.jpeg 800w, https:\/\/d.th-nuernberg.de\/cgo\/wp-content\/uploads\/sites\/14\/2018\/09\/180924_Hohlkehle-264x180.jpeg 264w\" sizes=\"(max-width: 840px) 100vw, 840px\" \/><\/p>\n<p>&nbsp;<\/p>\n<p><img decoding=\"async\" class=\"alignnone size-large wp-image-732\" src=\"https:\/\/d.th-nuernberg.de\/cgo\/wp-content\/uploads\/sites\/14\/2018\/10\/Scan-7-1-1024x724.jpeg\" alt=\"\" width=\"840\" height=\"594\" srcset=\"https:\/\/d.th-nuernberg.de\/cgo\/wp-content\/uploads\/sites\/14\/2018\/10\/Scan-7-1-1024x724.jpeg 1024w, https:\/\/d.th-nuernberg.de\/cgo\/wp-content\/uploads\/sites\/14\/2018\/10\/Scan-7-1-300x212.jpeg 300w, https:\/\/d.th-nuernberg.de\/cgo\/wp-content\/uploads\/sites\/14\/2018\/10\/Scan-7-1-768x543.jpeg 768w, https:\/\/d.th-nuernberg.de\/cgo\/wp-content\/uploads\/sites\/14\/2018\/10\/Scan-7-1-800x566.jpeg 800w, https:\/\/d.th-nuernberg.de\/cgo\/wp-content\/uploads\/sites\/14\/2018\/10\/Scan-7-1-255x180.jpeg 255w\" sizes=\"(max-width: 840px) 100vw, 840px\" \/><\/p>\n<div class=\"\"><\/div>\n","protected":false},"excerpt":{"rendered":"<p>Hinweis f\u00fcr Modulwechselnde: Vielen Dank f\u00fcr Ihr Interesse am Modul CGO. Die Platzzahl f\u00fcr WechslerInnen ist beschr\u00e4nkt. Wenn Sie gerne in das Modul CGO wechseln m\u00f6chten, erl\u00e4utern Sie bitte in einer Email kurz Ihren Hintergrund, aktuelles Semester und Ihr Interesse am Modul. Da in CGO2 grundlegende Kenntnisse vermittelt werden, werden bei hohem Andrang eher Bewerbende&hellip;<\/p>\n","protected":false},"author":14,"featured_media":0,"parent":0,"menu_order":0,"comment_status":"closed","ping_status":"closed","template":"","meta":{"jetpack_post_was_ever_published":false,"footnotes":""},"class_list":["post-302","page","type-page","status-publish","hentry","empty-entry-meta"],"jetpack_sharing_enabled":true,"jetpack_shortlink":"https:\/\/wp.me\/P8nm4h-4S","_links":{"self":[{"href":"https:\/\/d.th-nuernberg.de\/cgo\/wp-json\/wp\/v2\/pages\/302","targetHints":{"allow":["GET"]}}],"collection":[{"href":"https:\/\/d.th-nuernberg.de\/cgo\/wp-json\/wp\/v2\/pages"}],"about":[{"href":"https:\/\/d.th-nuernberg.de\/cgo\/wp-json\/wp\/v2\/types\/page"}],"author":[{"embeddable":true,"href":"https:\/\/d.th-nuernberg.de\/cgo\/wp-json\/wp\/v2\/users\/14"}],"replies":[{"embeddable":true,"href":"https:\/\/d.th-nuernberg.de\/cgo\/wp-json\/wp\/v2\/comments?post=302"}],"version-history":[{"count":20,"href":"https:\/\/d.th-nuernberg.de\/cgo\/wp-json\/wp\/v2\/pages\/302\/revisions"}],"predecessor-version":[{"id":733,"href":"https:\/\/d.th-nuernberg.de\/cgo\/wp-json\/wp\/v2\/pages\/302\/revisions\/733"}],"wp:attachment":[{"href":"https:\/\/d.th-nuernberg.de\/cgo\/wp-json\/wp\/v2\/media?parent=302"}],"curies":[{"name":"wp","href":"https:\/\/api.w.org\/{rel}","templated":true}]}}