{"id":21,"date":"2017-03-09T12:08:52","date_gmt":"2017-03-09T11:08:52","guid":{"rendered":"https:\/\/d.th-nuernberg.de\/cgo\/?page_id=21"},"modified":"2017-05-09T11:50:03","modified_gmt":"2017-05-09T09:50:03","slug":"prof-yves-ebnoether","status":"publish","type":"page","link":"https:\/\/d.th-nuernberg.de\/cgo\/prof-yves-ebnoether\/","title":{"rendered":"Prof. Yves Ebn\u00f6ther"},"content":{"rendered":"<ul>\n<li><strong>Studium Produktdesign <\/strong>BA (Hons) 3D Product Design, Ravensbourne College of Design and Communication, London (1998), davor Art &amp; Design Foundation Course, Central St. Martins College of Art &amp; Design, London (1995)<\/li>\n<li><strong>Industriedesigner<\/strong> und Intern bei Pentagram Design, London, studio greutmann-bolzern, Z\u00fcrich, NOSE Design Intelligence, Z\u00fcrich und Studio Hannes Wettstein, Z\u00fcrich<\/li>\n<li><strong>Seit 2002 eigenes B\u00fcro<\/strong> f\u00fcr Industriedesign und Produktentwicklung (Yves Ebn\u00f6ther Industriedesign)<\/li>\n<li><strong>Nachdiplomstudium<\/strong> Master of Advanced Studies ARCH\/CAAD, ETH Z\u00fcrich<\/li>\n<li><strong>Aufbau und Leitung des Rapid Architectural Prototyping Laboratory (RAPLAB)<\/strong> an der Fakult\u00e4t Architektur der ETH Z\u00fcrich (2005-2011), Planung und Realisierung des CREATE Shared Workshop des Future Cities Laboratory (FCL) Singapore (2011-2013)<\/li>\n<li><strong>Gr\u00fcndungsmitglied <\/strong>und Pr\u00e4sident des Fablab Z\u00fcrich (2013-2016)<\/li>\n<li><strong>Lehrauftr\u00e4ge<\/strong> und Workshops zu experimentellem Design und digitaler Fabrikation an der ETH Z\u00fcrich, EiABC Addis Abeba, Kingston University London und Z\u00fcrcher Hochschule der K\u00fcnste<\/li>\n<li><strong>Referent<\/strong> f\u00fcr Fachvortr\u00e4ge und Symposien, u.a. f\u00fcr das &#8222;Kompetenzzentrum Kultur- und Kreativwirtschaft des Bundes&#8220;<\/li>\n<li><strong>Expertent\u00e4tigkeit<\/strong> f\u00fcr den schweizerischen Start-Up Wettbewerb &#8222;venture&#8220;<\/li>\n<li><strong>Dozent f\u00fcr Design &amp; Digitale Fabrikation <\/strong>und <strong>Mitglied der Pr\u00fcfungskommission BA Objektdesign<\/strong>, Hochschule Design &amp; Kunst, Luzern<\/li>\n<li><strong>Seit 2017 ordentlicher Professor an der TH N\u00fcrnberg \/ Fakult\u00e4t Design<\/strong> f\u00fcr das Lehrgebiet Computer Generated Object Design<\/li>\n<\/ul>\n","protected":false},"excerpt":{"rendered":"<p>Studium Produktdesign BA (Hons) 3D Product Design, Ravensbourne College of Design and Communication, London (1998), davor Art &amp; Design Foundation Course, Central St. Martins College of Art &amp; Design, London (1995) Industriedesigner und Intern bei Pentagram Design, London, studio greutmann-bolzern, Z\u00fcrich, NOSE Design Intelligence, Z\u00fcrich und Studio Hannes Wettstein, Z\u00fcrich Seit 2002 eigenes B\u00fcro f\u00fcr&hellip;<\/p>\n","protected":false},"author":1,"featured_media":0,"parent":0,"menu_order":0,"comment_status":"closed","ping_status":"closed","template":"","meta":{"jetpack_post_was_ever_published":false,"footnotes":""},"class_list":["post-21","page","type-page","status-publish","hentry","empty-entry-meta"],"jetpack_sharing_enabled":true,"jetpack_shortlink":"https:\/\/wp.me\/P8nm4h-l","_links":{"self":[{"href":"https:\/\/d.th-nuernberg.de\/cgo\/wp-json\/wp\/v2\/pages\/21","targetHints":{"allow":["GET"]}}],"collection":[{"href":"https:\/\/d.th-nuernberg.de\/cgo\/wp-json\/wp\/v2\/pages"}],"about":[{"href":"https:\/\/d.th-nuernberg.de\/cgo\/wp-json\/wp\/v2\/types\/page"}],"author":[{"embeddable":true,"href":"https:\/\/d.th-nuernberg.de\/cgo\/wp-json\/wp\/v2\/users\/1"}],"replies":[{"embeddable":true,"href":"https:\/\/d.th-nuernberg.de\/cgo\/wp-json\/wp\/v2\/comments?post=21"}],"version-history":[{"count":6,"href":"https:\/\/d.th-nuernberg.de\/cgo\/wp-json\/wp\/v2\/pages\/21\/revisions"}],"predecessor-version":[{"id":103,"href":"https:\/\/d.th-nuernberg.de\/cgo\/wp-json\/wp\/v2\/pages\/21\/revisions\/103"}],"wp:attachment":[{"href":"https:\/\/d.th-nuernberg.de\/cgo\/wp-json\/wp\/v2\/media?parent=21"}],"curies":[{"name":"wp","href":"https:\/\/api.w.org\/{rel}","templated":true}]}}