{"id":162,"date":"2017-07-21T17:15:14","date_gmt":"2017-07-21T15:15:14","guid":{"rendered":"https:\/\/d.th-nuernberg.de\/cgo\/?page_id=162"},"modified":"2021-03-02T08:15:27","modified_gmt":"2021-03-02T07:15:27","slug":"tools","status":"publish","type":"page","link":"https:\/\/d.th-nuernberg.de\/cgo\/tools\/","title":{"rendered":"Links &amp; Tools"},"content":{"rendered":"<p><strong>Anlaufstellen<\/strong> und fachverwandte Studienbereiche:<\/p>\n<ul>\n<li><a href=\"http:\/\/digital.ohmarch.de\/\">Digitales Entwerfen &amp; Gestalten, TH N\u00fcrnberg Architektur<\/a><\/li>\n<li><a href=\"https:\/\/www.th-nuernberg.de\/einrichtungen-gesamt\/in-institute\/institut-fuer-chemie-material-und-produktentwicklung\/\">Ohm-CMP, Institut f\u00fcr Produktentwicklung, TH N\u00fcrnberg<\/a><\/li>\n<li><a href=\"https:\/\/www.th-nuernberg.de\/institutionen\/fakultaeten\/elektrotechnik-feinwerktechnik-informationstechnik\/labore\/fertigungstechnik\/rapid-prototyping\/page.html\">Labor Fertigungstechnik, Fakult\u00e4t EFI<\/a><\/li>\n<li><a href=\"https:\/\/www.th-nuernberg.de\/fakultaeten\/wt\/fakultaet\/labore\/#tab-15297-10\">Labor Silikatkeramik, Fakult\u00e4t Werkstofftechnik<\/a><\/li>\n<li><a href=\"https:\/\/www.th-nuernberg.de\/seitenbaum\/fuer-studieninteressierte\/menue-1\/studien-und-bildungsangebot\/bachelorstudiengaenge\/media-engineering\/page.html\">Studiengang Media Engineering<\/a><\/li>\n<li><a href=\"https:\/\/www.th-nuernberg.de\/forschung-innovation\/beratung-und-service\/gruendungsberatung\/\">Gr\u00fcndungsberatung f\u00fcr Start-Ups<\/a><\/li>\n<\/ul>\n<p>&nbsp;<\/p>\n<p><strong>Softwaredownloads<\/strong> f\u00fcr Studierende der TH N\u00fcrnberg:<\/p>\n<ul>\n<li><a href=\"https:\/\/intern.ohmportal.de\/institutionen\/rechenzentrum\/hard-software\/software\/page.html\">https:\/\/intern.ohmportal.de\/institutionen\/rechenzentrum\/hard-software\/<\/a><\/li>\n<li>(via Intranet oder VPN)<\/li>\n<\/ul>\n<p>&nbsp;<\/p>\n<p><strong>3D-CAD-Software<\/strong> Fusion360 (Mac &amp; PC, umsonst):<\/p>\n<ul>\n<li><a href=\"https:\/\/www.autodesk.com\/products\/fusion-360\/students-teachers-educators\">Link zur Studierenden-Edition<\/a><\/li>\n<li><a href=\"https:\/\/www.autodesk.de\/products\/fusion-360\/learn-training-tutorials\">Erste Schritte mit Fusion360<\/a><\/li>\n<li><a href=\"https:\/\/f360ap.autodesk.com\/courses\">Fusion360 Tutorials vom Hersteller<\/a><\/li>\n<li><a href=\"https:\/\/www.autodesk.com\/autodesk-university\/class\/101-Fusion-360-Tips-and-Tricks-2018\">101-Fusion-360-Tips-and-Tricks<\/a><\/li>\n<li><a href=\"https:\/\/knowledge.autodesk.com\/profile\/LDYPWN9UV6ZEZ\/screencasts\">Screencast-Demos von Moritz Schubert (CAD-Tutor WISE19)<\/a><\/li>\n<\/ul>\n<p>&nbsp;<\/p>\n<p><strong>Werkst\u00e4tten<\/strong> in N\u00fcrnberg:<\/p>\n<ul>\n<li>Werkbund Werkst\u00e4tten N\u00fcrnberg: <a href=\"http:\/\/werkbund-werkstatt.de\/\">http:\/\/werkbund-werkstatt.de\/<\/a><\/li>\n<li>Fablab <del>N\u00fcrnberg<\/del> F\u00fcrth: <a href=\"http:\/\/fablab-nuernberg.de\/\">http:\/\/fablab-nuernberg.de\/<\/a><\/li>\n<li>K4: <a href=\"https:\/\/www.kunstkulturquartier.de\/\">https:\/\/www.kunstkulturquartier.de\/<\/a><\/li>\n<li>Urban Lab: <a href=\"https:\/\/urbanlab42.wordpress.com\/\">https:\/\/urbanlab42.wordpress.com\/<\/a><\/li>\n<li>Holzwerkstatt Gostenhof: <a href=\"http:\/\/www.holzwerkstatt-gostenhof.de\/\">http:\/\/www.holzwerkstatt-gostenhof.de\/<\/a><\/li>\n<li>Verbund offene Werkst\u00e4tten: <a href=\"https:\/\/www.offene-werkstaetten.org\/\">https:\/\/www.offene-werkstaetten.org\/<\/a><\/li>\n<li>Design Making Lab von Leonardo (im Aufbau): <a href=\"https:\/\/leonardo-zentrum.de\/\">https:\/\/leonardo-zentrum.de\/<\/a><\/li>\n<\/ul>\n<p>&nbsp;<\/p>\n<p>Weitere <strong>Labs<\/strong>:<\/p>\n<ul>\n<li>makerspace (M\u00fcnchen): <a href=\"https:\/\/www.maker-space.de\/\">https:\/\/www.maker-space.de\/<\/a><\/li>\n<li>TecLAB, ZHdk Z\u00fcrich: <a href=\"https:\/\/blog.zhdk.ch\/teclab\/\">https:\/\/blog.zhdk.ch\/teclab\/<\/a><\/li>\n<li>Raplab D-ARCH, ETH Z\u00fcrich: <a href=\"https:\/\/www.raplab.arch.ethz.ch\/\">https:\/\/www.raplab.arch.ethz.ch\/<\/a><\/li>\n<li>Raplab DMA, HS Konstanz: <a href=\"http:\/\/dma.ag.htwg-konstanz.de\/wp\/?page_id=1078\">http:\/\/dma.ag.htwg-konstanz.de\/wp\/?page_id=1078<\/a><\/li>\n<li>MAK Design Labor: <a href=\"http:\/\/www.mak.at\/mak_design_labor\">http:\/\/www.mak.at\/mak_design_labor<\/a><\/li>\n<li>Make Lab Blog, Burg-Giebichstein, Halle: <a href=\"http:\/\/www.burg-halle.de\/make\/\">http:\/\/www.burg-halle.de\/make\/<\/a><\/li>\n<\/ul>\n<p>&nbsp;<\/p>\n<p><strong>Anleitungen<\/strong>, Tutorials, Tipps&amp;Tricks:<\/p>\n<ul>\n<li>Low-Tech Kunststoffbearbeitung, Schweizerischer WerklehrerInnenbverband: <a href=\"https:\/\/www.youtube.com\/user\/swvdesignundtechnik\">https:\/\/www.youtube.com\/user\/swvdesignundtechnik<\/a><\/li>\n<li>Protoypen mit Schaumstoff: <a href=\"https:\/\/www.youtube.com\/watch?v=YINmKrCynhU\">https:\/\/www.youtube.com\/watch?v=YINmKrCynhU<\/a><\/li>\n<li>Modelmaking f\u00fcr Produktdesign: <a href=\"https:\/\/www.youtube.com\/watch?v=Oee8VfjR1CE\">https:\/\/www.youtube.com\/watch?v=Oee8VfjR1CE<\/a><\/li>\n<li>Werkstattlehre ZHdK: <a href=\"https:\/\/blog.zhdk.ch\/werkstattlehre\/\">https:\/\/blog.zhdk.ch\/werkstattlehre\/<\/a><\/li>\n<li>Prinzipien &amp; Prozess\u00fcbersicht des IAD der ZHdK: <a href=\"http:\/\/blogs.iad.zhdk.ch\/3d-basics\/digital-fabrication-methods\/\">http:\/\/blogs.iad.zhdk.ch\/3d-basics\/digital-fabrication-methods\/<\/a><\/li>\n<li>Sch\u00f6ne Erl\u00e4uterung zu Verbindungstypen und CNC-Strategien von Opendesk:\u00a0<a href=\"https:\/\/www.opendesk.cc\/blog\/digitally-remastered-joinery?utm_medium=email&amp;utm_campaign=new_product_launch&amp;utm_source=email_marketing_software&amp;utm_content=digital_woodworking&amp;utm_medium=email&amp;utm_campaign=The new Canteen Table Design Brief&amp;utm_content=The new Canteen Table Design Brief+CID_ffe100bb90a164d580166b47d13adf73&amp;utm_source=Email marketing software&amp;utm_term=Remastering Traditional Joinery\">https:\/\/www.opendesk.cc\/digital-joinery<\/a> und <a href=\"https:\/\/www.opendesk.cc\/blog\/cnc-machines-and-common-cut-types?utm_medium=email&amp;utm_campaign=new_product_launch&amp;utm_source=email_marketing_software&amp;utm_content=cnc_common_cut&amp;utm_medium=email&amp;utm_campaign=The new Canteen Table Design Brief&amp;utm_content=The new Canteen Table Design Brief+CID_ffe100bb90a164d580166b47d13adf73&amp;utm_source=Email marketing software&amp;utm_term=Common Cut Types\">https:\/\/www.opendesk.cc\/cut-types<\/a><\/li>\n<li>Silikon-Formen bauen, Giessen: <a href=\"http:\/\/www.creartec.de\/fileadmin\/creartec\/kataloge\/creartec_artidee_formbautechnik_de.pdf\">http:\/\/www.creartec.de\/fileadmin\/creartec\/kataloge\/creartec_artidee_formbautechnik_de.pdf<\/a><\/li>\n<li>Digital Crafting (Triangulation, Schichtung, Raster) von responsive design Studio: <a href=\"http:\/\/responsivedesign.de\/rhino-3d-digital-crafting-tutorials\/\">http:\/\/responsivedesign.de\/rhino-3d-digital-crafting-tutorials\/<\/a><\/li>\n<li>Eric Gjerdes Papier-Falt-Kurs am Bauhaus: <a href=\"http:\/\/www.origamitessellations.com\/wp-content\/uploads\/2018\/01\/Eric_Gjerde_Bauhaus_Foundation_Course_instructions_booklet_version.pdf\">http:\/\/www.origamitessellations.com<\/a><\/li>\n<li>Digitale Holzverbindungen f\u00fcr Platten:<\/li>\n<li><a href=\"https:\/\/makezine.com\/2012\/04\/13\/cnc-panel-joinery-notebook\/\">https:\/\/makezine.com\/2012\/04\/13\/cnc-panel-joinery-notebook\/<\/a><\/li>\n<li>Car-Sketching-Tutorial von\u00a0Lutz Dietzold \/ Deutsches Museum: <a href=\"https:\/\/www.deutschesdesignmuseum.de\/fileadmin\/user_upload\/deutschesdesignmuseum.de\/Dateien\/Publikationen\/Beitrag_zeichnen_edition_ddm.pdf\">https:\/\/www.deutschesdesignmuseum.de\/fileadmin\/user_upload\/deutschesdesignmuseum.de\/Dateien\/Publikationen\/Beitrag_zeichnen_edition_ddm.pdf<\/a><\/li>\n<li>Brosch\u00fcre 3D-Druck&amp;Reparatur vom Sustainable Design Center Berlin <a href=\"https:\/\/3d-reparatur.de\/materialien-und-downloads\/#broschuere\">https:\/\/3d-reparatur.de\/materialien-und-downloads\/#broschuere<\/a><\/li>\n<li>Siebdruckbedarf f\u00fcr zu Hause <a href=\"https:\/\/www.siebdruck-versand.de\/\">https:\/\/www.siebdruck-versand.de\/<\/a><\/li>\n<li>Tutorial zu Biomimicry (Natur-inspiriertes Designen) mit TinkerCAD (!) <a href=\"https:\/\/www.tinkercad.com\/lessonplans\/biomimicry-and-using-nature-as-a-design-partner\">https:\/\/www.tinkercad.com\/lessonplans\/biomimicry-and-using-nature-as-a-design-partner<\/a><\/li>\n<li>Kurs zu CNC-M\u00f6beldesign <a href=\"https:\/\/www.domestika.org\/en\/courses\/1079-introduction-to-cnc-router-furniture-design?utm_source=facebook.com&amp;utm_medium=cpc&amp;utm_campaign=courses_en&amp;utm_content=1079&amp;fbclid=IwAR2SWuJePXZotZgG7a7dqZg_lARQk5HQPflksUklGDKWBQnY2ea_spIAS_w\">https:\/\/www.domestika.org\/en\/courses\/1079-introduction-to-cnc-router-furniture-design?utm_source=facebook.com&amp;utm_medium=cpc&amp;utm_campaign=courses_en&amp;utm_content=1079&amp;fbclid=IwAR2SWuJePXZotZgG7a7dqZg_lARQk5HQPflksUklGDKWBQnY2ea_spIAS_w<\/a><\/li>\n<\/ul>\n<p><strong>Materialbibliotheken:<\/strong><\/p>\n<ul>\n<li>UCL Institute of Making: <a href=\"http:\/\/www.instituteofmaking.org.uk\/\">http:\/\/www.instituteofmaking.org.uk\/<\/a><\/li>\n<li>Materialarchiv.ch: <a href=\"http:\/\/materialarchiv.ch\/\">http:\/\/materialarchiv.ch\/<\/a><\/li>\n<li>Materialarchiv der ZHdK, mit NeBis-Anbindung: <a href=\"https:\/\/www.zhdk.ch\/miz-materialarchiv\">https:\/\/www.zhdk.ch\/<\/a><\/li>\n<li>Materia.nl: <a href=\"https:\/\/materia.nl\/\">https:\/\/materia.nl\/<\/a><\/li>\n<li>Materiability: <a href=\"http:\/\/materiability.com\/\">http:\/\/materiability.com\/<\/a><\/li>\n<li>Lexikon der Kunststoffe: http:\/\/www.seilnacht.com\/Lexikon\/polymere.html<\/li>\n<li>Deutsches Kunststoff-Museum: <a href=\"http:\/\/www.deutsches-kunststoff-museum.de\/\">http:\/\/www.deutsches-kunststoff-museum.de\/<\/a><\/li>\n<\/ul>\n<p>&nbsp;<\/p>\n<p><strong>Externe<\/strong> Dienstleister:<\/p>\n<ul>\n<li><strong>Blechteile<\/strong> online bestellen:<\/li>\n<li><a href=\"https:\/\/blechking.de\/\">https:\/\/blechking.de\/<\/a><\/li>\n<li><a href=\"https:\/\/www.laserteile4you.de\/home.html\">https:\/\/www.laserteile4you.de\/home.html<\/a><\/li>\n<li>3D-Druck-Dienstleister mit grosser Material-Vielfalt <a href=\"https:\/\/www.shapeways.com\">https:\/\/www.shapeways.com<\/a><\/li>\n<li>3D-Druck-Dienstleister <a href=\"https:\/\/i.materialise.com\">https:\/\/i.materialise.com<\/a><\/li>\n<li>shapeways bietet auch ein <a href=\"https:\/\/www.shapeways.com\/education?etId=183548382&amp;utm_source=sw-email-&amp;utm_medium=email&amp;utm_campaign=20180222-edu-grant#grant-info\">3D-Druck-Stipendium<\/a> f\u00fcr innovative Projekte<\/li>\n<li>3D-Druck-Dienstleister f\u00fcr GROSSE Teile <a href=\"https:\/\/www.materialise.com\/\">https:\/\/www.materialise.com\/<\/a><\/li>\n<\/ul>\n<p>&nbsp;<\/p>\n<p><strong>N\u00fctzliche Werkzeuge<\/strong>:<\/p>\n<ul>\n<li>TinkerCAD, Gratis-CAD f\u00fcr Kinder: <a href=\"https:\/\/www.tinkercad.com\">https:\/\/www.tinkercad.com<\/a><\/li>\n<li>Schnittmustergenerator f\u00fcr Pl\u00fcschtiere: <a href=\"http:\/\/www.geocities.jp\/igarashi_lab\/plushie\/index-e.html\">http:\/\/www.geocities.jp\/igarashi_lab\/plushie\/index-e.html<\/a><\/li>\n<li>Slicer for Fusion 360 (fr\u00fcher 123D-Make), generiert Abwicklungen und Schichtungen (ist in der DTP-Werkstatt installiert): <a href=\"https:\/\/apps.autodesk.com\/FUSION\/en\/Detail\/Index?id=8699194120463301363&amp;os=Win64&amp;appLang=en\">https:\/\/apps.autodesk.com\/FUSION\/en\/Detail\/Index?id=8699194120463301363&amp;os=Win64&amp;appLang=en<\/a><\/li>\n<li>&gt;&gt;&gt; .EPS-Export (&#8222;Get Plans&#8220;) bel\u00e4sst die Schnitt-Kurven sch\u00f6n glatt (und nicht segmentiert wie bei .DXF)<\/li>\n<li>MeshMixer, zum mixen von Meshes, und zur Support-Generierung: <a href=\"http:\/\/www.meshmixer.com\/download.html\">http:\/\/www.meshmixer.com\/download.html<\/a><\/li>\n<li>SculptGL, browserbasiertes Poly-Modelling Tool <a href=\"https:\/\/stephaneginier.com\/sculptgl\/\">https:\/\/stephaneginier.com\/sculptgl\/<\/a><\/li>\n<li>meshlab, geniales Open-Source-Tool, zB. zur Polygon-Reduktion: <a href=\"http:\/\/www.meshlab.net\/\">http:\/\/www.meshlab.net\/<\/a><\/li>\n<li>(netFabb <a href=\"https:\/\/www.netfabb.com\/blog\/netfabb-basic-now-just-netfabb\">https:\/\/www.netfabb.com\/blog\/netfabb-basic-now-just-netfabb<\/a>)<\/li>\n<li>Online Vase Creator <a href=\"http:\/\/www.huginen.nu\/vazy\/\">http:\/\/www.huginen.nu\/vazy\/<\/a><\/li>\n<li>Nesting-Software (platzsparende Teileanordnung f\u00fcr den Lasercutter): <a href=\"https:\/\/deepnest.io\/\">https:\/\/deepnest.io\/<\/a> und <a href=\"https:\/\/svgnest.com\/\">https:\/\/svgnest.com\/<\/a> (Danke <a href=\"http:\/\/christoph-weisshaar.com\/\">Christoph<\/a> f\u00fcr den Tipp!)<\/li>\n<li>Open SCAD, f\u00fcr einfache parametrische Objekte <a href=\"https:\/\/openjscad.org\/\">https:\/\/openjscad.org\/<\/a><\/li>\n<li>FreeCAD, das Open-Source CAD <a href=\"https:\/\/www.freecadweb.org\/\">https:\/\/www.freecadweb.org\/<\/a><\/li>\n<li>N\u00fctzlicher Konfigurator f\u00fcr Kisten <a href=\"https:\/\/www.makercase.com\/\">https:\/\/www.makercase.com\/<\/a><\/li>\n<li>Templatemaker, ein Online Konfigurator f\u00fcr Verpackungs-Schnittmuster <a href=\"https:\/\/www.templatemaker.nl\/de\/\">https:\/\/www.templatemaker.nl\/de\/<\/a><\/li>\n<li>Der Voronator macht eine 3D-Voronoi-Struktur aus Deinem Objekt <a href=\"https:\/\/www.voronator.com\/\">https:\/\/www.voronator.com\/<\/a><\/li>\n<li>Tsugite, ein experimentelles Tool f\u00fcr CNC-Holzverbindungen <a href=\"https:\/\/medium.com\/acm-uist\/updating-the-art-of-joinery-for-the-21st-century-5ae63531c07\">https:\/\/medium.com\/acm-uist\/updating-the-art-of-joinery-for-the-21st-century-5ae63531c07<\/a><\/li>\n<\/ul>\n<p>&nbsp;<\/p>\n<p><strong>Slicing-Programme f\u00fcr 3D-Druck<\/strong> herunterladen:<\/p>\n<ul>\n<li>Slic3r, die erste Wahl der Nerds <a href=\"http:\/\/slic3r.org\/download\">http:\/\/slic3r.org\/download<\/a><\/li>\n<li>Cura, weit verbreitet, mit sch\u00f6nem Interface <a href=\"https:\/\/ultimaker.com\/en\/products\/ultimaker-cura-software\">https:\/\/ultimaker.com\/en\/products\/ultimaker-cura-software<\/a><\/li>\n<\/ul>\n<p>&nbsp;<\/p>\n<p><strong>Teiledateien<\/strong> herunterladen:<\/p>\n<ul>\n<li>thingiverse, Plattform zum Teilen von 3D-Projekten <a href=\"http:\/\/www.thingiverse.com\/\">http:\/\/www.thingiverse.com\/<\/a><\/li>\n<li>3D-Scans von antiken Objekten <a href=\"http:\/\/lincoln3dscans.co.uk\/\">http:\/\/lincoln3dscans.co.uk\/<\/a><\/li>\n<li>3D-Scans des British Museums, London <a href=\"https:\/\/sketchfab.com\/britishmuseum?utm_campaign=e4dd6d342fa044b99732b484985797b6&amp;utm_medium=embed&amp;utm_source=oembed\">https:\/\/sketchfab.com\/britishmuseum<\/a><\/li>\n<li>Noch mehr 3D-Scans von Skulpturen, Projekt &#8222;Scan the World&#8220; <a href=\"https:\/\/www.myminifactory.com\/scantheworld\/\">https:\/\/www.myminifactory.com\/scantheworld\/<\/a><\/li>\n<li>Viele M\u00f6belfirmen stellen CAD-Daten Ihrer Produkte online (f\u00fcr Architekten\/Planerinnen): <a href=\"https:\/\/www.vitra.com\/de-ch\/living\/product\/details\/aluminium-chair-ea-124\">https:\/\/www.vitra.com\/de-ch\/living\/product\/details\/aluminium-chair-ea-124<\/a><\/li>\n<li>Googles Projekt Poly: <a href=\"https:\/\/poly.google.com\/\">https:\/\/poly.google.com\/<\/a><\/li>\n<li>GIF-Animationen von japanischen Holzverbindungen: <a href=\"http:\/\/thejoinery.jp\/\">http:\/\/thejoinery.jp\/<\/a><\/li>\n<li>Digitale Holzverbindungen (C-Labor Offenbach): <a href=\"http:\/\/www.flexiblestream.org\/project\/50-digital-wood-joints\">http:\/\/www.flexiblestream.org\/<\/a><\/li>\n<li>3D-Daten der NASA: <a href=\"https:\/\/nasa3d.arc.nasa.gov\/models\/printable\">https:\/\/nasa3d.arc.nasa.gov\/models\/printable<\/a><\/li>\n<li>Marktplatz f\u00fcr druckbare 3D-Daten: <a href=\"https:\/\/www.myminifactory.com\/\">https:\/\/www.myminifactory.com\/<\/a><\/li>\n<li>Google Poly, offene Objekt-Bibliothek: <a href=\"https:\/\/poly.google.com\/\">https:\/\/poly.google.com\/<\/a><\/li>\n<li>FAB365, Bezahl-Seite mit vielen 4D-Modellen: <a href=\"https:\/\/fab365.net\">https:\/\/fab365.net<\/a><\/li>\n<\/ul>\n<p>&nbsp;<\/p>\n<p><strong>Materialbezugsquellen:<\/strong><\/p>\n<ul>\n<li>Papeterie, K\u00fcnstlerbedarf und Modellbaumaterial in N\u00fcrnberg\n<ul>\n<li><a href=\"http:\/\/www.papierkiste.de\/\">http:\/\/www.papierkiste.de\/<\/a><\/li>\n<\/ul>\n<\/li>\n<\/ul>\n<ul>\n<li>Laserf\u00e4higes Birkensperrholz\n<ul>\n<li><a href=\"http:\/\/sperrholzshop.de\/\">http:\/\/sperrholzshop.de\/<\/a><\/li>\n<li><a href=\"http:\/\/architekturbedarf.de\/\">http:\/\/architekturbedarf.de\/<\/a><\/li>\n<\/ul>\n<\/li>\n<li>Modellbaukarton\n<ul>\n<li><a href=\"http:\/\/modulor.de\/\">http:\/\/modulor.de\/<\/a><\/li>\n<li><a href=\"http:\/\/www.boesner.com\/\">http:\/\/www.boesner.com\/<\/a><\/li>\n<\/ul>\n<\/li>\n<li>3D-Druck-Filamente\n<ul>\n<li><a href=\"http:\/\/igo3d.de\/\">http:\/\/igo3d.de\/<\/a><\/li>\n<li><a href=\"http:\/\/3dk.berlin\/de\/\">http:\/\/3dk.berlin\/de\/<\/a><\/li>\n<li><a href=\"https:\/\/shop.deltatower.ch\/\">https:\/\/shop.deltatower.ch\/<\/a><\/li>\n<li><a href=\"http:\/\/filamentworld.de\/\">http:\/\/filamentworld.de\/<\/a><\/li>\n<\/ul>\n<\/li>\n<li>Modellbaubedarf allgemein\n<ul>\n<li><a href=\"https:\/\/www.fabstore.at\">https:\/\/www.fabstore.at<\/a><\/li>\n<\/ul>\n<\/li>\n<li>Elektronik und Werkzeug:\n<ul>\n<li>https:\/\/www.adafruit.com<\/li>\n<li><a href=\"https:\/\/www.conrad.de\/\">https:\/\/www.conrad.de\/<\/a><\/li>\n<\/ul>\n<\/li>\n<\/ul>\n<p>&nbsp;<\/p>\n<p><strong>Filme<\/strong> \u00fcber Design:<\/p>\n<ul>\n<li><a href=\"https:\/\/dvd.netflix.com\/Movie\/Objectified\/70114976?trkid=1466475&amp;lnkce=mdp-mlink\">&#8222;Objectified&#8220;, 2009<\/a><\/li>\n<li><a href=\"https:\/\/vimeo.com\/dutchprofiles\">&#8222;Dutch Profiles&#8220; auf vimeo<\/a><\/li>\n<li><a href=\"https:\/\/vimeo.com\/12768578\">Kurzfilm &#8222;Full Printed&#8220;<\/a><\/li>\n<li><a href=\"https:\/\/www.stylepark.com\/de\/news\/netflix-abstract\">&#8222;Abstract &#8211; The Art of Design&#8220; auf netflix<\/a><\/li>\n<li><a href=\"https:\/\/vimeo.com\/7917568\">Interview mit Dieter Rams<\/a><\/li>\n<li><a href=\"https:\/\/www.ted.com\/talks\/don_norman_on_design_and_emotion?language=de\">TED-Talk \u00fcber Design und Emotion<\/a><\/li>\n<li><a href=\"http:\/\/www.wired.co.uk\/video\/shenzhen-full-documentary\/\">WiRED-Doku \u00fcber die Maker-Szene in Shenzen<\/a><\/li>\n<li><a href=\"https:\/\/vimeo.com\/201663173\">Adidas Future Craft Speed Factory<\/a><\/li>\n<li><a href=\"https:\/\/d.th-nuernberg.de\/cgo\/zwischenablage\/\">Ikea-Werbung (ASMR\/autonomous sensory meridian response)<\/a><\/li>\n<li><a href=\"https:\/\/www.unit9.com\/project\/fashion-revolution\/\">Social Design: 2-Euro-T-Shirt Vending Machine<\/a><\/li>\n<li><a href=\"https:\/\/vimeo.com\/2611597\">Ciritical Design: Technological Dream Series: No. 1, Robots<\/a><\/li>\n<\/ul>\n<p>&nbsp;<\/p>\n<p><strong>Podcasts<\/strong> \u00fcber Design:<\/p>\n<ul>\n<li><a href=\"https:\/\/www.deutschlandfunkkultur.de\/suchergebnisse.2544.de.html?search%5Bsubmit%5D=1&amp;search%5BwithNews%5D%5B%5D=WithNews&amp;search%5Bword%5D=Serie+%E2%80%9EGestalten%21%E2%80%9C&amp;search%5BresultsPerPage%5D=50&amp;search%5BdateStart%5D=&amp;search%5BdateEnd%5D=30.08.2019&amp;search%5BbroadcastList%5D=DRK-Kompressor\">Serie &#8222;Gestalten!&#8220; vom Deutschlandfunk \u00fcber div. Themen<\/a><\/li>\n<li><a href=\"https:\/\/www.readingdesign.org\/250-things?fbclid=IwAR01HUUPLP3kv10_GXHA-fRnJQtcOm2AJqoSFZkfRuMPIJZmMehcH0bOnlk\">250 Dinge, die ein*e Architekt*in wissen sollte<\/a><\/li>\n<\/ul>\n<p>&nbsp;<\/p>\n<p><strong>Forschung:<\/strong><\/p>\n<ul>\n<li>Prof. Stefanie M\u00fcller (HCI\/MIT): <a href=\"http:\/\/stefaniemueller.org\/\">http:\/\/stefaniemueller.org\/<\/a> und <a href=\"http:\/\/hcie.csail.mit.edu\/fabrication-research\/\">http:\/\/hcie.csail.mit.edu\/fabrication-research\/<\/a><\/li>\n<li>Universal Open Structures: <a href=\"http:\/\/openstructures.net\/\">http:\/\/openstructures.net\/<\/a><\/li>\n<\/ul>\n<ul>\n<li>newcraft.de\n<div class=\"\"><a class=\"\" href=\"http:\/\/jochen-gros.de\/Jochen_Gros\/Newcraft.html\">http:\/\/jochen-gros.de\/Jochen_Gros\/Newcraft.html<\/a><\/div>\n<div class=\"\"><a class=\"\" href=\"http:\/\/www.hfg-offenbach.de\/de\/news\/newcraft#news\">http:\/\/www.hfg-offenbach.de\/de\/news\/newcraft#news<\/a><\/div>\n<\/li>\n<li>DIY-Sneaker (hier an der TH 3D-gedruckt) von Carlotta Wei\u00df: <a href=\"https:\/\/www.youtube.com\/watch?v=zt4xM5zRn-U\">https:\/\/www.youtube.com\/watch?v=zt4xM5zRn-U<\/a><\/li>\n<li>Der Blog von n.e.r.v.o.u.s. System: <a href=\"https:\/\/n-e-r-v-o-u-s.com\/blog\/\">https:\/\/n-e-r-v-o-u-s.com\/blog\/<\/a><\/li>\n<\/ul>\n<p>&nbsp;<\/p>\n<p><strong>2D &gt; 3D <\/strong>(Rigid Origami \/ Industrial Origami \/ Compliant Mechanisms)<strong>:<\/strong><\/p>\n<ul>\n<li>Curved Folding, DIE Website zum Thema, u.a. mit Software-Werkzeugen: <a href=\"http:\/\/www.curvedfolding.com\/\">http:\/\/www.curvedfolding.com\/<\/a><\/li>\n<li>Origami Simulator <a href=\"http:\/\/apps.amandaghassaei.com\/OrigamiSimulator\/\">http:\/\/apps.amandaghassaei.com\/OrigamiSimulator\/<\/a><\/li>\n<li>Rigid Origami <a href=\"https:\/\/joegattas.com\/rigid-origami-toolbox\/\">https:\/\/joegattas.com\/rigid-origami-toolbox\/<\/a><\/li>\n<li>3D Printed Compliant Mechanisms <a href=\"https:\/\/www.youtube.com\/watch?v=PgDJlLqeTdo\">https:\/\/www.youtube.com\/watch?v=PgDJlLqeTdo<\/a><\/li>\n<\/ul>\n<p>&nbsp;<\/p>\n<p>Design-<strong>Blogs<\/strong>:<\/p>\n<ul>\n<li><a href=\"https:\/\/www.dezeen.com\/\">https:\/\/www.dezeen.com\/<\/a><\/li>\n<li><a href=\"https:\/\/design-milk.com\/\">https:\/\/design-milk.com\/<\/a><\/li>\n<li><a href=\"https:\/\/www.designboom.com\/\">https:\/\/www.designboom.com\/<\/a><\/li>\n<li><a href=\"https:\/\/www.core77.com\/\">https:\/\/www.core77.com\/<\/a><\/li>\n<li><a href=\"https:\/\/www.yankodesign.com\">https:\/\/www.yankodesign.com<\/a><\/li>\n<li><a href=\"https:\/\/mashable.com\">https:\/\/mashable.com<\/a><\/li>\n<li><a href=\"http:\/\/www.themethodcase.com\/\">http:\/\/www.themethodcase.com\/<\/a><\/li>\n<li><a href=\"https:\/\/3dprintingindustry.com\/\">https:\/\/3dprintingindustry.com\/<\/a><\/li>\n<li><a href=\"http:\/\/www.fabbaloo.com\/\">http:\/\/www.fabbaloo.com\/<\/a><\/li>\n<li><a href=\"https:\/\/www.instagram.com\/p\/CHzuPAyA8FC\/\">Blog der Studierenden der Akademie Eindhoven<\/a><\/li>\n<\/ul>\n<p>&nbsp;<\/p>\n<p><strong>Vor-Ort Fabrikation und Verkauf:<br \/>\n<\/strong><\/p>\n<ul>\n<li>Unto This Last, M\u00f6belladen London: <a href=\"https:\/\/www.untothislast.co.uk\/\">https:\/\/www.untothislast.co.uk\/<\/a>\n<ul>\n<li><a href=\"https:\/\/c-r-e-8.nl\/\">CRE8, Laserladen in Amsterdam<\/a><\/li>\n<\/ul>\n<\/li>\n<\/ul>\n<p><strong>Designvermittlung und -geschichte:<br \/>\n<\/strong><\/p>\n<ul>\n<li><a href=\"http:\/\/thinking-design.de\/\">http:\/\/thinking-design.de\/<\/a><\/li>\n<li><a href=\"http:\/\/www.designwissen.net\/\">http:\/\/www.designwissen.net\/<\/a><\/li>\n<li><a href=\"http:\/\/www.designcritics.org\/\">http:\/\/www.designcritics.org\/<\/a><\/li>\n<li><a href=\"https:\/\/www.design-is-fine.org\/\">https:\/\/www.design-is-fine.org\/<\/a><\/li>\n<li><a href=\"https:\/\/app.designpilot.io\/lexicon\">Coburger Designpilot &#8211; Exzellente Methodensammlung von Prof. Wolfgang Schabbach<\/a><\/li>\n<li>Artikelserie zur Geschichte des Automobildesigns von Prof. Caspers <a href=\"http:\/\/markus-caspers.de\/folge-1-am-anfang-war-nichts\/\">http:\/\/markus-caspers.de\/folge-1-am-anfang-war-nichts\/<\/a><\/li>\n<li>Ebenso zur Geschichte des Automobildesigns <a href=\"https:\/\/www.bpb.de\/apuz\/298751\/zwischen-funktion-und-aesthetik?p=all\">https:\/\/www.bpb.de\/apuz\/298751\/zwischen-funktion-und-aesthetik?p=all<\/a><\/li>\n<\/ul>\n<p>&nbsp;<\/p>\n<p>&nbsp;<\/p>\n<p><strong>Museen:<\/strong><\/p>\n<ul>\n<li>e-Museum des Museums f\u00fcr Gestaltung, Z\u00fcrich <a href=\"https:\/\/www.emuseum.ch\">https:\/\/www.emuseum.ch<\/a><\/li>\n<li>Online-Sammlung des MoMA, New York <a href=\"https:\/\/www.moma.org\/collection\/\">https:\/\/www.moma.org\/collection\/<\/a><\/li>\n<\/ul>\n<p>&nbsp;<\/p>\n<p><strong>Designtheorie:<\/strong><\/p>\n<ul>\n<li>&#8222;Design als Produktsprache: der Offenbacher Ansatz in Theorie und Praxis&#8220; von Dagmar Steffen als PDF-Download (da vergriffen): <a href=\"http:\/\/www.academia.edu\/8618165\/Design_als_Produktsprache._Der_Offenbacher_Ansatz_in_Theorie_und_Praxis\">http:\/\/www.academia.edu\/8618165\/Design_als_Produktsprache._Der_Offenbacher_Ansatz_in_Theorie_und_Praxis<\/a><\/li>\n<li>&#8222;Designwissenschaft und Designforschung&#8220; u.a. von Philip Zerweck, N\u00fcrnberg: <a href=\"https:\/\/d.th-nuernberg.de\/cgo\/wp-content\/uploads\/sites\/14\/2018\/04\/Designwissenschaft_Designforschung_HSLU_DK_2010.pdf\">Designwissenschaft_Designforschung_HSLU_DK_2010<\/a><\/li>\n<\/ul>\n<p>&nbsp;<\/p>\n<p><strong>Designl\u00e4den und -datenbanken:<\/strong><\/p>\n<ul>\n<li><a href=\"https:\/\/store.wallpaper.com\">Online Store des Magazins Wallpaper<\/a><\/li>\n<li><a href=\"https:\/\/www.magazin.com\/\">Das Magazin (manufactum)<\/a><\/li>\n<li><a href=\"https:\/\/www.architonic.com\/en\">Architonic<\/a><\/li>\n<li><a href=\"https:\/\/www.stylepark.com\/de\/\">Stylepark<\/a><\/li>\n<li><a href=\"https:\/\/www.skandium.com\/\">Skandium<\/a><\/li>\n<\/ul>\n","protected":false},"excerpt":{"rendered":"<p>Anlaufstellen und fachverwandte Studienbereiche: Digitales Entwerfen &amp; Gestalten, TH N\u00fcrnberg Architektur Ohm-CMP, Institut f\u00fcr Produktentwicklung, TH N\u00fcrnberg Labor Fertigungstechnik, Fakult\u00e4t EFI Labor Silikatkeramik, Fakult\u00e4t Werkstofftechnik Studiengang Media Engineering Gr\u00fcndungsberatung f\u00fcr Start-Ups &nbsp; Softwaredownloads f\u00fcr Studierende der TH N\u00fcrnberg: https:\/\/intern.ohmportal.de\/institutionen\/rechenzentrum\/hard-software\/ (via Intranet oder VPN) &nbsp; 3D-CAD-Software Fusion360 (Mac &amp; PC, umsonst): Link zur Studierenden-Edition Erste Schritte&hellip;<\/p>\n","protected":false},"author":14,"featured_media":0,"parent":0,"menu_order":0,"comment_status":"closed","ping_status":"closed","template":"","meta":{"jetpack_post_was_ever_published":false,"footnotes":""},"class_list":["post-162","page","type-page","status-publish","hentry","empty-entry-meta"],"jetpack_sharing_enabled":true,"jetpack_shortlink":"https:\/\/wp.me\/P8nm4h-2C","_links":{"self":[{"href":"https:\/\/d.th-nuernberg.de\/cgo\/wp-json\/wp\/v2\/pages\/162","targetHints":{"allow":["GET"]}}],"collection":[{"href":"https:\/\/d.th-nuernberg.de\/cgo\/wp-json\/wp\/v2\/pages"}],"about":[{"href":"https:\/\/d.th-nuernberg.de\/cgo\/wp-json\/wp\/v2\/types\/page"}],"author":[{"embeddable":true,"href":"https:\/\/d.th-nuernberg.de\/cgo\/wp-json\/wp\/v2\/users\/14"}],"replies":[{"embeddable":true,"href":"https:\/\/d.th-nuernberg.de\/cgo\/wp-json\/wp\/v2\/comments?post=162"}],"version-history":[{"count":108,"href":"https:\/\/d.th-nuernberg.de\/cgo\/wp-json\/wp\/v2\/pages\/162\/revisions"}],"predecessor-version":[{"id":1947,"href":"https:\/\/d.th-nuernberg.de\/cgo\/wp-json\/wp\/v2\/pages\/162\/revisions\/1947"}],"wp:attachment":[{"href":"https:\/\/d.th-nuernberg.de\/cgo\/wp-json\/wp\/v2\/media?parent=162"}],"curies":[{"name":"wp","href":"https:\/\/api.w.org\/{rel}","templated":true}]}}