{"id":1314,"date":"2020-02-18T10:34:14","date_gmt":"2020-02-18T09:34:14","guid":{"rendered":"https:\/\/d.th-nuernberg.de\/cgo\/?page_id=1314"},"modified":"2021-06-23T16:26:39","modified_gmt":"2021-06-23T14:26:39","slug":"material-prozessarchiv","status":"publish","type":"page","link":"https:\/\/d.th-nuernberg.de\/cgo\/material-prozessarchiv\/","title":{"rendered":"Material- &amp; Prozessarchiv"},"content":{"rendered":"<p><img fetchpriority=\"high\" decoding=\"async\" class=\"alignnone size-large wp-image-1968\" src=\"https:\/\/d.th-nuernberg.de\/cgo\/wp-content\/uploads\/sites\/14\/2021\/06\/yves_Schaukaesten1_1_k-1024x683.jpg\" alt=\"\" width=\"840\" height=\"560\" srcset=\"https:\/\/d.th-nuernberg.de\/cgo\/wp-content\/uploads\/sites\/14\/2021\/06\/yves_Schaukaesten1_1_k-1024x683.jpg 1024w, https:\/\/d.th-nuernberg.de\/cgo\/wp-content\/uploads\/sites\/14\/2021\/06\/yves_Schaukaesten1_1_k-300x200.jpg 300w, https:\/\/d.th-nuernberg.de\/cgo\/wp-content\/uploads\/sites\/14\/2021\/06\/yves_Schaukaesten1_1_k-768x512.jpg 768w, https:\/\/d.th-nuernberg.de\/cgo\/wp-content\/uploads\/sites\/14\/2021\/06\/yves_Schaukaesten1_1_k-1536x1024.jpg 1536w, https:\/\/d.th-nuernberg.de\/cgo\/wp-content\/uploads\/sites\/14\/2021\/06\/yves_Schaukaesten1_1_k-800x533.jpg 800w, https:\/\/d.th-nuernberg.de\/cgo\/wp-content\/uploads\/sites\/14\/2021\/06\/yves_Schaukaesten1_1_k-270x180.jpg 270w, https:\/\/d.th-nuernberg.de\/cgo\/wp-content\/uploads\/sites\/14\/2021\/06\/yves_Schaukaesten1_1_k.jpg 1800w\" sizes=\"(max-width: 840px) 100vw, 840px\" \/><\/p>\n<div class=\"page\" title=\"Page 1\">\n<div class=\"section\">\n<div class=\"layoutArea\">\n<div class=\"column\">\n<p><strong>\u201cInformierte Materialien\u201d<\/strong><br \/>\nEine haptische Prozess- und Materialdatenbank fu\u0308r die TH Nu\u0308rnberg, mit einem Schwerpunkt auf digitale und hybride Herstellungsprozesse<\/p>\n<p><strong>Vorhaben: <\/strong>Aufbau einer hochschulweiten, vernetzten Mustersammlung fu\u0308r Materialien, Halbzeuge und Beispielteilen von Verarbeitungsprozessen zur Unterstu\u0308tzung der anwendungsbezogenen Lehre im Bachelor- und Masterstudium, sowie zur Abbildung neuer Entwicklungen aus der Forschung und Industrie.<\/p>\n<p><strong>Ausgangslage:<\/strong> An der TH Nu\u0308rnberg ist eine Vielzahl von Forschungsaboren angesiedelt, die die ganze Bandbreite wissenschaflichen Arbeitens unterstu\u0308tzen und abbilden. Diese Labore sind fu\u0308r Studierende und Forschende des betreffenden Fachbereiches gut erreichbar, oder u\u0308ber eine Webseite auffindbar; oft gibt es auch Musterka\u0308sten. Eine fachbereichsu\u0308bergreifende Suche erfodert relativ genaues Wissen daru\u0308ber, was gesucht wird und ist fu\u0308r Studienanfa\u0308ngerInnen oder Fachfremde weniger zuga\u0308nglich.<\/p>\n<p>Digitale Bearbeitungsverfahren (Stichwort 3D-Drucken, Laserschneiden) erlauben eine punktgenaue Materialbearbeitung in bisher nicht gekannter Qualita\u0308t. Durch die Kombination von Ausgangsmaterial und durch die Bearbeitung eingebrachter Information entstehen so Bauteile mit neuen Materialeigenschaften (Flexibilita\u0308t, Lichtdurchla\u0308ssigkeit). Deren Eigenheiten lassen sich durch greifbare Beispielteile besonders gut und intuitiv erfassen.<\/p>\n<p><strong>Wissen als Grundlage fu\u0308r Innovation:<\/strong> Nicht nur im Zusammenhang mit aktuellem Kreislaufdenken (cradle-to-cradle) scheint ein neuer und sorgfa\u0308ltiger Blick auf die Materialwelt wichtig: gerade auch im Hinblick auf den Innovationsdruck, der auf in einem globalen Kontext agierenden KMU lastet, ist es nicht nur im u\u0308bertragenen Sinne notwendig, das Meiste aus dem Vorhandenen herauszuholen. Es zeigt sich, dass gerade in fru\u0308hen Projektphasen, wo verschiedene Ansa\u0308tze gepru\u0308ft werden, ein niederschwelliger, unkomplizierter Zugang zu Materialmustern, Verarbeitungsproben und Beispielteilen den zu\u0308ndenden Funken fu\u0308r eine elegante Idee liefern kann.<\/p>\n<p><strong>Ausblick:<\/strong> Nach der erfolgreichen Umsetzung einer ersten, exemplarischen Mustersammlung mit erg\u00e4nzenden Informationen k\u00f6nnten diese \u00fcber einen NF-Chip mit einer Datenbank verbunden werden, nach dem Vorbild von <a href=\"http:\/\/www.materialarchiv.ch\">www.materialarchiv.ch<\/a>. Mit einem Lesegera\u0308t kann der zum Muster geho\u0308rende Datensatz ausgelesen werden, oder er kann separat via Internet recherchiert werden.<\/p>\n<\/div>\n<\/div>\n<p>Das Projekt wurde 2017 initiiert und durch das &#8222;Gute Ideen f\u00fcr die Lehre&#8220;-Programm der TH N\u00fcrnberg unterst\u00fctzt.<\/p>\n<div class=\"layoutArea\">\n<div class=\"column\">\n<p><strong>Vielen Dank<\/strong> an Naomi Saka und Janina Tauchnitz f\u00fcr die Aufbereitung der Musterteile, an Moritz Schubert f\u00fcr die Mithilfe im 3D-Druck-Labor und an Florian Resch f\u00fcr Gestaltung und Layout der Schauk\u00e4sten und der Publikation. Und ein besonderer Dank an Matthias M\u00fchlhausen f\u00fcr die tollen Fotos!<\/p>\n<\/div>\n<\/div>\n<\/div>\n<\/div>\n<p>&nbsp;<\/p>\n<p>Download der Brosch\u00fcre: <a href=\"https:\/\/d.th-nuernberg.de\/cgo\/wp-content\/uploads\/sites\/14\/2021\/06\/210623_InformierteMaterialien_web.pdf\">210623_InformierteMaterialien_web<\/a><\/p>\n<p>&nbsp;<\/p>\n<p><img decoding=\"async\" class=\"alignnone size-large wp-image-1969\" src=\"https:\/\/d.th-nuernberg.de\/cgo\/wp-content\/uploads\/sites\/14\/2021\/06\/Schaukasten_001-683x1024.jpg\" alt=\"\" width=\"683\" height=\"1024\" srcset=\"https:\/\/d.th-nuernberg.de\/cgo\/wp-content\/uploads\/sites\/14\/2021\/06\/Schaukasten_001-683x1024.jpg 683w, https:\/\/d.th-nuernberg.de\/cgo\/wp-content\/uploads\/sites\/14\/2021\/06\/Schaukasten_001-200x300.jpg 200w, https:\/\/d.th-nuernberg.de\/cgo\/wp-content\/uploads\/sites\/14\/2021\/06\/Schaukasten_001-768x1152.jpg 768w, https:\/\/d.th-nuernberg.de\/cgo\/wp-content\/uploads\/sites\/14\/2021\/06\/Schaukasten_001-1024x1536.jpg 1024w, https:\/\/d.th-nuernberg.de\/cgo\/wp-content\/uploads\/sites\/14\/2021\/06\/Schaukasten_001-800x1200.jpg 800w, https:\/\/d.th-nuernberg.de\/cgo\/wp-content\/uploads\/sites\/14\/2021\/06\/Schaukasten_001-120x180.jpg 120w, https:\/\/d.th-nuernberg.de\/cgo\/wp-content\/uploads\/sites\/14\/2021\/06\/Schaukasten_001.jpg 1365w\" sizes=\"(max-width: 683px) 100vw, 683px\" \/><\/p>\n<p>Die Musterteile k\u00f6nnen einfach aus den K\u00e4sten genommen und haptisch erkundet werden. Im Begleitheft sind Informationen zu den einzelnen Teilen aufgef\u00fchrt.<\/p>\n<p><img decoding=\"async\" class=\"alignnone size-large wp-image-1970\" src=\"https:\/\/d.th-nuernberg.de\/cgo\/wp-content\/uploads\/sites\/14\/2021\/06\/Schaukasten_005-683x1024.jpg\" alt=\"\" width=\"683\" height=\"1024\" srcset=\"https:\/\/d.th-nuernberg.de\/cgo\/wp-content\/uploads\/sites\/14\/2021\/06\/Schaukasten_005-683x1024.jpg 683w, https:\/\/d.th-nuernberg.de\/cgo\/wp-content\/uploads\/sites\/14\/2021\/06\/Schaukasten_005-200x300.jpg 200w, https:\/\/d.th-nuernberg.de\/cgo\/wp-content\/uploads\/sites\/14\/2021\/06\/Schaukasten_005-768x1152.jpg 768w, https:\/\/d.th-nuernberg.de\/cgo\/wp-content\/uploads\/sites\/14\/2021\/06\/Schaukasten_005-1024x1536.jpg 1024w, https:\/\/d.th-nuernberg.de\/cgo\/wp-content\/uploads\/sites\/14\/2021\/06\/Schaukasten_005-800x1200.jpg 800w, https:\/\/d.th-nuernberg.de\/cgo\/wp-content\/uploads\/sites\/14\/2021\/06\/Schaukasten_005-120x180.jpg 120w, https:\/\/d.th-nuernberg.de\/cgo\/wp-content\/uploads\/sites\/14\/2021\/06\/Schaukasten_005.jpg 1365w\" sizes=\"(max-width: 683px) 100vw, 683px\" \/><\/p>\n<p>Die Schauk\u00e4sten beinhalten vor allem 3D-gedruckte Musterteile und sind in die Themen &#8222;Giessformen&#8220;, &#8222;Flexible Strukturen&#8220; und &#8222;Texturen&#8220; unterteilt.<\/p>\n<p>&nbsp;<\/p>\n<p>&nbsp;<\/p>\n<p>&nbsp;<\/p>\n<p>&nbsp;<\/p>\n<p>&nbsp;<\/p>\n<p>&nbsp;<\/p>\n","protected":false},"excerpt":{"rendered":"<p>\u201cInformierte Materialien\u201d Eine haptische Prozess- und Materialdatenbank fu\u0308r die TH Nu\u0308rnberg, mit einem Schwerpunkt auf digitale und hybride Herstellungsprozesse Vorhaben: Aufbau einer hochschulweiten, vernetzten Mustersammlung fu\u0308r Materialien, Halbzeuge und Beispielteilen von Verarbeitungsprozessen zur Unterstu\u0308tzung der anwendungsbezogenen Lehre im Bachelor- und Masterstudium, sowie zur Abbildung neuer Entwicklungen aus der Forschung und Industrie. Ausgangslage: An der TH&hellip;<\/p>\n","protected":false},"author":14,"featured_media":1973,"parent":0,"menu_order":0,"comment_status":"closed","ping_status":"closed","template":"","meta":{"jetpack_post_was_ever_published":false,"footnotes":""},"class_list":["post-1314","page","type-page","status-publish","has-post-thumbnail","hentry","empty-entry-meta"],"jetpack_sharing_enabled":true,"jetpack_shortlink":"https:\/\/wp.me\/P8nm4h-lc","_links":{"self":[{"href":"https:\/\/d.th-nuernberg.de\/cgo\/wp-json\/wp\/v2\/pages\/1314","targetHints":{"allow":["GET"]}}],"collection":[{"href":"https:\/\/d.th-nuernberg.de\/cgo\/wp-json\/wp\/v2\/pages"}],"about":[{"href":"https:\/\/d.th-nuernberg.de\/cgo\/wp-json\/wp\/v2\/types\/page"}],"author":[{"embeddable":true,"href":"https:\/\/d.th-nuernberg.de\/cgo\/wp-json\/wp\/v2\/users\/14"}],"replies":[{"embeddable":true,"href":"https:\/\/d.th-nuernberg.de\/cgo\/wp-json\/wp\/v2\/comments?post=1314"}],"version-history":[{"count":5,"href":"https:\/\/d.th-nuernberg.de\/cgo\/wp-json\/wp\/v2\/pages\/1314\/revisions"}],"predecessor-version":[{"id":1975,"href":"https:\/\/d.th-nuernberg.de\/cgo\/wp-json\/wp\/v2\/pages\/1314\/revisions\/1975"}],"wp:featuredmedia":[{"embeddable":true,"href":"https:\/\/d.th-nuernberg.de\/cgo\/wp-json\/wp\/v2\/media\/1973"}],"wp:attachment":[{"href":"https:\/\/d.th-nuernberg.de\/cgo\/wp-json\/wp\/v2\/media?parent=1314"}],"curies":[{"name":"wp","href":"https:\/\/api.w.org\/{rel}","templated":true}]}}