{"id":6,"date":"2015-02-23T09:20:57","date_gmt":"2015-02-23T09:20:57","guid":{"rendered":"https:\/\/d.th-nuernberg.de\/cgi\/?page_id=6"},"modified":"2017-06-29T08:20:42","modified_gmt":"2017-06-29T08:20:42","slug":"willkommen","status":"publish","type":"page","link":"https:\/\/d.th-nuernberg.de\/cgi\/","title":{"rendered":"Willkommen"},"content":{"rendered":"<p>CGI, Computer Generated Imaging, ist eine neue Technik Bilder zu generieren, zumeist in Bezug zum fotografischen Abbild. CGI gibt uns die Chance neue Bildwelten zu erschlie\u00dfen sowie abstrakte Inhalte, Vorstellungen und Visionen zu formulieren. Dieses Darstellungsverfahren der fotorealistischen Visualisierung er\u00f6ffnet uns ungeahnte M\u00f6glichkeiten. Es verbindet die klassische Fotografie mit neuen 3D-Darstellungsverfahren. Es geht nicht um den Wettbewerb mit dem Medium Fotografie, sondern um die M\u00f6glichkeit, das bisherige fotografische Verfahren zu erweitern. Diesem Verfahren geh\u00f6rt die Zukunft \u00fcberall dort, wo es darum geht, 3D-Daten zu visualisieren und abstrakte Bildideen umzusetzen. CGI beeinflusst bereits stark die werbliche Kommunikation der Gegenwart und l\u00e4sst weiteres Zukunftspotenzial sowohl im angewandten, als auch im k\u00fcnstlerischen Bereich erkennen.<\/p>\n","protected":false},"excerpt":{"rendered":"<p>CGI, Computer Generated Imaging, ist eine neue Technik Bilder zu generieren, zumeist in Bezug zum fotografischen Abbild. CGI gibt uns die Chance neue Bildwelten zu erschlie\u00dfen sowie abstrakte Inhalte, Vorstellungen und Visionen zu formulieren. Dieses Darstellungsverfahren der fotorealistischen Visualisierung er\u00f6ffnet uns ungeahnte M\u00f6glichkeiten. Es verbindet die klassische Fotografie mit neuen 3D-Darstellungsverfahren. Es geht nicht um&hellip;<\/p>\n","protected":false},"author":8,"featured_media":0,"parent":0,"menu_order":0,"comment_status":"closed","ping_status":"closed","template":"page-templates\/portfolio-page.php","meta":{"jetpack_post_was_ever_published":false,"footnotes":""},"class_list":["post-6","page","type-page","status-publish","hentry","empty-entry-meta"],"jetpack_sharing_enabled":true,"jetpack_shortlink":"https:\/\/wp.me\/P5NilJ-6","_links":{"self":[{"href":"https:\/\/d.th-nuernberg.de\/cgi\/wp-json\/wp\/v2\/pages\/6","targetHints":{"allow":["GET"]}}],"collection":[{"href":"https:\/\/d.th-nuernberg.de\/cgi\/wp-json\/wp\/v2\/pages"}],"about":[{"href":"https:\/\/d.th-nuernberg.de\/cgi\/wp-json\/wp\/v2\/types\/page"}],"author":[{"embeddable":true,"href":"https:\/\/d.th-nuernberg.de\/cgi\/wp-json\/wp\/v2\/users\/8"}],"replies":[{"embeddable":true,"href":"https:\/\/d.th-nuernberg.de\/cgi\/wp-json\/wp\/v2\/comments?post=6"}],"version-history":[{"count":10,"href":"https:\/\/d.th-nuernberg.de\/cgi\/wp-json\/wp\/v2\/pages\/6\/revisions"}],"predecessor-version":[{"id":188,"href":"https:\/\/d.th-nuernberg.de\/cgi\/wp-json\/wp\/v2\/pages\/6\/revisions\/188"}],"wp:attachment":[{"href":"https:\/\/d.th-nuernberg.de\/cgi\/wp-json\/wp\/v2\/media?parent=6"}],"curies":[{"name":"wp","href":"https:\/\/api.w.org\/{rel}","templated":true}]}}